{"id":14247,"date":"2026-01-13T11:49:09","date_gmt":"2026-01-13T10:49:09","guid":{"rendered":"https:\/\/ungaornar.se\/get-involved\/"},"modified":"2026-01-19T12:31:10","modified_gmt":"2026-01-19T11:31:10","slug":"get-involved","status":"publish","type":"page","link":"https:\/\/ungaornar.se\/en\/get-involved\/","title":{"rendered":"Get involved"},"content":{"rendered":"<div class=\"hero w-full height-small\">      <section class=\"hero-inner is-center\">\n        <img decoding=\"async\" class=\"hero-media\" src=\"https:\/\/ungaornar.se\/wp-content\/uploads\/2026\/01\/Jamlika-barn-leka-bast-2.jpg\" alt=\"\" loading=\"lazy\" \/>        <div class=\"hero-overlay\" aria-hidden=\"true\"><\/div>\n\n        <div class=\"hero-content\">\n          <div class=\"hero-text\">\n                          <h1 class=\"hero-heading\">Get involved<\/h1>\n                                  <\/div>\n        <\/div>\n\n              <\/section>\n    <\/div>\n<div class=\"wp-block-columns mt-8 w-full px-4 is-layout-flex wp-container-core-columns-is-layout-28f84493 wp-block-columns-is-layout-flex\">\n<div class=\"wp-block-column mx-auto xl:max-w-7xl is-layout-flow wp-block-column-is-layout-flow\"><div class=\"block-container mx-auto xl:max-w-7xl\"><div class=\"block-container__inner has-bg bg-brandDarkBlue padding-small heading-barnsligt heading-small is-rounded\">\n<div class=\"banner mx-auto xl:max-w-7xl\">      <div class=\"banner\">\n        <div class=\"banner__inner no-image\">\n\n          \n          <div class=\"banner__content\">\n                          <h2 class=\"banner__heading\">Leader<\/h2>\n            \n                          <div class=\"banner__text\">\n                <p>Unga \u00d6rnar is built on commitment. As a volunteer, you can, among other things, start your own activity group (department) or support existing activities. You can be a leader at camps or help out by volunteering at other events.<\/p>\n              <\/div>\n            \n                          <div class=\"banner__cta\">\n                <a\n                  class=\"banner__link\"\n                  href=\"https:\/\/form.jotform.com\/Unga_Ornar\/engagera-dig\"\n                  target=\"\"\n                                  >\n                  Become a leader                <\/a>\n              <\/div>\n                      <\/div>\n\n        <\/div>\n      <\/div>\n    <\/div>\n<\/div><\/div><\/div>\n\n\n\n<div class=\"wp-block-column mx-auto xl:max-w-7xl is-layout-flow wp-block-column-is-layout-flow\"><div class=\"block-container mx-auto xl:max-w-7xl\"><div class=\"block-container__inner has-bg bg-brandDarkGreen padding-small heading-barnsligt heading-small is-rounded\">\n<div class=\"banner mx-auto xl:max-w-7xl\">      <div class=\"banner\">\n        <div class=\"banner__inner no-image\">\n\n          \n          <div class=\"banner__content\">\n                          <h2 class=\"banner__heading\">Elected official<\/h2>\n            \n                          <div class=\"banner__text\">\n                <p>As an elected official in Unga \u00d6rnar, you are a role model for the children and young people we work with and an important force in the work for an equal childhood \u2013 all children have the right to have fun! You make it possible for us to create more activities and reach more people. Equal children have the most fun!<\/p>\n              <\/div>\n            \n                          <div class=\"banner__cta\">\n                <a\n                  class=\"banner__link\"\n                  href=\"https:\/\/form.jotform.com\/Unga_Ornar\/engagera-dig\"\n                  target=\"\"\n                                  >\n                  Become an elected official                <\/a>\n              <\/div>\n                      <\/div>\n\n        <\/div>\n      <\/div>\n    <\/div>\n<\/div><\/div><\/div>\n\n\n\n<div class=\"wp-block-column mx-auto xl:max-w-7xl is-layout-flow wp-block-column-is-layout-flow\"><div class=\"block-container mx-auto xl:max-w-7xl\"><div class=\"block-container__inner has-bg bg-brandDarkYellow padding-small heading-barnsligt heading-small is-rounded\">\n<div class=\"banner mx-auto xl:max-w-7xl\">      <div class=\"banner\">\n        <div class=\"banner__inner no-image\">\n\n          \n          <div class=\"banner__content\">\n                          <h2 class=\"banner__heading\">Start an activity<\/h2>\n            \n                          <div class=\"banner__text\">\n                <p>Do you want to create a place where children and young people can be themselves, have fun and feel that their voices are heard? By starting an activity in Unga \u00d6rnar, you are helping to build a safe community, meaningful leisure time and real influence where it is most needed.<\/p>\n              <\/div>\n            \n                          <div class=\"banner__cta\">\n                <a\n                  class=\"banner__link\"\n                  href=\"https:\/\/form.jotform.com\/Unga_Ornar\/engagera-dig\"\n                  target=\"\"\n                                  >\n                  Start an activity                 <\/a>\n              <\/div>\n                      <\/div>\n\n        <\/div>\n      <\/div>\n    <\/div>\n<\/div><\/div><\/div>\n<\/div>\n<div class=\"block-container px-4 xl:max-w-7xl xl:mx-auto\"><div class=\"block-container__inner has-bg bg-brandRed padding-small heading-barnsligt heading-large is-rounded\">\n<div class=\"banner w-full px-4\">      <div class=\"banner\">\n        <div class=\"banner__inner has-image\">\n\n                      <div class=\"banner__media aspect-square overflow-hidden\">\n              <img\n                class=\"h-full w-full object-cover\"\n                src=\"https:\/\/ungaornar.se\/wp-content\/uploads\/2026\/01\/Engagera-dig.png\"\n                alt=\"\"\n                loading=\"lazy\"\n                decoding=\"async\"\n              \/>\n            <\/div>\n          \n          <div class=\"banner__content\">\n                          <h2 class=\"banner__heading\">Why should you get involved?<\/h2>\n            \n                          <div class=\"banner__text\">\n                <p>To get involved in Unga \u00d6rnar is to be involved in making a real difference. With us, children and young people do not just participate. They get to influence, take space and shape their own everyday lives. We believe in the power of children, their ideas and their right to be listened to, and we build activities where safety, community and optimism are central.   <\/p>\n<p>In Unga \u00d6rnar, we create fun and meaningful leisure activities, but we do more than that. We learn democracy by using it, stand up for equality and children&#8217;s rights and show that commitment can change society. Everyone is welcome here on the same terms.  <\/p>\n<p>When you get involved in Unga \u00d6rnar, you become part of a movement that always stands on the children&#8217;s side. Together we build community, courage and future and show that a better world is not something you wait for, but something you create.<\/p>\n              <\/div>\n            \n                      <\/div>\n\n        <\/div>\n      <\/div>\n    <\/div>\n<\/div><\/div>","protected":false},"excerpt":{"rendered":"","protected":false},"author":5,"featured_media":0,"parent":0,"menu_order":0,"comment_status":"closed","ping_status":"closed","template":"","meta":{"_acf_changed":false,"footnotes":""},"class_list":["post-14247","page","type-page","status-publish","hentry"],"acf":[],"yoast_head":"<!-- This site is optimized with the Yoast SEO plugin v27.4 - https:\/\/yoast.com\/product\/yoast-seo-wordpress\/ -->\n<title>Get involved &#8211; Unga \u00d6rnar<\/title>\n<meta name=\"robots\" content=\"index, follow, max-snippet:-1, max-image-preview:large, max-video-preview:-1\" \/>\n<link rel=\"canonical\" href=\"https:\/\/ungaornar.se\/en\/get-involved\/\" \/>\n<meta property=\"og:locale\" content=\"en_US\" \/>\n<meta property=\"og:type\" content=\"article\" \/>\n<meta property=\"og:title\" content=\"Get involved &#8211; Unga \u00d6rnar\" \/>\n<meta property=\"og:url\" content=\"https:\/\/ungaornar.se\/en\/get-involved\/\" \/>\n<meta property=\"og:site_name\" content=\"Unga \u00d6rnar\" \/>\n<meta property=\"article:publisher\" content=\"http:\/\/facebook.com\/ungaornar\/\" \/>\n<meta property=\"article:modified_time\" content=\"2026-01-19T11:31:10+00:00\" \/>\n<script type=\"application\/ld+json\" class=\"yoast-schema-graph\">{\"@context\":\"https:\\\/\\\/schema.org\",\"@graph\":[{\"@type\":\"WebPage\",\"@id\":\"https:\\\/\\\/ungaornar.se\\\/en\\\/get-involved\\\/\",\"url\":\"https:\\\/\\\/ungaornar.se\\\/en\\\/get-involved\\\/\",\"name\":\"Get involved &#8211; Unga \u00d6rnar\",\"isPartOf\":{\"@id\":\"https:\\\/\\\/ungaornar.se\\\/en\\\/#website\"},\"datePublished\":\"2026-01-13T10:49:09+00:00\",\"dateModified\":\"2026-01-19T11:31:10+00:00\",\"breadcrumb\":{\"@id\":\"https:\\\/\\\/ungaornar.se\\\/en\\\/get-involved\\\/#breadcrumb\"},\"inLanguage\":\"en-US\",\"potentialAction\":[{\"@type\":\"ReadAction\",\"target\":[\"https:\\\/\\\/ungaornar.se\\\/en\\\/get-involved\\\/\"]}]},{\"@type\":\"BreadcrumbList\",\"@id\":\"https:\\\/\\\/ungaornar.se\\\/en\\\/get-involved\\\/#breadcrumb\",\"itemListElement\":[{\"@type\":\"ListItem\",\"position\":1,\"name\":\"Hem\",\"item\":\"https:\\\/\\\/ungaornar.se\\\/en\\\/\"},{\"@type\":\"ListItem\",\"position\":2,\"name\":\"Get involved\"}]},{\"@type\":\"WebSite\",\"@id\":\"https:\\\/\\\/ungaornar.se\\\/en\\\/#website\",\"url\":\"https:\\\/\\\/ungaornar.se\\\/en\\\/\",\"name\":\"Unga \u00d6rnar\",\"description\":\"J\u00e4mlika barn leka b\u00e4st!\",\"alternateName\":\"Unga \u00d6rnars Riksf\u00f6rbund\",\"potentialAction\":[{\"@type\":\"SearchAction\",\"target\":{\"@type\":\"EntryPoint\",\"urlTemplate\":\"https:\\\/\\\/ungaornar.se\\\/en\\\/?s={search_term_string}\"},\"query-input\":{\"@type\":\"PropertyValueSpecification\",\"valueRequired\":true,\"valueName\":\"search_term_string\"}}],\"inLanguage\":\"en-US\"}]}<\/script>\n<!-- \/ Yoast SEO plugin. -->","yoast_head_json":{"title":"Get involved &#8211; Unga \u00d6rnar","robots":{"index":"index","follow":"follow","max-snippet":"max-snippet:-1","max-image-preview":"max-image-preview:large","max-video-preview":"max-video-preview:-1"},"canonical":"https:\/\/ungaornar.se\/en\/get-involved\/","og_locale":"en_US","og_type":"article","og_title":"Get involved &#8211; Unga \u00d6rnar","og_url":"https:\/\/ungaornar.se\/en\/get-involved\/","og_site_name":"Unga \u00d6rnar","article_publisher":"http:\/\/facebook.com\/ungaornar\/","article_modified_time":"2026-01-19T11:31:10+00:00","schema":{"@context":"https:\/\/schema.org","@graph":[{"@type":"WebPage","@id":"https:\/\/ungaornar.se\/en\/get-involved\/","url":"https:\/\/ungaornar.se\/en\/get-involved\/","name":"Get involved &#8211; Unga \u00d6rnar","isPartOf":{"@id":"https:\/\/ungaornar.se\/en\/#website"},"datePublished":"2026-01-13T10:49:09+00:00","dateModified":"2026-01-19T11:31:10+00:00","breadcrumb":{"@id":"https:\/\/ungaornar.se\/en\/get-involved\/#breadcrumb"},"inLanguage":"en-US","potentialAction":[{"@type":"ReadAction","target":["https:\/\/ungaornar.se\/en\/get-involved\/"]}]},{"@type":"BreadcrumbList","@id":"https:\/\/ungaornar.se\/en\/get-involved\/#breadcrumb","itemListElement":[{"@type":"ListItem","position":1,"name":"Hem","item":"https:\/\/ungaornar.se\/en\/"},{"@type":"ListItem","position":2,"name":"Get involved"}]},{"@type":"WebSite","@id":"https:\/\/ungaornar.se\/en\/#website","url":"https:\/\/ungaornar.se\/en\/","name":"Unga \u00d6rnar","description":"J\u00e4mlika barn leka b\u00e4st!","alternateName":"Unga \u00d6rnars Riksf\u00f6rbund","potentialAction":[{"@type":"SearchAction","target":{"@type":"EntryPoint","urlTemplate":"https:\/\/ungaornar.se\/en\/?s={search_term_string}"},"query-input":{"@type":"PropertyValueSpecification","valueRequired":true,"valueName":"search_term_string"}}],"inLanguage":"en-US"}]}},"_links":{"self":[{"href":"https:\/\/ungaornar.se\/en\/wp-json\/wp\/v2\/pages\/14247","targetHints":{"allow":["GET"]}}],"collection":[{"href":"https:\/\/ungaornar.se\/en\/wp-json\/wp\/v2\/pages"}],"about":[{"href":"https:\/\/ungaornar.se\/en\/wp-json\/wp\/v2\/types\/page"}],"author":[{"embeddable":true,"href":"https:\/\/ungaornar.se\/en\/wp-json\/wp\/v2\/users\/5"}],"replies":[{"embeddable":true,"href":"https:\/\/ungaornar.se\/en\/wp-json\/wp\/v2\/comments?post=14247"}],"version-history":[{"count":1,"href":"https:\/\/ungaornar.se\/en\/wp-json\/wp\/v2\/pages\/14247\/revisions"}],"predecessor-version":[{"id":14248,"href":"https:\/\/ungaornar.se\/en\/wp-json\/wp\/v2\/pages\/14247\/revisions\/14248"}],"wp:attachment":[{"href":"https:\/\/ungaornar.se\/en\/wp-json\/wp\/v2\/media?parent=14247"}],"curies":[{"name":"wp","href":"https:\/\/api.w.org\/{rel}","templated":true}]}}