{"id":14286,"date":"2026-01-14T13:16:43","date_gmt":"2026-01-14T12:16:43","guid":{"rendered":"https:\/\/ungaornar.se\/personal-data-management\/"},"modified":"2026-01-19T12:37:39","modified_gmt":"2026-01-19T11:37:39","slug":"personal-data-management","status":"publish","type":"page","link":"https:\/\/ungaornar.se\/en\/personal-data-management\/","title":{"rendered":"Personal Data Management"},"content":{"rendered":"<div class=\"block-container w-full px-4\"><div class=\"block-container__inner has-bg bg-brandRed padding-xl heading-barnsligt heading-medium is-rounded\">\n<h2 class=\"has-text-align-center wp-block-post-title\">Personal Data Management<\/h2>\n<\/div><\/div>\n<div class=\"wp-block-columns mt-8 px-4 xl:max-w-7xl xl:mx-auto is-layout-flex wp-container-core-columns-is-layout-28f84493 wp-block-columns-is-layout-flex\">\n<div class=\"wp-block-column mx-auto xl:max-w-7xl is-layout-flow wp-block-column-is-layout-flow\">\n<p class=\"mx-auto xl:max-w-7xl\"><strong>Consent to the collection of personal data<\/strong><br\/>When you become a member of Unga \u00d6rnar, your personal data is registered and managed in accordance with current legislation.<\/p>\n\n\n\n<p class=\"mx-auto xl:max-w-7xl\"><strong>Processing and purpose<\/strong><br\/>When you become a member of Unga \u00d6rnar, you agree that Unga \u00d6rnar registers the personal data needed for Unga \u00d6rnar to conduct its activities and safeguard your interests as a member.<br\/>The personal data is only used within the scope of Unga \u00d6rnar&#8217;s activities, e.g., sending information to members, notices, and grant applications. <\/p>\n\n\n\n<p class=\"mx-auto xl:max-w-7xl\"><strong>Personal data processed by Unga \u00d6rnar<\/strong><br\/>The data registered includes name, address, telephone number, mobile number, email address, social security number, date of birth, and gender. If you choose to terminate your membership, we will immediately delete your personal data; however, we save municipality, year of birth, and gender for statistics and financial accounting. <\/p>\n\n\n\n<p class=\"mx-auto xl:max-w-7xl\"><strong>Who manages your personal data<\/strong><br\/>Elected officials or voluntary engaged persons and staff may be given responsibility to manage the data in Unga \u00d6rnar&#8217;s member register. All those who gain access to manage personal data within Unga \u00d6rnar sign a commitment of responsibility that certifies that they will comply with the General Data Protection Regulation. <\/p>\n\n\n\n<p class=\"mx-auto xl:max-w-7xl\"><strong>Your rights<\/strong><br\/>As a member, you have the right to know what personal data we process, how it is processed, and to have your personal data corrected or deleted.<br\/>For questions about personal data, changes\/deletion of personal data, or register extracts, contact Unga \u00d6rnar&#8217;s member support at <a href=\"mailto:medlem@ungaornar.se\">medlem@ungaornar.se<\/a>.<\/p>\n\n\n\n<p class=\"mx-auto xl:max-w-7xl\"><strong>Social media<\/strong><br\/>When you participate on social media, personal data is stored according to the terms of use that apply to each social medium. Unga \u00d6rnar is on TikTok, Facebook, Instagram, and YouTube.<br\/>Unga \u00d6rnar does not save any personal data but can see the information that you have chosen to make available. <\/p>\n\n\n\n<p class=\"mx-auto xl:max-w-7xl\"><strong>Member Support<\/strong><\/p>\n\n\n\n<p class=\"mx-auto xl:max-w-7xl\"><a href=\"mailto:medlem@ungaornar.se\">medlem@ungaornar.se<\/a>.<\/p>\n<\/div>\n<\/div>\n","protected":false},"excerpt":{"rendered":"<p>Consent to the collection of personal dataWhen you become a member of Unga \u00d6rnar, your personal data is registered and managed in accordance with current legislation. Processing and purposeWhen you become a member of Unga \u00d6rnar, you agree that Unga \u00d6rnar registers the personal data needed for Unga \u00d6rnar to conduct its activities and safeguard [&hellip;]<\/p>\n","protected":false},"author":5,"featured_media":0,"parent":0,"menu_order":0,"comment_status":"closed","ping_status":"closed","template":"","meta":{"_acf_changed":false,"footnotes":""},"class_list":["post-14286","page","type-page","status-publish","hentry"],"acf":[],"yoast_head":"<!-- This site is optimized with the Yoast SEO plugin v27.4 - https:\/\/yoast.com\/product\/yoast-seo-wordpress\/ -->\n<title>Personal Data Management &#8211; Unga \u00d6rnar<\/title>\n<meta name=\"robots\" content=\"index, follow, max-snippet:-1, max-image-preview:large, max-video-preview:-1\" \/>\n<link rel=\"canonical\" href=\"https:\/\/ungaornar.se\/en\/personal-data-management\/\" \/>\n<meta property=\"og:locale\" content=\"en_US\" \/>\n<meta property=\"og:type\" content=\"article\" \/>\n<meta property=\"og:title\" content=\"Personal Data Management &#8211; Unga \u00d6rnar\" \/>\n<meta property=\"og:description\" content=\"Consent to the collection of personal dataWhen you become a member of Unga \u00d6rnar, your personal data is registered and managed in accordance with current legislation. Processing and purposeWhen you become a member of Unga \u00d6rnar, you agree that Unga \u00d6rnar registers the personal data needed for Unga \u00d6rnar to conduct its activities and safeguard [&hellip;]\" \/>\n<meta property=\"og:url\" content=\"https:\/\/ungaornar.se\/en\/personal-data-management\/\" \/>\n<meta property=\"og:site_name\" content=\"Unga \u00d6rnar\" \/>\n<meta property=\"article:publisher\" content=\"http:\/\/facebook.com\/ungaornar\/\" \/>\n<meta property=\"article:modified_time\" content=\"2026-01-19T11:37:39+00:00\" \/>\n<script type=\"application\/ld+json\" class=\"yoast-schema-graph\">{\"@context\":\"https:\\\/\\\/schema.org\",\"@graph\":[{\"@type\":\"WebPage\",\"@id\":\"https:\\\/\\\/ungaornar.se\\\/en\\\/personal-data-management\\\/\",\"url\":\"https:\\\/\\\/ungaornar.se\\\/en\\\/personal-data-management\\\/\",\"name\":\"Personal Data Management &#8211; Unga \u00d6rnar\",\"isPartOf\":{\"@id\":\"https:\\\/\\\/ungaornar.se\\\/en\\\/#website\"},\"datePublished\":\"2026-01-14T12:16:43+00:00\",\"dateModified\":\"2026-01-19T11:37:39+00:00\",\"breadcrumb\":{\"@id\":\"https:\\\/\\\/ungaornar.se\\\/en\\\/personal-data-management\\\/#breadcrumb\"},\"inLanguage\":\"en-US\",\"potentialAction\":[{\"@type\":\"ReadAction\",\"target\":[\"https:\\\/\\\/ungaornar.se\\\/en\\\/personal-data-management\\\/\"]}]},{\"@type\":\"BreadcrumbList\",\"@id\":\"https:\\\/\\\/ungaornar.se\\\/en\\\/personal-data-management\\\/#breadcrumb\",\"itemListElement\":[{\"@type\":\"ListItem\",\"position\":1,\"name\":\"Hem\",\"item\":\"https:\\\/\\\/ungaornar.se\\\/en\\\/\"},{\"@type\":\"ListItem\",\"position\":2,\"name\":\"Personal Data Management\"}]},{\"@type\":\"WebSite\",\"@id\":\"https:\\\/\\\/ungaornar.se\\\/en\\\/#website\",\"url\":\"https:\\\/\\\/ungaornar.se\\\/en\\\/\",\"name\":\"Unga \u00d6rnar\",\"description\":\"J\u00e4mlika barn leka b\u00e4st!\",\"alternateName\":\"Unga \u00d6rnars Riksf\u00f6rbund\",\"potentialAction\":[{\"@type\":\"SearchAction\",\"target\":{\"@type\":\"EntryPoint\",\"urlTemplate\":\"https:\\\/\\\/ungaornar.se\\\/en\\\/?s={search_term_string}\"},\"query-input\":{\"@type\":\"PropertyValueSpecification\",\"valueRequired\":true,\"valueName\":\"search_term_string\"}}],\"inLanguage\":\"en-US\"}]}<\/script>\n<!-- \/ Yoast SEO plugin. -->","yoast_head_json":{"title":"Personal Data Management &#8211; Unga \u00d6rnar","robots":{"index":"index","follow":"follow","max-snippet":"max-snippet:-1","max-image-preview":"max-image-preview:large","max-video-preview":"max-video-preview:-1"},"canonical":"https:\/\/ungaornar.se\/en\/personal-data-management\/","og_locale":"en_US","og_type":"article","og_title":"Personal Data Management &#8211; Unga \u00d6rnar","og_description":"Consent to the collection of personal dataWhen you become a member of Unga \u00d6rnar, your personal data is registered and managed in accordance with current legislation. Processing and purposeWhen you become a member of Unga \u00d6rnar, you agree that Unga \u00d6rnar registers the personal data needed for Unga \u00d6rnar to conduct its activities and safeguard [&hellip;]","og_url":"https:\/\/ungaornar.se\/en\/personal-data-management\/","og_site_name":"Unga \u00d6rnar","article_publisher":"http:\/\/facebook.com\/ungaornar\/","article_modified_time":"2026-01-19T11:37:39+00:00","schema":{"@context":"https:\/\/schema.org","@graph":[{"@type":"WebPage","@id":"https:\/\/ungaornar.se\/en\/personal-data-management\/","url":"https:\/\/ungaornar.se\/en\/personal-data-management\/","name":"Personal Data Management &#8211; Unga \u00d6rnar","isPartOf":{"@id":"https:\/\/ungaornar.se\/en\/#website"},"datePublished":"2026-01-14T12:16:43+00:00","dateModified":"2026-01-19T11:37:39+00:00","breadcrumb":{"@id":"https:\/\/ungaornar.se\/en\/personal-data-management\/#breadcrumb"},"inLanguage":"en-US","potentialAction":[{"@type":"ReadAction","target":["https:\/\/ungaornar.se\/en\/personal-data-management\/"]}]},{"@type":"BreadcrumbList","@id":"https:\/\/ungaornar.se\/en\/personal-data-management\/#breadcrumb","itemListElement":[{"@type":"ListItem","position":1,"name":"Hem","item":"https:\/\/ungaornar.se\/en\/"},{"@type":"ListItem","position":2,"name":"Personal Data Management"}]},{"@type":"WebSite","@id":"https:\/\/ungaornar.se\/en\/#website","url":"https:\/\/ungaornar.se\/en\/","name":"Unga \u00d6rnar","description":"J\u00e4mlika barn leka b\u00e4st!","alternateName":"Unga \u00d6rnars Riksf\u00f6rbund","potentialAction":[{"@type":"SearchAction","target":{"@type":"EntryPoint","urlTemplate":"https:\/\/ungaornar.se\/en\/?s={search_term_string}"},"query-input":{"@type":"PropertyValueSpecification","valueRequired":true,"valueName":"search_term_string"}}],"inLanguage":"en-US"}]}},"_links":{"self":[{"href":"https:\/\/ungaornar.se\/en\/wp-json\/wp\/v2\/pages\/14286","targetHints":{"allow":["GET"]}}],"collection":[{"href":"https:\/\/ungaornar.se\/en\/wp-json\/wp\/v2\/pages"}],"about":[{"href":"https:\/\/ungaornar.se\/en\/wp-json\/wp\/v2\/types\/page"}],"author":[{"embeddable":true,"href":"https:\/\/ungaornar.se\/en\/wp-json\/wp\/v2\/users\/5"}],"replies":[{"embeddable":true,"href":"https:\/\/ungaornar.se\/en\/wp-json\/wp\/v2\/comments?post=14286"}],"version-history":[{"count":1,"href":"https:\/\/ungaornar.se\/en\/wp-json\/wp\/v2\/pages\/14286\/revisions"}],"predecessor-version":[{"id":14288,"href":"https:\/\/ungaornar.se\/en\/wp-json\/wp\/v2\/pages\/14286\/revisions\/14288"}],"wp:attachment":[{"href":"https:\/\/ungaornar.se\/en\/wp-json\/wp\/v2\/media?parent=14286"}],"curies":[{"name":"wp","href":"https:\/\/api.w.org\/{rel}","templated":true}]}}