{"id":14295,"date":"2026-01-15T11:14:20","date_gmt":"2026-01-15T10:14:20","guid":{"rendered":"https:\/\/ungaornar.se\/halland-district\/"},"modified":"2026-01-19T12:44:10","modified_gmt":"2026-01-19T11:44:10","slug":"halland-district","status":"publish","type":"page","link":"https:\/\/ungaornar.se\/en\/find-us-here\/halland-district\/","title":{"rendered":"Halland District"},"content":{"rendered":"\n<p class=\"mx-auto xl:max-w-7xl\"><\/p>\n<div class=\"block-container w-full px-4\"><div class=\"block-container__inner has-bg bg-brandDarkPurple padding-xl heading-barnsligt heading-large is-rounded\">\n<h2 class=\"has-text-align-center wp-block-post-title\">Halland District<\/h2>\n<\/div><\/div><div class=\"block-container mt-8 px-4 xl:max-w-7xl xl:mx-auto\"><div class=\"block-container__inner has-bg bg-brandLightYellow heading-barnsligt heading-large is-rounded\">\n\n<div class=\"wp-block-columns mt-8 px-4 xl:max-w-7xl xl:mx-auto is-layout-flex wp-container-core-columns-is-layout-28f84493 wp-block-columns-is-layout-flex\">\n<div class=\"wp-block-column is-vertically-aligned-center mx-auto xl:max-w-7xl is-layout-flow wp-block-column-is-layout-flow\">    <div id=\"uo-karta-container\" class=\"uo-karta\" data-instance=\"uoKartaInstance1\" data-district=\"Halland\" data-view=\"detail\" data-lock=\"1\" data-hide-back=\"1\" data-hide-heading=\"1\" data-info-target=\"#uo-info\">\n        <!-- Map will be inlined here by JS -->\n    <\/div>\n    <!-- L\u00e4gg in i din kart-HTML -->\n<div id=\"uokarta-tooltip\" style=\"position:absolute; display:none; background:#333; color:#fff; padding:4px 8px; border-radius:4px; font-size:12px; pointer-events:none; z-index:999;\"><\/div>\n\n<div id=\"infobox\" style=\"display:none; padding:12px; border:1px solid #ccc; margin-top:10px; border-radius:6px; background:#f9f9f9;\">\n  <h3 id=\"infobox-title\"><\/h3>\n  <p id=\"infobox-content\"><\/p>\n<\/div>\n\n<\/div>\n\n\n\n<div class=\"wp-block-column is-vertically-aligned-center px-4 xl:max-w-7xl xl:mx-auto is-layout-flow wp-block-column-is-layout-flow\" style=\"padding-top:0;padding-right:var(--wp--preset--spacing--70);padding-left:var(--wp--preset--spacing--40)\">\n<div id=\"uo-info\" class=\"uo-infobox\"><\/div>.\n<\/div>\n<\/div>\n\n<\/div><\/div><div class=\"block-container mt-8 px-4 xl:max-w-7xl xl:mx-auto\"><div class=\"block-container__inner has-bg bg-brandLightBlue padding-small heading-barnsligt heading-large is-rounded\">\n    <div class=\"uo-avd-browser\" data-component=\"uoAvdBrowser\">\n                    <h1>Avdelningar i Halland<\/h1>\n                <p class=\"uo-avd-lead\">H\u00e4r visas distriktets aktiva avdelningar.<\/p>\n        <input type=\"search\" class=\"uo-avd-search\" placeholder=\"S\u00f6k avdelning...\">\n        <div class=\"uo-avd-grid\">\n                                            <button type=\"button\" class=\"uo-avd-card\" data-avd=\"{&quot;name&quot;:&quot;Unga \u00d6rnar Vall\u00e5s&quot;,&quot;contact&quot;:&quot;Ordf\u00f6rande: Maria Persdotter, maria.persdotter@halmstad.se&quot;,&quot;notes&quot;:&quot;&quot;,&quot;active&quot;:true,&quot;social&quot;:[]}\" data-search=\"unga \u00f6rnar vall\u00e5s ordf\u00f6rande: maria persdotter, maria.persdotter@halmstad.se \">\n                    <strong>Unga \u00d6rnar Vall\u00e5s<\/strong>\n                                            <span class=\"uo-avd-meta\">Ordf\u00f6rande: Maria Persdotter, maria.persdotter@halmstad.se<\/span>\n                                    <\/button>\n                    <\/div>\n        <p class=\"uo-avd-empty uo-hidden\">Ingen avdelning matchar din s\u00f6kning.<\/p>\n    <\/div>\n    \n\n<\/div><\/div><div class=\"block-container mt-8 px-4 xl:max-w-7xl xl:mx-auto\"><div class=\"block-container__inner has-bg bg-brandDarkPurple padding-small heading-barnsligt heading-large is-rounded is-center\">\n\n<h2 class=\"wp-block-heading px-4 xl:max-w-7xl xl:mx-auto\">Become a member today!<\/h2>\n\n\n<div class='container registeruser'>\n  \t\t\t\t<div class='row'>\n  \t\t\t\t\t<div class='col-md-12'>\n\t\t\t\t\t\t<iframe class='cstmcommoniframe responsive-iframe cwebcoregister' name='iframememlistregister' id='iframememlistregister' frameBorder='0' src='https:\/\/ung.memlist.se\/register\/k0b3s'><\/iframe>\n\t\t\t\t\t<\/div>\n\t\t\t\t<\/div>\n\t\t\t<\/div><br><a class= 'cstm_color_white' href='https:\/\/ungaornar.se\/memlist-medlemssystem\/'>Mer om medlemssystemet<\/a><script>\n\twindow.onmessage = (event) => {\n\t\tlet newdataa = event.data[1];\n\t\t}\n\t\twindow.addEventListener('message', function(e) {\n\t    \/\/ Get the sent data\n\t    const dataonly = e.data;\n\t    const this_height = dataonly[1];\n\t    const decoded_height = JSON.parse(this_height);\n\t    const final_height = decoded_height.height;\n\t    const newpercen = (parseInt(final_height) * 20)\/100;\n\t    console.log('newpercen' + newpercen);\n\t    const final_height_new = final_height + newpercen;\n\t    jQuery('.cstmcommoniframe').height(final_height_new);\n\t    jQuery('.cstmcommoniframe').width('100%');\n\t});\n\t<\/script><style>\n\t.responsive-iframe.cwebcoregister {\n\t  position: relative;\n\t  left: 0;\n\t  right: 0;\n\t  width: 100%;\n\t  height: 320px;\n\t}\n\n\t.card.wizard-body {\n    \tbackground-color: yellow;\n\t}\n\n\t.cstmcommoniframe{width:100%;}\n\n\t<\/style><script>\n\twindow.addEventListener('message', function(e) {\n    \/\/ Get the sent data\n\n    const data = e.data;\n\n\n    const regstration_message = data['1'];\n    console.log('regstration_message' + regstration_message);\n\n    const decoded_data = JSON.parse(regstration_message); \/\/ If encoded the message in JSON before sending them, \n\n\n    if('register' in decoded_data)\n    {\n \t\n\n\n    \tif(decoded_data.register == true)    \/\/ if success to register: { register: true, client_id: 'id', token: 'login token' };\n\t    {\n\n\t    \tconst personnr  = jquery('#personnr').val();\n\t    \tconst firstname = jquery('#firstname').val();\n\t    \tconst lastname = jquery('#lastname').val();\n\t    \tconst phone = jquery('#phone').val();\n\t    \tconst email = jquery('#email').val();\n\t    \tconst password1 = jquery('#password1').val();\n\t    \tconst birthdate = jquery('#birthdate').val();\n\t    \tconst address = jquery('#address').val();\n\t    \tconst zipcode = jquery('#zipcode').val();\n\t    \tconst region_code = jquery('#region_code').val();\n\t    \tconst commune_code = jquery('#commune_code').val();\n\n\t    \t\n\n\n\n\n\t    \tconst client_id = decoded_data.client_id;\n\t    \tconst token = decoded_data.token;\n\t    \tregister_user_on_local_wordpress(personnr, firstname, lastname, phone, email, password1, birthdate, address, zipcode, region_code, commune_code,  client_id, token);\n\t    }\n\t    else\n\t    {\n\t    \talert('Registration False.')\n\t    }\n\n\n\n\n\n    }\n    else\n    {\n    \tconsole.log('no registration message come');\n    }\n\n\n\n\n\n\n    \n    \n\n});\n\n\n\n\n\tfunction register_user_on_local_wordpress(personnr, firstname, lastname, phone, email, password1, birthdate, address, zipcode, region_code, commune_code,  client_id, token)\n\t{\n\t    var ajaxurl = jQuery('#customajaxurl').val();\n\t\tjQuery.ajax({\n\t\ttype: 'POST',\n\t\turl: ajaxurl,\n\t\t\/\/async: false,\n\t\tbeforeSend: function ()\n\t\t{\n\n\t\t},\n\t\tdata:{action:'register_user_on_local_wordpress',searched_string:value,maxresults:10},\n\t\tsuccess: function(res)\n\t\t{\n\t\t\tjQuery('.loading_icon_pr').hide();\n\t\t\tjQuery('.custom_icon').show();\n\t\t\tdata = JSON.parse(res);\n\t\t\t\/\/console.log(data);\n\n\t\t}\n\t\t});\n\t}\n\n<\/script>\n\n<\/div><\/div>\n<div class=\"wp-block-columns mt-8 w-full px-4 is-layout-flex wp-container-core-columns-is-layout-28f84493 wp-block-columns-is-layout-flex\">\n<div class=\"wp-block-column mx-auto xl:max-w-7xl is-layout-flow wp-block-column-is-layout-flow\"><div class=\"block-container mx-auto xl:max-w-7xl\"><div class=\"block-container__inner has-bg bg-brandDarkBlue padding-small heading-barnsligt heading-small is-rounded\">\n<div class=\"banner mx-auto xl:max-w-7xl\">      <div class=\"banner\">\n        <div class=\"banner__inner no-image\">\n\n          \n          <div class=\"banner__content\">\n                          <h2 class=\"banner__heading\">Ledare<\/h2>\n            \n                          <div class=\"banner__text\">\n                <p>Unga \u00d6rnar bygger p\u00e5 engagemang. Som volont\u00e4r kan du bland annat starta en egen verksamhetsgrupp (avdelning) eller st\u00f6tta upp i redan befintlig verksamhet. Du kan vara ledare p\u00e5 l\u00e4ger eller hj\u00e4lpa till genom att vara volont\u00e4r vid andra arrangemang.\u00a0<\/p>\n              <\/div>\n            \n                          <div class=\"banner__cta\">\n                <a\n                  class=\"banner__link\"\n                  href=\"https:\/\/form.jotform.com\/Unga_Ornar\/engagera-dig\"\n                  target=\"\"\n                                  >\n                  Bli ledare                <\/a>\n              <\/div>\n                      <\/div>\n\n        <\/div>\n      <\/div>\n    <\/div>\n<\/div><\/div><\/div>\n\n\n\n<div class=\"wp-block-column mx-auto xl:max-w-7xl is-layout-flow wp-block-column-is-layout-flow\"><div class=\"block-container mx-auto xl:max-w-7xl\"><div class=\"block-container__inner has-bg bg-brandDarkGreen padding-small heading-barnsligt heading-small is-rounded\">\n<div class=\"banner mx-auto xl:max-w-7xl\">      <div class=\"banner\">\n        <div class=\"banner__inner no-image\">\n\n          \n          <div class=\"banner__content\">\n                          <h2 class=\"banner__heading\">St\u00f6d Unga \u00d6rnar<\/h2>\n            \n                          <div class=\"banner__text\">\n                <p>St\u00f6d Unga \u00d6rnar genom att skicka en eng\u00e5ngsg\u00e5va, bli m\u00e5nadsgivare eller skicka g\u00e5vokort. Din g\u00e5va ger barn och unga fler trygga sammanhang, starkare gemenskap och m\u00f6jlighet att v\u00e4xa p\u00e5 sin fritid. Varje bidrag r\u00e4knas och g\u00f6r skillnad.<\/p>\n              <\/div>\n            \n                          <div class=\"banner__cta\">\n                <a\n                  class=\"banner__link\"\n                  href=\"https:\/\/ungaornar.se\/stod-oss\/\"\n                  target=\"\"\n                                  >\n                  L\u00e4s mer                <\/a>\n              <\/div>\n                      <\/div>\n\n        <\/div>\n      <\/div>\n    <\/div>\n<\/div><\/div><\/div>\n\n\n\n<div class=\"wp-block-column mx-auto xl:max-w-7xl is-layout-flow wp-block-column-is-layout-flow\"><div class=\"block-container mx-auto xl:max-w-7xl\"><div class=\"block-container__inner has-bg bg-brandDarkYellow padding-small heading-barnsligt heading-small is-rounded\">\n<div class=\"banner mx-auto xl:max-w-7xl\">      <div class=\"banner\">\n        <div class=\"banner__inner no-image\">\n\n          \n          <div class=\"banner__content\">\n                          <h2 class=\"banner__heading\">Starta verksamhet<\/h2>\n            \n                          <div class=\"banner__text\">\n                <p>Genom att starta verksamhet i Unga \u00d6rnar skapar du fler platser d\u00e4r barn och unga kan m\u00f6tas, leka och ha kul p\u00e5 sin fritid. Det g\u00f6r att vi kan n\u00e5 fler och bygga verksamhet som utg\u00e5r fr\u00e5n gemenskap, j\u00e4mlikhet och barns r\u00e4tt till en meningsfull fritid.<\/p>\n              <\/div>\n            \n                          <div class=\"banner__cta\">\n                <a\n                  class=\"banner__link\"\n                  href=\"https:\/\/form.jotform.com\/Unga_Ornar\/engagera-dig\"\n                  target=\"\"\n                                  >\n                  Starta verksamhet                 <\/a>\n              <\/div>\n                      <\/div>\n\n        <\/div>\n      <\/div>\n    <\/div>\n<\/div><\/div><\/div>\n<\/div>\n","protected":false},"excerpt":{"rendered":"","protected":false},"author":5,"featured_media":0,"parent":14323,"menu_order":0,"comment_status":"closed","ping_status":"closed","template":"","meta":{"_acf_changed":false,"footnotes":""},"class_list":["post-14295","page","type-page","status-publish","hentry"],"acf":[],"yoast_head":"<!-- This site is optimized with the Yoast SEO plugin v27.4 - https:\/\/yoast.com\/product\/yoast-seo-wordpress\/ -->\n<title>Halland District &#8211; Unga \u00d6rnar<\/title>\n<meta name=\"robots\" content=\"index, follow, max-snippet:-1, max-image-preview:large, max-video-preview:-1\" \/>\n<link rel=\"canonical\" href=\"https:\/\/ungaornar.se\/en\/find-us-here\/halland-district\/\" \/>\n<meta property=\"og:locale\" content=\"en_US\" \/>\n<meta property=\"og:type\" content=\"article\" \/>\n<meta property=\"og:title\" content=\"Halland District &#8211; Unga \u00d6rnar\" \/>\n<meta property=\"og:url\" content=\"https:\/\/ungaornar.se\/en\/find-us-here\/halland-district\/\" \/>\n<meta property=\"og:site_name\" content=\"Unga \u00d6rnar\" \/>\n<meta property=\"article:publisher\" content=\"http:\/\/facebook.com\/ungaornar\/\" \/>\n<meta property=\"article:modified_time\" content=\"2026-01-19T11:44:10+00:00\" \/>\n<script type=\"application\/ld+json\" class=\"yoast-schema-graph\">{\"@context\":\"https:\\\/\\\/schema.org\",\"@graph\":[{\"@type\":\"WebPage\",\"@id\":\"https:\\\/\\\/ungaornar.se\\\/en\\\/find-us-here\\\/halland-district\\\/\",\"url\":\"https:\\\/\\\/ungaornar.se\\\/en\\\/find-us-here\\\/halland-district\\\/\",\"name\":\"Halland District &#8211; Unga \u00d6rnar\",\"isPartOf\":{\"@id\":\"https:\\\/\\\/ungaornar.se\\\/en\\\/#website\"},\"datePublished\":\"2026-01-15T10:14:20+00:00\",\"dateModified\":\"2026-01-19T11:44:10+00:00\",\"breadcrumb\":{\"@id\":\"https:\\\/\\\/ungaornar.se\\\/en\\\/find-us-here\\\/halland-district\\\/#breadcrumb\"},\"inLanguage\":\"en-US\",\"potentialAction\":[{\"@type\":\"ReadAction\",\"target\":[\"https:\\\/\\\/ungaornar.se\\\/en\\\/find-us-here\\\/halland-district\\\/\"]}]},{\"@type\":\"BreadcrumbList\",\"@id\":\"https:\\\/\\\/ungaornar.se\\\/en\\\/find-us-here\\\/halland-district\\\/#breadcrumb\",\"itemListElement\":[{\"@type\":\"ListItem\",\"position\":1,\"name\":\"Hem\",\"item\":\"https:\\\/\\\/ungaornar.se\\\/en\\\/\"},{\"@type\":\"ListItem\",\"position\":2,\"name\":\"Find us here\",\"item\":\"https:\\\/\\\/ungaornar.se\\\/en\\\/find-us-here\\\/\"},{\"@type\":\"ListItem\",\"position\":3,\"name\":\"Halland District\"}]},{\"@type\":\"WebSite\",\"@id\":\"https:\\\/\\\/ungaornar.se\\\/en\\\/#website\",\"url\":\"https:\\\/\\\/ungaornar.se\\\/en\\\/\",\"name\":\"Unga \u00d6rnar\",\"description\":\"J\u00e4mlika barn leka b\u00e4st!\",\"alternateName\":\"Unga \u00d6rnars Riksf\u00f6rbund\",\"potentialAction\":[{\"@type\":\"SearchAction\",\"target\":{\"@type\":\"EntryPoint\",\"urlTemplate\":\"https:\\\/\\\/ungaornar.se\\\/en\\\/?s={search_term_string}\"},\"query-input\":{\"@type\":\"PropertyValueSpecification\",\"valueRequired\":true,\"valueName\":\"search_term_string\"}}],\"inLanguage\":\"en-US\"}]}<\/script>\n<!-- \/ Yoast SEO plugin. -->","yoast_head_json":{"title":"Halland District &#8211; Unga \u00d6rnar","robots":{"index":"index","follow":"follow","max-snippet":"max-snippet:-1","max-image-preview":"max-image-preview:large","max-video-preview":"max-video-preview:-1"},"canonical":"https:\/\/ungaornar.se\/en\/find-us-here\/halland-district\/","og_locale":"en_US","og_type":"article","og_title":"Halland District &#8211; Unga \u00d6rnar","og_url":"https:\/\/ungaornar.se\/en\/find-us-here\/halland-district\/","og_site_name":"Unga \u00d6rnar","article_publisher":"http:\/\/facebook.com\/ungaornar\/","article_modified_time":"2026-01-19T11:44:10+00:00","schema":{"@context":"https:\/\/schema.org","@graph":[{"@type":"WebPage","@id":"https:\/\/ungaornar.se\/en\/find-us-here\/halland-district\/","url":"https:\/\/ungaornar.se\/en\/find-us-here\/halland-district\/","name":"Halland District &#8211; Unga \u00d6rnar","isPartOf":{"@id":"https:\/\/ungaornar.se\/en\/#website"},"datePublished":"2026-01-15T10:14:20+00:00","dateModified":"2026-01-19T11:44:10+00:00","breadcrumb":{"@id":"https:\/\/ungaornar.se\/en\/find-us-here\/halland-district\/#breadcrumb"},"inLanguage":"en-US","potentialAction":[{"@type":"ReadAction","target":["https:\/\/ungaornar.se\/en\/find-us-here\/halland-district\/"]}]},{"@type":"BreadcrumbList","@id":"https:\/\/ungaornar.se\/en\/find-us-here\/halland-district\/#breadcrumb","itemListElement":[{"@type":"ListItem","position":1,"name":"Hem","item":"https:\/\/ungaornar.se\/en\/"},{"@type":"ListItem","position":2,"name":"Find us here","item":"https:\/\/ungaornar.se\/en\/find-us-here\/"},{"@type":"ListItem","position":3,"name":"Halland District"}]},{"@type":"WebSite","@id":"https:\/\/ungaornar.se\/en\/#website","url":"https:\/\/ungaornar.se\/en\/","name":"Unga \u00d6rnar","description":"J\u00e4mlika barn leka b\u00e4st!","alternateName":"Unga \u00d6rnars Riksf\u00f6rbund","potentialAction":[{"@type":"SearchAction","target":{"@type":"EntryPoint","urlTemplate":"https:\/\/ungaornar.se\/en\/?s={search_term_string}"},"query-input":{"@type":"PropertyValueSpecification","valueRequired":true,"valueName":"search_term_string"}}],"inLanguage":"en-US"}]}},"_links":{"self":[{"href":"https:\/\/ungaornar.se\/en\/wp-json\/wp\/v2\/pages\/14295","targetHints":{"allow":["GET"]}}],"collection":[{"href":"https:\/\/ungaornar.se\/en\/wp-json\/wp\/v2\/pages"}],"about":[{"href":"https:\/\/ungaornar.se\/en\/wp-json\/wp\/v2\/types\/page"}],"author":[{"embeddable":true,"href":"https:\/\/ungaornar.se\/en\/wp-json\/wp\/v2\/users\/5"}],"replies":[{"embeddable":true,"href":"https:\/\/ungaornar.se\/en\/wp-json\/wp\/v2\/comments?post=14295"}],"version-history":[{"count":1,"href":"https:\/\/ungaornar.se\/en\/wp-json\/wp\/v2\/pages\/14295\/revisions"}],"predecessor-version":[{"id":14296,"href":"https:\/\/ungaornar.se\/en\/wp-json\/wp\/v2\/pages\/14295\/revisions\/14296"}],"up":[{"embeddable":true,"href":"https:\/\/ungaornar.se\/en\/wp-json\/wp\/v2\/pages\/14323"}],"wp:attachment":[{"href":"https:\/\/ungaornar.se\/en\/wp-json\/wp\/v2\/media?parent=14295"}],"curies":[{"name":"wp","href":"https:\/\/api.w.org\/{rel}","templated":true}]}}