{"id":14314,"date":"2026-01-13T10:08:28","date_gmt":"2026-01-13T09:08:28","guid":{"rendered":"https:\/\/ungaornar.se\/democracy\/motion\/"},"modified":"2026-01-19T12:44:15","modified_gmt":"2026-01-19T11:44:15","slug":"motion","status":"publish","type":"page","link":"https:\/\/ungaornar.se\/en\/democracy\/motion\/","title":{"rendered":"Motion"},"content":{"rendered":"\n<p class=\"mx-auto xl:max-w-7xl\"><\/p>\n<div class=\"block-container w-full px-4\"><div class=\"block-container__inner has-bg bg-brandRed padding-xl heading-barnsligt heading-large is-rounded\">\n<h2 class=\"has-text-align-center wp-block-post-title\">Motion<\/h2>\n<\/div><\/div><div class=\"block-container mt-8 w-full px-4\"><div class=\"block-container__inner has-text text-black has-bg bg-brandLightYellow padding-small is-rounded\">\n        <section class=\"uot-motion\">\n            <form class=\"uot-motion__form uot-motion-form\" novalidate>\n                <div class=\"uot-motion__step\">\n                    <div class=\"uot-motion__step-header\">\n                        <span class=\"uot-motion__step-number\">1.<\/span>\n                        <div>\n                            <h3>Vad handlar din motion om?<\/h3>\n                            <p>Ge din motion en kort och tydlig titel.<\/p>\n                        <\/div>\n                    <\/div>\n                    <div class=\"uot-motion__group\">\n                        <input id=\"uot-motion-title\" name=\"motion_title\" type=\"text\" placeholder=\"Exempel: Filmkv\u00e4llar varje m\u00e5nad\" required \/>\n                    <\/div>\n                <\/div>\n\n                <div class=\"uot-motion__step\">\n                    <div class=\"uot-motion__step-header\">\n                        <span class=\"uot-motion__step-number\">2.<\/span>\n                        <div>\n                            <h3>Till vem riktas motionen?<\/h3>\n                            <p>V\u00e4lj vilken niv\u00e5 motionen ska behandlas p\u00e5.<\/p>\n                        <\/div>\n                    <\/div>\n                    <div class=\"uot-motion__choice\">\n                                                    <label class=\"uot-motion__chip\">\n                                <input type=\"radio\" name=\"motion_target\" value=\"avdelning\" required \/>\n                                <span>Avdelning<\/span>\n                            <\/label>\n                                                    <label class=\"uot-motion__chip\">\n                                <input type=\"radio\" name=\"motion_target\" value=\"krets\" required \/>\n                                <span>Krets<\/span>\n                            <\/label>\n                                                    <label class=\"uot-motion__chip\">\n                                <input type=\"radio\" name=\"motion_target\" value=\"distrikt\" required \/>\n                                <span>Distrikt<\/span>\n                            <\/label>\n                                                    <label class=\"uot-motion__chip\">\n                                <input type=\"radio\" name=\"motion_target\" value=\"forbundskongress\" required \/>\n                                <span>F\u00f6rbundskongress<\/span>\n                            <\/label>\n                                            <\/div>\n                <\/div>\n\n                <div class=\"uot-motion__step\">\n                    <div class=\"uot-motion__step-header\">\n                        <span class=\"uot-motion__step-number\">3.<\/span>\n                        <div>\n                            <h3>Bakgrund \u2013 Varf\u00f6r beh\u00f6vs f\u00f6r\u00e4ndringen?<\/h3>\n                            <p>Beskriv nul\u00e4get och varf\u00f6r det beh\u00f6vs en f\u00f6r\u00e4ndring.<\/p>\n                        <\/div>\n                    <\/div>\n                    <div class=\"uot-motion__group\">\n                        <textarea id=\"uot-motion-background\" name=\"motion_background\" rows=\"4\" placeholder=\"Vad \u00e4r nul\u00e4get och varf\u00f6r beh\u00f6ver det \u00e4ndras?\"><\/textarea>\n                    <\/div>\n                <\/div>\n\n                <div class=\"uot-motion__step\">\n                    <div class=\"uot-motion__step-header\">\n                        <span class=\"uot-motion__step-number\">4.<\/span>\n                        <div>\n                            <h3>Dina argument<\/h3>\n                            <p>Anv\u00e4nd olika typer av argument f\u00f6r att \u00f6vertyga. Klicka p\u00e5 taggarna f\u00f6r att f\u00e5 inspiration!<\/p>\n                        <\/div>\n                    <\/div>\n                    <div class=\"uot-motion__pillars uot-motion__pillars--buttons\">\n                                                    <button type=\"button\" class=\"uot-tag\" data-pillar=\"ethos\" data-description=\"Visa trov\u00e4rdighet och erfarenhet av \u00e4mnet.\">\n                                Ethos                            <\/button>\n                                                    <button type=\"button\" class=\"uot-tag\" data-pillar=\"pathos\" data-description=\"V\u00e4ck k\u00e4nslor, till exempel om ni vill r\u00e4tta till en or\u00e4ttvisa.\">\n                                Pathos                            <\/button>\n                                                    <button type=\"button\" class=\"uot-tag\" data-pillar=\"logos\" data-description=\"Anv\u00e4nd logiska och faktabaserade argument.\">\n                                Logos                            <\/button>\n                                            <\/div>\n                    <div class=\"uot-motion__group\">\n                        <textarea id=\"uot-motion-arguments\" name=\"motion_arguments\" rows=\"4\" placeholder=\"Skriv dina argument h\u00e4r.\"><\/textarea>\n                    <\/div>\n                    <div class=\"uot-motion__hint\" data-hint><\/div>\n                <\/div>\n\n                <div class=\"uot-motion__step\">\n                    <div class=\"uot-motion__step-header\">\n                        <span class=\"uot-motion__step-number\">5.<\/span>\n                        <div>\n                            <h3>Att-satser \u2013 Vad vill ni att ska h\u00e4nda?<\/h3>\n                            <p>Varje att-sats \u00e4r en beslutspunkt. L\u00e4gg till flera vid behov.<\/p>\n                        <\/div>\n                    <\/div>\n                    <div class=\"uot-motion__atts\" data-att-list>\n                        <div class=\"uot-motion__group uot-motion__att\">\n                            <span class=\"uot-motion__att-prefix\">att<\/span>\n                            <input type=\"text\" name=\"motion_att[]\" placeholder=\"...avdelningen arrangerar filmkv\u00e4ll varje m\u00e5nad\" required \/>\n                        <\/div>\n                    <\/div>\n                    <button type=\"button\" class=\"uot-motion__add\" data-add-att>L\u00e4gg till fler att-satser<\/button>\n                <\/div>\n\n                <div class=\"uot-motion__step\">\n                    <div class=\"uot-motion__step-header\">\n                        <span class=\"uot-motion__step-number\">6.<\/span>\n                        <div>\n                            <h3>Kontaktinformation<\/h3>\n                            <p>Fyll i dina uppgifter och eventuella medskrivare.<\/p>\n                        <\/div>\n                    <\/div>\n                    <div class=\"uot-motion__grid uot-motion__grid--two\">\n                        <div class=\"uot-motion__group\">\n                            <label for=\"uot-motion-first\">F\u00f6rnamn *<\/label>\n                            <input id=\"uot-motion-first\" name=\"motion_first_name\" type=\"text\" required \/>\n                        <\/div>\n                        <div class=\"uot-motion__group\">\n                            <label for=\"uot-motion-last\">Efternamn *<\/label>\n                            <input id=\"uot-motion-last\" name=\"motion_last_name\" type=\"text\" required \/>\n                        <\/div>\n                        <div class=\"uot-motion__group\">\n                            <label for=\"uot-motion-email\">E-post *<\/label>\n                            <input id=\"uot-motion-email\" name=\"motion_email\" type=\"email\" required \/>\n                        <\/div>\n                        <div class=\"uot-motion__group\">\n                            <label for=\"uot-motion-phone\">Telefonnummer<\/label>\n                            <input id=\"uot-motion-phone\" name=\"motion_phone\" type=\"text\" \/>\n                        <\/div>\n                        <div class=\"uot-motion__group\">\n                            <label for=\"uot-motion-city\">Kommun<\/label>\n                            <input id=\"uot-motion-city\" name=\"motion_city\" type=\"text\" \/>\n                        <\/div>\n                        <div class=\"uot-motion__group\">\n                            <label for=\"uot-motion-date\">Dagens datum<\/label>\n                            <input id=\"uot-motion-date\" name=\"motion_date\" type=\"date\" \/>\n                        <\/div>\n                    <\/div>\n                    <div class=\"uot-motion__coauthors\" data-coauthors>\n                        <div class=\"uot-motion__group uot-motion__coauthor\">\n                            <label>Medskrivare (valfritt)<\/label>\n                            <input type=\"text\" name=\"motion_additional[]\" placeholder=\"Namn p\u00e5 medskrivare\" \/>\n                        <\/div>\n                    <\/div>\n                    <button type=\"button\" class=\"uot-motion__add\" data-add-coauthor>L\u00e4gg till motion\u00e4r<\/button>\n                <\/div>\n\n                <div class=\"uot-motion__actions\">\n                    <button type=\"button\" class=\"uot-motion__secondary\" data-preview>F\u00f6rhandsgranska<\/button>\n                    <button type=\"submit\" class=\"uot-motion__submit\">Ladda ner PDF<\/button>\n                    <span class=\"uot-motion__status\" aria-live=\"polite\"><\/span>\n                <\/div>\n                <div class=\"uot-motion__preview\" data-preview-panel hidden><\/div>\n            <\/form>\n        <\/section>\n        \n\n<\/div><\/div>","protected":false},"excerpt":{"rendered":"","protected":false},"author":5,"featured_media":0,"parent":14239,"menu_order":0,"comment_status":"closed","ping_status":"closed","template":"","meta":{"_acf_changed":false,"footnotes":""},"class_list":["post-14314","page","type-page","status-publish","hentry"],"acf":[],"yoast_head":"<!-- This site is optimized with the Yoast SEO plugin v27.4 - https:\/\/yoast.com\/product\/yoast-seo-wordpress\/ -->\n<title>Motion &#8211; Unga \u00d6rnar<\/title>\n<meta name=\"robots\" content=\"index, follow, max-snippet:-1, max-image-preview:large, max-video-preview:-1\" \/>\n<link rel=\"canonical\" href=\"https:\/\/ungaornar.se\/en\/democracy\/motion\/\" \/>\n<meta property=\"og:locale\" content=\"en_US\" \/>\n<meta property=\"og:type\" content=\"article\" \/>\n<meta property=\"og:title\" content=\"Motion &#8211; Unga \u00d6rnar\" \/>\n<meta property=\"og:url\" content=\"https:\/\/ungaornar.se\/en\/democracy\/motion\/\" \/>\n<meta property=\"og:site_name\" content=\"Unga \u00d6rnar\" \/>\n<meta property=\"article:publisher\" content=\"http:\/\/facebook.com\/ungaornar\/\" \/>\n<meta property=\"article:modified_time\" content=\"2026-01-19T11:44:15+00:00\" \/>\n<script type=\"application\/ld+json\" class=\"yoast-schema-graph\">{\"@context\":\"https:\\\/\\\/schema.org\",\"@graph\":[{\"@type\":\"WebPage\",\"@id\":\"https:\\\/\\\/ungaornar.se\\\/en\\\/democracy\\\/motion\\\/\",\"url\":\"https:\\\/\\\/ungaornar.se\\\/en\\\/democracy\\\/motion\\\/\",\"name\":\"Motion &#8211; Unga \u00d6rnar\",\"isPartOf\":{\"@id\":\"https:\\\/\\\/ungaornar.se\\\/en\\\/#website\"},\"datePublished\":\"2026-01-13T09:08:28+00:00\",\"dateModified\":\"2026-01-19T11:44:15+00:00\",\"breadcrumb\":{\"@id\":\"https:\\\/\\\/ungaornar.se\\\/en\\\/democracy\\\/motion\\\/#breadcrumb\"},\"inLanguage\":\"en-US\",\"potentialAction\":[{\"@type\":\"ReadAction\",\"target\":[\"https:\\\/\\\/ungaornar.se\\\/en\\\/democracy\\\/motion\\\/\"]}]},{\"@type\":\"BreadcrumbList\",\"@id\":\"https:\\\/\\\/ungaornar.se\\\/en\\\/democracy\\\/motion\\\/#breadcrumb\",\"itemListElement\":[{\"@type\":\"ListItem\",\"position\":1,\"name\":\"Hem\",\"item\":\"https:\\\/\\\/ungaornar.se\\\/en\\\/\"},{\"@type\":\"ListItem\",\"position\":2,\"name\":\"Democracy\",\"item\":\"https:\\\/\\\/ungaornar.se\\\/en\\\/democracy\\\/\"},{\"@type\":\"ListItem\",\"position\":3,\"name\":\"Motion\"}]},{\"@type\":\"WebSite\",\"@id\":\"https:\\\/\\\/ungaornar.se\\\/en\\\/#website\",\"url\":\"https:\\\/\\\/ungaornar.se\\\/en\\\/\",\"name\":\"Unga \u00d6rnar\",\"description\":\"J\u00e4mlika barn leka b\u00e4st!\",\"alternateName\":\"Unga \u00d6rnars Riksf\u00f6rbund\",\"potentialAction\":[{\"@type\":\"SearchAction\",\"target\":{\"@type\":\"EntryPoint\",\"urlTemplate\":\"https:\\\/\\\/ungaornar.se\\\/en\\\/?s={search_term_string}\"},\"query-input\":{\"@type\":\"PropertyValueSpecification\",\"valueRequired\":true,\"valueName\":\"search_term_string\"}}],\"inLanguage\":\"en-US\"}]}<\/script>\n<!-- \/ Yoast SEO plugin. -->","yoast_head_json":{"title":"Motion &#8211; Unga \u00d6rnar","robots":{"index":"index","follow":"follow","max-snippet":"max-snippet:-1","max-image-preview":"max-image-preview:large","max-video-preview":"max-video-preview:-1"},"canonical":"https:\/\/ungaornar.se\/en\/democracy\/motion\/","og_locale":"en_US","og_type":"article","og_title":"Motion &#8211; Unga \u00d6rnar","og_url":"https:\/\/ungaornar.se\/en\/democracy\/motion\/","og_site_name":"Unga \u00d6rnar","article_publisher":"http:\/\/facebook.com\/ungaornar\/","article_modified_time":"2026-01-19T11:44:15+00:00","schema":{"@context":"https:\/\/schema.org","@graph":[{"@type":"WebPage","@id":"https:\/\/ungaornar.se\/en\/democracy\/motion\/","url":"https:\/\/ungaornar.se\/en\/democracy\/motion\/","name":"Motion &#8211; Unga \u00d6rnar","isPartOf":{"@id":"https:\/\/ungaornar.se\/en\/#website"},"datePublished":"2026-01-13T09:08:28+00:00","dateModified":"2026-01-19T11:44:15+00:00","breadcrumb":{"@id":"https:\/\/ungaornar.se\/en\/democracy\/motion\/#breadcrumb"},"inLanguage":"en-US","potentialAction":[{"@type":"ReadAction","target":["https:\/\/ungaornar.se\/en\/democracy\/motion\/"]}]},{"@type":"BreadcrumbList","@id":"https:\/\/ungaornar.se\/en\/democracy\/motion\/#breadcrumb","itemListElement":[{"@type":"ListItem","position":1,"name":"Hem","item":"https:\/\/ungaornar.se\/en\/"},{"@type":"ListItem","position":2,"name":"Democracy","item":"https:\/\/ungaornar.se\/en\/democracy\/"},{"@type":"ListItem","position":3,"name":"Motion"}]},{"@type":"WebSite","@id":"https:\/\/ungaornar.se\/en\/#website","url":"https:\/\/ungaornar.se\/en\/","name":"Unga \u00d6rnar","description":"J\u00e4mlika barn leka b\u00e4st!","alternateName":"Unga \u00d6rnars Riksf\u00f6rbund","potentialAction":[{"@type":"SearchAction","target":{"@type":"EntryPoint","urlTemplate":"https:\/\/ungaornar.se\/en\/?s={search_term_string}"},"query-input":{"@type":"PropertyValueSpecification","valueRequired":true,"valueName":"search_term_string"}}],"inLanguage":"en-US"}]}},"_links":{"self":[{"href":"https:\/\/ungaornar.se\/en\/wp-json\/wp\/v2\/pages\/14314","targetHints":{"allow":["GET"]}}],"collection":[{"href":"https:\/\/ungaornar.se\/en\/wp-json\/wp\/v2\/pages"}],"about":[{"href":"https:\/\/ungaornar.se\/en\/wp-json\/wp\/v2\/types\/page"}],"author":[{"embeddable":true,"href":"https:\/\/ungaornar.se\/en\/wp-json\/wp\/v2\/users\/5"}],"replies":[{"embeddable":true,"href":"https:\/\/ungaornar.se\/en\/wp-json\/wp\/v2\/comments?post=14314"}],"version-history":[{"count":1,"href":"https:\/\/ungaornar.se\/en\/wp-json\/wp\/v2\/pages\/14314\/revisions"}],"predecessor-version":[{"id":14316,"href":"https:\/\/ungaornar.se\/en\/wp-json\/wp\/v2\/pages\/14314\/revisions\/14316"}],"up":[{"embeddable":true,"href":"https:\/\/ungaornar.se\/en\/wp-json\/wp\/v2\/pages\/14239"}],"wp:attachment":[{"href":"https:\/\/ungaornar.se\/en\/wp-json\/wp\/v2\/media?parent=14314"}],"curies":[{"name":"wp","href":"https:\/\/api.w.org\/{rel}","templated":true}]}}