{"id":14323,"date":"2025-11-27T14:51:44","date_gmt":"2025-11-27T13:51:44","guid":{"rendered":"https:\/\/ungaornar.se\/find-us-here\/"},"modified":"2026-01-19T12:44:26","modified_gmt":"2026-01-19T11:44:26","slug":"find-us-here","status":"publish","type":"page","link":"https:\/\/ungaornar.se\/en\/find-us-here\/","title":{"rendered":"Find us here"},"content":{"rendered":"<div class=\"hero w-full height-small\">      <section class=\"hero-inner is-center\">\n        <img decoding=\"async\" class=\"hero-media\" src=\"https:\/\/ungaornar.se\/wp-content\/uploads\/2026\/01\/Har-finns-vi-.jpg\" alt=\"\" loading=\"lazy\" \/>        <div class=\"hero-overlay\" aria-hidden=\"true\"><\/div>\n\n        <div class=\"hero-content\">\n          <div class=\"hero-text\">\n                          <h1 class=\"hero-heading\">Find us here<\/h1>\n                                  <\/div>\n        <\/div>\n\n              <\/section>\n    <\/div>\n<div style=\"height:100px\" aria-hidden=\"true\" class=\"wp-block-spacer mx-auto xl:max-w-7xl\"><\/div>\n<div class=\"block-container px-4 xl:max-w-7xl xl:mx-auto\"><div class=\"block-container__inner padding-medium heading-barnsligt heading-large is-rounded\">\n\n<div class=\"wp-block-columns mx-auto xl:max-w-7xl is-layout-flex wp-container-core-columns-is-layout-1a2ddb66 wp-block-columns-is-layout-flex\" style=\"padding-right:var(--wp--preset--spacing--30);padding-left:var(--wp--preset--spacing--30)\">\n<div class=\"wp-block-column mx-auto xl:max-w-7xl is-layout-flow wp-block-column-is-layout-flow\" style=\"flex-basis:33.33%\">    <div id=\"uo-karta-container\" class=\"uo-karta\" data-instance=\"uoKartaInstance1\" data-info-target=\"#uo-info\">\n        <!-- Map will be inlined here by JS -->\n    <\/div>\n    <!-- L\u00e4gg in i din kart-HTML -->\n<div id=\"uokarta-tooltip\" style=\"position:absolute; display:none; background:#333; color:#fff; padding:4px 8px; border-radius:4px; font-size:12px; pointer-events:none; z-index:999;\"><\/div>\n\n<div id=\"infobox\" style=\"display:none; padding:12px; border:1px solid #ccc; margin-top:10px; border-radius:6px; background:#f9f9f9;\">\n  <h3 id=\"infobox-title\"><\/h3>\n  <p id=\"infobox-content\"><\/p>\n<\/div>\n\n<\/div>\n\n\n\n<div class=\"wp-block-column is-vertically-aligned-center mx-auto xl:max-w-7xl is-layout-flow wp-block-column-is-layout-flow\" style=\"flex-basis:66.66%\">\n<div id=\"uo-info\" class=\"uo-infobox\"><\/div>.\n<\/div>\n<\/div>\n\n<\/div><\/div><div class=\"block-container w-full px-4\"><div class=\"block-container__inner has-bg bg-brandRed padding-xl heading-barnsligt heading-large is-rounded\">\n\n<h2 class=\"wp-block-heading has-text-align-center mx-auto xl:max-w-7xl\">Discover our districts!<\/h2>\n\n<\/div><\/div><div class=\"block-container mt-8 px-4 xl:max-w-7xl xl:mx-auto\"><div class=\"block-container__inner has-bg bg-brandLightBlue padding-small heading-helvetica heading-medium is-rounded\">\n\n<div class=\"wp-block-group px-4 xl:max-w-7xl xl:mx-auto is-layout-flow wp-block-group-is-layout-flow\">\n<div class=\"wp-block-buttons mx-auto xl:max-w-7xl is-layout-flex wp-block-buttons-is-layout-flex\" style=\"padding-right:0;padding-left:0\">\n<div class=\"wp-block-button mx-auto xl:max-w-7xl\"><a class=\"wp-block-button__link has-brand-red-background-color has-background has-medium-font-size has-custom-font-size wp-element-button\" href=\"https:\/\/ungaornar.se\/en\/find-us-here\/blekinge-district\/\" style=\"padding-top:var(--wp--preset--spacing--40);padding-right:var(--wp--preset--spacing--80);padding-bottom:var(--wp--preset--spacing--40);padding-left:var(--wp--preset--spacing--80);font-style:normal;font-weight:700\">Blekinge<\/a><\/div>\n\n\n\n<div class=\"wp-block-button mx-auto xl:max-w-7xl\"><a class=\"wp-block-button__link has-brand-dark-purple-background-color has-background has-medium-font-size has-custom-font-size wp-element-button\" href=\"https:\/\/ungaornar.se\/en\/find-us-here\/dalarna-district\/\" style=\"padding-top:var(--wp--preset--spacing--40);padding-right:var(--wp--preset--spacing--80);padding-bottom:var(--wp--preset--spacing--40);padding-left:var(--wp--preset--spacing--80);font-style:normal;font-weight:700\">Dalarna<\/a><\/div>\n\n\n\n<div class=\"wp-block-button mx-auto xl:max-w-7xl\"><a class=\"wp-block-button__link has-brand-dark-blue-background-color has-background has-medium-font-size has-custom-font-size wp-element-button\" href=\"https:\/\/ungaornar.se\/en\/find-us-here\/gotland-district\/\" style=\"padding-top:var(--wp--preset--spacing--40);padding-right:var(--wp--preset--spacing--80);padding-bottom:var(--wp--preset--spacing--40);padding-left:var(--wp--preset--spacing--80);font-style:normal;font-weight:700\">Gotland<\/a><\/div>\n\n\n\n<div class=\"wp-block-button mx-auto xl:max-w-7xl\"><a class=\"wp-block-button__link has-brand-dark-green-background-color has-background has-medium-font-size has-custom-font-size wp-element-button\" href=\"https:\/\/ungaornar.se\/en\/find-us-here\/gavleborg-district\/\" style=\"padding-top:var(--wp--preset--spacing--40);padding-right:var(--wp--preset--spacing--80);padding-bottom:var(--wp--preset--spacing--40);padding-left:var(--wp--preset--spacing--80);font-style:normal;font-weight:700\">G\u00e4vleborg<\/a><\/div>\n\n\n\n<div class=\"wp-block-button mx-auto xl:max-w-7xl\"><a class=\"wp-block-button__link has-brand-dark-yellow-background-color has-background has-medium-font-size has-custom-font-size wp-element-button\" href=\"https:\/\/ungaornar.se\/en\/find-us-here\/jamtland-district\/\" style=\"padding-top:var(--wp--preset--spacing--40);padding-right:var(--wp--preset--spacing--80);padding-bottom:var(--wp--preset--spacing--40);padding-left:var(--wp--preset--spacing--80);font-style:normal;font-weight:700\">J\u00e4mtland<\/a><\/div>\n\n\n\n<div class=\"wp-block-button mx-auto xl:max-w-7xl\"><a class=\"wp-block-button__link has-brand-dark-yellow-background-color has-background has-medium-font-size has-custom-font-size wp-element-button\" href=\"https:\/\/ungaornar.se\/en\/find-us-here\/jonkoping-district\/\" style=\"padding-top:var(--wp--preset--spacing--40);padding-right:var(--wp--preset--spacing--80);padding-bottom:var(--wp--preset--spacing--40);padding-left:var(--wp--preset--spacing--80);font-style:normal;font-weight:700\">J\u00f6nk\u00f6ping<\/a><\/div>\n\n\n\n<div class=\"wp-block-button mx-auto xl:max-w-7xl\"><a class=\"wp-block-button__link has-brand-dark-purple-background-color has-background has-medium-font-size has-custom-font-size wp-element-button\" href=\"https:\/\/ungaornar.se\/en\/find-us-here\/kalmar-district\/\" style=\"padding-top:var(--wp--preset--spacing--40);padding-right:var(--wp--preset--spacing--80);padding-bottom:var(--wp--preset--spacing--40);padding-left:var(--wp--preset--spacing--80);font-style:normal;font-weight:700\">Kalmar<\/a><\/div>\n\n\n\n<div class=\"wp-block-button mx-auto xl:max-w-7xl\"><a class=\"wp-block-button__link has-brand-dark-blue-background-color has-background has-medium-font-size has-custom-font-size wp-element-button\" href=\"https:\/\/ungaornar.se\/en\/find-us-here\/kronoberg-district\/\" style=\"padding-top:var(--wp--preset--spacing--40);padding-right:var(--wp--preset--spacing--80);padding-bottom:var(--wp--preset--spacing--40);padding-left:var(--wp--preset--spacing--80);font-style:normal;font-weight:700\">Kronoberg<\/a><\/div>\n\n\n\n<div class=\"wp-block-button mx-auto xl:max-w-7xl\"><a class=\"wp-block-button__link has-brand-dark-green-background-color has-background has-medium-font-size has-custom-font-size wp-element-button\" href=\"https:\/\/ungaornar.se\/en\/find-us-here\/norrbotten-district\/\" style=\"padding-top:var(--wp--preset--spacing--40);padding-right:var(--wp--preset--spacing--80);padding-bottom:var(--wp--preset--spacing--40);padding-left:var(--wp--preset--spacing--80);font-style:normal;font-weight:700\">Norrbotten<\/a><\/div>\n\n\n\n<div class=\"wp-block-button mx-auto xl:max-w-7xl\"><a class=\"wp-block-button__link has-brand-dark-yellow-background-color has-background has-medium-font-size has-custom-font-size wp-element-button\" href=\"https:\/\/ungaornar.se\/en\/find-us-here\/skaraborg-district\/\" style=\"padding-top:var(--wp--preset--spacing--40);padding-right:var(--wp--preset--spacing--80);padding-bottom:var(--wp--preset--spacing--40);padding-left:var(--wp--preset--spacing--80);font-style:normal;font-weight:700\">Skaraborg<\/a><\/div>\n\n\n\n<div class=\"wp-block-button mx-auto xl:max-w-7xl\"><a class=\"wp-block-button__link has-brand-red-background-color has-background has-medium-font-size has-custom-font-size wp-element-button\" href=\"https:\/\/ungaornar.se\/en\/find-us-here\/skane-district\/\" style=\"padding-top:var(--wp--preset--spacing--40);padding-right:var(--wp--preset--spacing--80);padding-bottom:var(--wp--preset--spacing--40);padding-left:var(--wp--preset--spacing--80);font-style:normal;font-weight:700\">Sk\u00e5ne<\/a><\/div>\n\n\n\n<div class=\"wp-block-button mx-auto xl:max-w-7xl\"><a class=\"wp-block-button__link has-brand-dark-purple-background-color has-background has-medium-font-size has-custom-font-size wp-element-button\" href=\"https:\/\/ungaornar.se\/en\/find-us-here\/stockholm-county-district\/\" style=\"padding-top:var(--wp--preset--spacing--40);padding-right:var(--wp--preset--spacing--80);padding-bottom:var(--wp--preset--spacing--40);padding-left:var(--wp--preset--spacing--80);font-style:normal;font-weight:700\">Stockholm County<\/a><\/div>\n\n\n\n<div class=\"wp-block-button mx-auto xl:max-w-7xl\"><a class=\"wp-block-button__link has-brand-dark-blue-background-color has-background has-medium-font-size has-custom-font-size wp-element-button\" href=\"https:\/\/ungaornar.se\/en\/find-us-here\/sodermanland-district\/\" style=\"padding-top:var(--wp--preset--spacing--40);padding-right:var(--wp--preset--spacing--80);padding-bottom:var(--wp--preset--spacing--40);padding-left:var(--wp--preset--spacing--80);font-style:normal;font-weight:700\">S\u00f6dermanland<\/a><\/div>\n\n\n\n<div class=\"wp-block-button mx-auto xl:max-w-7xl\"><a class=\"wp-block-button__link has-brand-dark-green-background-color has-background has-medium-font-size has-custom-font-size wp-element-button\" href=\"https:\/\/ungaornar.se\/en\/find-us-here\/uppsala-district\/\" style=\"padding-top:var(--wp--preset--spacing--40);padding-right:var(--wp--preset--spacing--80);padding-bottom:var(--wp--preset--spacing--40);padding-left:var(--wp--preset--spacing--80);font-style:normal;font-weight:700\">Uppsala<\/a><\/div>\n\n\n\n<div class=\"wp-block-button mx-auto xl:max-w-7xl\"><a class=\"wp-block-button__link has-brand-dark-yellow-background-color has-background has-medium-font-size has-custom-font-size wp-element-button\" href=\"https:\/\/ungaornar.se\/en\/find-us-here\/varmland-district\/\" style=\"padding-top:var(--wp--preset--spacing--40);padding-right:var(--wp--preset--spacing--80);padding-bottom:var(--wp--preset--spacing--40);padding-left:var(--wp--preset--spacing--80);font-style:normal;font-weight:700\">V\u00e4rmland<\/a><\/div>\n\n\n\n<div class=\"wp-block-button mx-auto xl:max-w-7xl\"><a class=\"wp-block-button__link has-brand-red-background-color has-background has-medium-font-size has-custom-font-size wp-element-button\" href=\"https:\/\/ungaornar.se\/en\/find-us-here\/western-district\/\" style=\"padding-top:var(--wp--preset--spacing--40);padding-right:var(--wp--preset--spacing--80);padding-bottom:var(--wp--preset--spacing--40);padding-left:var(--wp--preset--spacing--80);font-style:normal;font-weight:700\">West<\/a><\/div>\n\n\n\n<div class=\"wp-block-button mx-auto xl:max-w-7xl\"><a class=\"wp-block-button__link has-brand-dark-purple-background-color has-background has-medium-font-size has-custom-font-size wp-element-button\" href=\"https:\/\/ungaornar.se\/en\/find-us-here\/vasterbotten-district\/\" style=\"padding-top:var(--wp--preset--spacing--40);padding-right:var(--wp--preset--spacing--80);padding-bottom:var(--wp--preset--spacing--40);padding-left:var(--wp--preset--spacing--80);font-style:normal;font-weight:700\">V\u00e4sterbotten<\/a><\/div>\n\n\n\n<div class=\"wp-block-button mx-auto xl:max-w-7xl\"><a class=\"wp-block-button__link has-brand-dark-blue-background-color has-background has-medium-font-size has-custom-font-size wp-element-button\" href=\"https:\/\/ungaornar.se\/en\/find-us-here\/vasternorrland-district\/\" style=\"padding-top:var(--wp--preset--spacing--40);padding-right:var(--wp--preset--spacing--80);padding-bottom:var(--wp--preset--spacing--40);padding-left:var(--wp--preset--spacing--80);font-style:normal;font-weight:700\">V\u00e4sternorrland<\/a><\/div>\n\n\n\n<div class=\"wp-block-button mx-auto xl:max-w-7xl\"><a class=\"wp-block-button__link has-brand-dark-green-background-color has-background has-medium-font-size has-custom-font-size wp-element-button\" href=\"https:\/\/ungaornar.se\/en\/find-us-here\/vastmanland-district\/\" style=\"padding-top:var(--wp--preset--spacing--40);padding-right:var(--wp--preset--spacing--80);padding-bottom:var(--wp--preset--spacing--40);padding-left:var(--wp--preset--spacing--80);font-style:normal;font-weight:700\">V\u00e4stmanland<\/a><\/div>\n\n\n\n<div class=\"wp-block-button mx-auto xl:max-w-7xl\"><a class=\"wp-block-button__link has-brand-dark-yellow-background-color has-background has-medium-font-size has-custom-font-size wp-element-button\" href=\"https:\/\/ungaornar.se\/en\/find-us-here\/orebro-district\/\" style=\"padding-top:var(--wp--preset--spacing--40);padding-right:var(--wp--preset--spacing--80);padding-bottom:var(--wp--preset--spacing--40);padding-left:var(--wp--preset--spacing--80);font-style:normal;font-weight:700\">\u00d6rebro<\/a><\/div>\n\n\n\n<div class=\"wp-block-button mx-auto xl:max-w-7xl\"><a class=\"wp-block-button__link has-brand-dark-yellow-background-color has-background has-medium-font-size has-custom-font-size wp-element-button\" href=\"https:\/\/ungaornar.se\/en\/find-us-here\/ostergotland-district\/\" style=\"padding-top:var(--wp--preset--spacing--40);padding-right:var(--wp--preset--spacing--80);padding-bottom:var(--wp--preset--spacing--40);padding-left:var(--wp--preset--spacing--80);font-style:normal;font-weight:700\">\u00d6sterg\u00f6tland<\/a><\/div>\n\n\n\n<div class=\"wp-block-button mx-auto xl:max-w-7xl\"><a class=\"wp-block-button__link has-brand-dark-purple-background-color has-background has-medium-font-size has-custom-font-size wp-element-button\" href=\"https:\/\/ungaornar.se\/en\/find-us-here\/halland-district\/\" style=\"padding-top:var(--wp--preset--spacing--40);padding-right:var(--wp--preset--spacing--80);padding-bottom:var(--wp--preset--spacing--40);padding-left:var(--wp--preset--spacing--80);font-style:normal;font-weight:700\">Halland<\/a><\/div>\n<\/div>\n<\/div>\n\n<\/div><\/div>","protected":false},"excerpt":{"rendered":"","protected":false},"author":5,"featured_media":0,"parent":0,"menu_order":0,"comment_status":"closed","ping_status":"closed","template":"","meta":{"_acf_changed":false,"footnotes":""},"class_list":["post-14323","page","type-page","status-publish","hentry"],"acf":[],"yoast_head":"<!-- This site is optimized with the Yoast SEO plugin v27.4 - https:\/\/yoast.com\/product\/yoast-seo-wordpress\/ -->\n<title>Find us here &#8211; Unga \u00d6rnar<\/title>\n<meta name=\"robots\" content=\"index, follow, max-snippet:-1, max-image-preview:large, max-video-preview:-1\" \/>\n<link rel=\"canonical\" href=\"https:\/\/ungaornar.se\/en\/find-us-here\/\" \/>\n<meta property=\"og:locale\" content=\"en_US\" \/>\n<meta property=\"og:type\" content=\"article\" \/>\n<meta property=\"og:title\" content=\"Find us here &#8211; Unga \u00d6rnar\" \/>\n<meta property=\"og:url\" content=\"https:\/\/ungaornar.se\/en\/find-us-here\/\" \/>\n<meta property=\"og:site_name\" content=\"Unga \u00d6rnar\" \/>\n<meta property=\"article:publisher\" content=\"http:\/\/facebook.com\/ungaornar\/\" \/>\n<meta property=\"article:modified_time\" content=\"2026-01-19T11:44:26+00:00\" \/>\n<script type=\"application\/ld+json\" class=\"yoast-schema-graph\">{\"@context\":\"https:\\\/\\\/schema.org\",\"@graph\":[{\"@type\":\"WebPage\",\"@id\":\"https:\\\/\\\/ungaornar.se\\\/en\\\/find-us-here\\\/\",\"url\":\"https:\\\/\\\/ungaornar.se\\\/en\\\/find-us-here\\\/\",\"name\":\"Find us here &#8211; Unga \u00d6rnar\",\"isPartOf\":{\"@id\":\"https:\\\/\\\/ungaornar.se\\\/en\\\/#website\"},\"datePublished\":\"2025-11-27T13:51:44+00:00\",\"dateModified\":\"2026-01-19T11:44:26+00:00\",\"breadcrumb\":{\"@id\":\"https:\\\/\\\/ungaornar.se\\\/en\\\/find-us-here\\\/#breadcrumb\"},\"inLanguage\":\"en-US\",\"potentialAction\":[{\"@type\":\"ReadAction\",\"target\":[\"https:\\\/\\\/ungaornar.se\\\/en\\\/find-us-here\\\/\"]}]},{\"@type\":\"BreadcrumbList\",\"@id\":\"https:\\\/\\\/ungaornar.se\\\/en\\\/find-us-here\\\/#breadcrumb\",\"itemListElement\":[{\"@type\":\"ListItem\",\"position\":1,\"name\":\"Hem\",\"item\":\"https:\\\/\\\/ungaornar.se\\\/en\\\/\"},{\"@type\":\"ListItem\",\"position\":2,\"name\":\"Find us here\"}]},{\"@type\":\"WebSite\",\"@id\":\"https:\\\/\\\/ungaornar.se\\\/en\\\/#website\",\"url\":\"https:\\\/\\\/ungaornar.se\\\/en\\\/\",\"name\":\"Unga \u00d6rnar\",\"description\":\"J\u00e4mlika barn leka b\u00e4st!\",\"alternateName\":\"Unga \u00d6rnars Riksf\u00f6rbund\",\"potentialAction\":[{\"@type\":\"SearchAction\",\"target\":{\"@type\":\"EntryPoint\",\"urlTemplate\":\"https:\\\/\\\/ungaornar.se\\\/en\\\/?s={search_term_string}\"},\"query-input\":{\"@type\":\"PropertyValueSpecification\",\"valueRequired\":true,\"valueName\":\"search_term_string\"}}],\"inLanguage\":\"en-US\"}]}<\/script>\n<!-- \/ Yoast SEO plugin. -->","yoast_head_json":{"title":"Find us here &#8211; Unga \u00d6rnar","robots":{"index":"index","follow":"follow","max-snippet":"max-snippet:-1","max-image-preview":"max-image-preview:large","max-video-preview":"max-video-preview:-1"},"canonical":"https:\/\/ungaornar.se\/en\/find-us-here\/","og_locale":"en_US","og_type":"article","og_title":"Find us here &#8211; Unga \u00d6rnar","og_url":"https:\/\/ungaornar.se\/en\/find-us-here\/","og_site_name":"Unga \u00d6rnar","article_publisher":"http:\/\/facebook.com\/ungaornar\/","article_modified_time":"2026-01-19T11:44:26+00:00","schema":{"@context":"https:\/\/schema.org","@graph":[{"@type":"WebPage","@id":"https:\/\/ungaornar.se\/en\/find-us-here\/","url":"https:\/\/ungaornar.se\/en\/find-us-here\/","name":"Find us here &#8211; Unga \u00d6rnar","isPartOf":{"@id":"https:\/\/ungaornar.se\/en\/#website"},"datePublished":"2025-11-27T13:51:44+00:00","dateModified":"2026-01-19T11:44:26+00:00","breadcrumb":{"@id":"https:\/\/ungaornar.se\/en\/find-us-here\/#breadcrumb"},"inLanguage":"en-US","potentialAction":[{"@type":"ReadAction","target":["https:\/\/ungaornar.se\/en\/find-us-here\/"]}]},{"@type":"BreadcrumbList","@id":"https:\/\/ungaornar.se\/en\/find-us-here\/#breadcrumb","itemListElement":[{"@type":"ListItem","position":1,"name":"Hem","item":"https:\/\/ungaornar.se\/en\/"},{"@type":"ListItem","position":2,"name":"Find us here"}]},{"@type":"WebSite","@id":"https:\/\/ungaornar.se\/en\/#website","url":"https:\/\/ungaornar.se\/en\/","name":"Unga \u00d6rnar","description":"J\u00e4mlika barn leka b\u00e4st!","alternateName":"Unga \u00d6rnars Riksf\u00f6rbund","potentialAction":[{"@type":"SearchAction","target":{"@type":"EntryPoint","urlTemplate":"https:\/\/ungaornar.se\/en\/?s={search_term_string}"},"query-input":{"@type":"PropertyValueSpecification","valueRequired":true,"valueName":"search_term_string"}}],"inLanguage":"en-US"}]}},"_links":{"self":[{"href":"https:\/\/ungaornar.se\/en\/wp-json\/wp\/v2\/pages\/14323","targetHints":{"allow":["GET"]}}],"collection":[{"href":"https:\/\/ungaornar.se\/en\/wp-json\/wp\/v2\/pages"}],"about":[{"href":"https:\/\/ungaornar.se\/en\/wp-json\/wp\/v2\/types\/page"}],"author":[{"embeddable":true,"href":"https:\/\/ungaornar.se\/en\/wp-json\/wp\/v2\/users\/5"}],"replies":[{"embeddable":true,"href":"https:\/\/ungaornar.se\/en\/wp-json\/wp\/v2\/comments?post=14323"}],"version-history":[{"count":2,"href":"https:\/\/ungaornar.se\/en\/wp-json\/wp\/v2\/pages\/14323\/revisions"}],"predecessor-version":[{"id":14346,"href":"https:\/\/ungaornar.se\/en\/wp-json\/wp\/v2\/pages\/14323\/revisions\/14346"}],"wp:attachment":[{"href":"https:\/\/ungaornar.se\/en\/wp-json\/wp\/v2\/media?parent=14323"}],"curies":[{"name":"wp","href":"https:\/\/api.w.org\/{rel}","templated":true}]}}