{"id":14328,"date":"2026-01-13T15:33:33","date_gmt":"2026-01-13T14:33:33","guid":{"rendered":"https:\/\/ungaornar.se\/about-us\/national-board\/"},"modified":"2026-01-19T12:44:16","modified_gmt":"2026-01-19T11:44:16","slug":"national-board","status":"publish","type":"page","link":"https:\/\/ungaornar.se\/en\/about-us\/national-board\/","title":{"rendered":"National Board"},"content":{"rendered":"<div class=\"block-container w-full px-4\"><div class=\"block-container__inner has-bg bg-brandRed padding-xl heading-barnsligt heading-large is-rounded\">\n<h2 class=\"has-text-align-center wp-block-post-title\">National Board<\/h2>\n<\/div><\/div>\n<div class=\"wp-block-columns mt-8 px-4 xl:max-w-7xl xl:mx-auto is-layout-flex wp-container-core-columns-is-layout-28f84493 wp-block-columns-is-layout-flex\">\n<div class=\"wp-block-column mx-auto xl:max-w-7xl is-layout-flow wp-block-column-is-layout-flow\"><div class=\"block-container mx-auto xl:max-w-7xl\"><div class=\"block-container__inner has-text text-black has-bg bg-brandLightBlue padding-small heading-helvetica heading-small is-rounded\">\n\n<figure class=\"wp-block-image size-full has-custom-border is-style-rounded mx-auto xl:max-w-7xl\"><img loading=\"lazy\" decoding=\"async\" width=\"500\" height=\"500\" src=\"https:\/\/ungaornar.se\/wp-content\/uploads\/2025\/11\/1.jpg\" alt=\"\" class=\"wp-image-2520\" style=\"border-style:none;border-width:0px;aspect-ratio:1;object-fit:cover\" srcset=\"https:\/\/ungaornar.se\/wp-content\/uploads\/2025\/11\/1.jpg 500w, https:\/\/ungaornar.se\/wp-content\/uploads\/2025\/11\/1-300x300.jpg 300w, https:\/\/ungaornar.se\/wp-content\/uploads\/2025\/11\/1-150x150.jpg 150w\" sizes=\"auto, (max-width: 500px) 100vw, 500px\" \/><\/figure>\n\n\n\n<h2 class=\"wp-block-heading has-text-align-center has-medium-font-size mx-auto xl:max-w-7xl\">Arber Gashi<\/h2>\n\n\n\n<p class=\"has-text-align-center has-small-font-size mx-auto xl:max-w-7xl\">Federal President<\/p>\n\n<\/div><\/div><\/div>\n\n\n\n<div class=\"wp-block-column mx-auto xl:max-w-7xl is-layout-flow wp-block-column-is-layout-flow\"><div class=\"block-container mx-auto xl:max-w-7xl\"><div class=\"block-container__inner has-text text-black has-bg bg-brandLightBlue padding-small heading-helvetica heading-small is-rounded\">\n\n<figure class=\"wp-block-image size-full has-custom-border is-style-rounded mx-auto xl:max-w-7xl\"><img loading=\"lazy\" decoding=\"async\" width=\"500\" height=\"500\" src=\"https:\/\/ungaornar.se\/wp-content\/uploads\/2025\/11\/6.jpg\" alt=\"\" class=\"wp-image-2517\" style=\"border-style:none;border-width:0px;aspect-ratio:1;object-fit:cover\" srcset=\"https:\/\/ungaornar.se\/wp-content\/uploads\/2025\/11\/6.jpg 500w, https:\/\/ungaornar.se\/wp-content\/uploads\/2025\/11\/6-300x300.jpg 300w, https:\/\/ungaornar.se\/wp-content\/uploads\/2025\/11\/6-150x150.jpg 150w\" sizes=\"auto, (max-width: 500px) 100vw, 500px\" \/><\/figure>\n\n\n\n<h2 class=\"wp-block-heading has-text-align-center has-medium-font-size mx-auto xl:max-w-7xl\">Amanda \u00c5kerlind<\/h2>\n\n\n\n<p class=\"has-text-align-center has-small-font-size mx-auto xl:max-w-7xl\">Vice Federal President<\/p>\n\n<\/div><\/div><\/div>\n\n\n\n<div class=\"wp-block-column mx-auto xl:max-w-7xl is-layout-flow wp-block-column-is-layout-flow\"><div class=\"block-container mx-auto xl:max-w-7xl\"><div class=\"block-container__inner has-text text-black has-bg bg-brandLightBlue padding-small heading-helvetica heading-small is-rounded\">\n\n<figure class=\"wp-block-image size-full has-custom-border is-style-rounded mx-auto xl:max-w-7xl\"><img loading=\"lazy\" decoding=\"async\" width=\"500\" height=\"500\" src=\"https:\/\/ungaornar.se\/wp-content\/uploads\/2025\/11\/9.jpg\" alt=\"\" class=\"wp-image-2509\" style=\"border-style:none;border-width:0px;aspect-ratio:1;object-fit:cover\" srcset=\"https:\/\/ungaornar.se\/wp-content\/uploads\/2025\/11\/9.jpg 500w, https:\/\/ungaornar.se\/wp-content\/uploads\/2025\/11\/9-300x300.jpg 300w, https:\/\/ungaornar.se\/wp-content\/uploads\/2025\/11\/9-150x150.jpg 150w\" sizes=\"auto, (max-width: 500px) 100vw, 500px\" \/><\/figure>\n\n\n\n<h2 class=\"wp-block-heading has-text-align-center has-medium-font-size mx-auto xl:max-w-7xl\">Tomas Aronson Ylip\u00e4\u00e4<\/h2>\n\n\n\n<p class=\"has-text-align-center has-small-font-size mx-auto xl:max-w-7xl\">National Secretary<\/p>\n\n<\/div><\/div><\/div>\n<\/div>\n\n<div class=\"wp-block-columns mt-8 px-4 xl:max-w-7xl xl:mx-auto is-layout-flex wp-container-core-columns-is-layout-28f84493 wp-block-columns-is-layout-flex\">\n<div class=\"wp-block-column mx-auto xl:max-w-7xl is-layout-flow wp-block-column-is-layout-flow\"><div class=\"block-container mx-auto xl:max-w-7xl\"><div class=\"block-container__inner has-text text-black has-bg bg-brandLightBlue padding-small heading-helvetica heading-small is-rounded\">\n\n<figure class=\"wp-block-image size-full has-custom-border is-style-rounded mx-auto xl:max-w-7xl\"><img loading=\"lazy\" decoding=\"async\" width=\"500\" height=\"500\" src=\"https:\/\/ungaornar.se\/wp-content\/uploads\/2025\/11\/2.jpg\" alt=\"\" class=\"wp-image-2518\" style=\"border-style:none;border-width:0px;aspect-ratio:1;object-fit:cover\" srcset=\"https:\/\/ungaornar.se\/wp-content\/uploads\/2025\/11\/2.jpg 500w, https:\/\/ungaornar.se\/wp-content\/uploads\/2025\/11\/2-300x300.jpg 300w, https:\/\/ungaornar.se\/wp-content\/uploads\/2025\/11\/2-150x150.jpg 150w\" sizes=\"auto, (max-width: 500px) 100vw, 500px\" \/><\/figure>\n\n\n\n<h2 class=\"wp-block-heading has-text-align-center has-medium-font-size mx-auto xl:max-w-7xl\"><strong>Yahya Aljizani<\/strong><\/h2>\n\n\n\n<p class=\"has-text-align-center has-small-font-size mx-auto xl:max-w-7xl\">Member<\/p>\n\n<\/div><\/div><\/div>\n\n\n\n<div class=\"wp-block-column mx-auto xl:max-w-7xl is-layout-flow wp-block-column-is-layout-flow\"><div class=\"block-container mx-auto xl:max-w-7xl\"><div class=\"block-container__inner has-text text-black has-bg bg-brandLightBlue padding-small heading-helvetica heading-small is-rounded\">\n\n<figure class=\"wp-block-image size-full has-custom-border is-style-rounded mx-auto xl:max-w-7xl\"><img loading=\"lazy\" decoding=\"async\" width=\"500\" height=\"500\" src=\"https:\/\/ungaornar.se\/wp-content\/uploads\/2025\/11\/12.jpg\" alt=\"\" class=\"wp-image-2510\" style=\"border-style:none;border-width:0px;aspect-ratio:1;object-fit:cover\" srcset=\"https:\/\/ungaornar.se\/wp-content\/uploads\/2025\/11\/12.jpg 500w, https:\/\/ungaornar.se\/wp-content\/uploads\/2025\/11\/12-300x300.jpg 300w, https:\/\/ungaornar.se\/wp-content\/uploads\/2025\/11\/12-150x150.jpg 150w\" sizes=\"auto, (max-width: 500px) 100vw, 500px\" \/><\/figure>\n\n\n\n<h2 class=\"wp-block-heading has-text-align-center has-medium-font-size mx-auto xl:max-w-7xl\">Amina Shiiq<\/h2>\n\n\n\n<p class=\"has-text-align-center has-small-font-size mx-auto xl:max-w-7xl\">Member<\/p>\n\n<\/div><\/div><\/div>\n\n\n\n<div class=\"wp-block-column mx-auto xl:max-w-7xl is-layout-flow wp-block-column-is-layout-flow\"><div class=\"block-container mx-auto xl:max-w-7xl\"><div class=\"block-container__inner has-text text-black has-bg bg-brandLightBlue padding-small heading-helvetica heading-small is-rounded\">\n\n<figure class=\"wp-block-image size-full has-custom-border is-style-rounded mx-auto xl:max-w-7xl\"><img loading=\"lazy\" decoding=\"async\" width=\"500\" height=\"500\" src=\"https:\/\/ungaornar.se\/wp-content\/uploads\/2025\/11\/10.jpg\" alt=\"\" class=\"wp-image-2513\" style=\"border-style:none;border-width:0px;aspect-ratio:1;object-fit:cover\" srcset=\"https:\/\/ungaornar.se\/wp-content\/uploads\/2025\/11\/10.jpg 500w, https:\/\/ungaornar.se\/wp-content\/uploads\/2025\/11\/10-300x300.jpg 300w, https:\/\/ungaornar.se\/wp-content\/uploads\/2025\/11\/10-150x150.jpg 150w\" sizes=\"auto, (max-width: 500px) 100vw, 500px\" \/><\/figure>\n\n\n\n<h2 class=\"wp-block-heading has-text-align-center has-medium-font-size mx-auto xl:max-w-7xl\">Jonas Persson<\/h2>\n\n\n\n<p class=\"has-text-align-center has-small-font-size mx-auto xl:max-w-7xl\">International Leader<\/p>\n\n<\/div><\/div><\/div>\n<\/div>\n\n<div class=\"wp-block-columns mt-8 px-4 xl:max-w-7xl xl:mx-auto is-layout-flex wp-container-core-columns-is-layout-28f84493 wp-block-columns-is-layout-flex\">\n<div class=\"wp-block-column mx-auto xl:max-w-7xl is-layout-flow wp-block-column-is-layout-flow\"><div class=\"block-container mx-auto xl:max-w-7xl\"><div class=\"block-container__inner has-text text-black has-bg bg-brandLightBlue padding-small heading-helvetica heading-small is-rounded\">\n\n<figure class=\"wp-block-image size-full has-custom-border is-style-rounded mx-auto xl:max-w-7xl\"><img loading=\"lazy\" decoding=\"async\" width=\"500\" height=\"500\" src=\"https:\/\/ungaornar.se\/wp-content\/uploads\/2025\/11\/4.jpg\" alt=\"\" class=\"wp-image-2514\" style=\"border-style:none;border-width:0px;aspect-ratio:1;object-fit:cover\" srcset=\"https:\/\/ungaornar.se\/wp-content\/uploads\/2025\/11\/4.jpg 500w, https:\/\/ungaornar.se\/wp-content\/uploads\/2025\/11\/4-300x300.jpg 300w, https:\/\/ungaornar.se\/wp-content\/uploads\/2025\/11\/4-150x150.jpg 150w\" sizes=\"auto, (max-width: 500px) 100vw, 500px\" \/><\/figure>\n\n\n\n<h2 class=\"wp-block-heading has-text-align-center has-medium-font-size mx-auto xl:max-w-7xl\"><strong>Harry Lindstedt<\/strong><\/h2>\n\n\n\n<p class=\"has-text-align-center has-small-font-size mx-auto xl:max-w-7xl\">Member<\/p>\n\n<\/div><\/div><\/div>\n\n\n\n<div class=\"wp-block-column mx-auto xl:max-w-7xl is-layout-flow wp-block-column-is-layout-flow\"><div class=\"block-container mx-auto xl:max-w-7xl\"><div class=\"block-container__inner has-text text-black has-bg bg-brandLightBlue padding-small heading-helvetica heading-small is-rounded\">\n\n<figure class=\"wp-block-image size-full has-custom-border is-style-rounded mx-auto xl:max-w-7xl\"><img loading=\"lazy\" decoding=\"async\" width=\"500\" height=\"500\" src=\"https:\/\/ungaornar.se\/wp-content\/uploads\/2025\/11\/7.jpg\" alt=\"\" class=\"wp-image-2516\" style=\"border-style:none;border-width:0px;aspect-ratio:1;object-fit:cover\" srcset=\"https:\/\/ungaornar.se\/wp-content\/uploads\/2025\/11\/7.jpg 500w, https:\/\/ungaornar.se\/wp-content\/uploads\/2025\/11\/7-300x300.jpg 300w, https:\/\/ungaornar.se\/wp-content\/uploads\/2025\/11\/7-150x150.jpg 150w\" sizes=\"auto, (max-width: 500px) 100vw, 500px\" \/><\/figure>\n\n\n\n<h2 class=\"wp-block-heading has-text-align-center has-medium-font-size mx-auto xl:max-w-7xl\">Adrian <strong>Sadoughi<\/strong><\/h2>\n\n\n\n<p class=\"has-text-align-center has-small-font-size mx-auto xl:max-w-7xl\">Member<\/p>\n\n<\/div><\/div><\/div>\n\n\n\n<div class=\"wp-block-column mx-auto xl:max-w-7xl is-layout-flow wp-block-column-is-layout-flow\"><div class=\"block-container mx-auto xl:max-w-7xl\"><div class=\"block-container__inner has-text text-black has-bg bg-brandLightBlue padding-small heading-helvetica heading-small is-rounded\">\n\n<figure class=\"wp-block-image size-full has-custom-border is-style-rounded mx-auto xl:max-w-7xl\"><img loading=\"lazy\" decoding=\"async\" width=\"500\" height=\"500\" src=\"https:\/\/ungaornar.se\/wp-content\/uploads\/2025\/11\/5.jpg\" alt=\"\" class=\"wp-image-2515\" style=\"border-style:none;border-width:0px;aspect-ratio:1;object-fit:cover\" srcset=\"https:\/\/ungaornar.se\/wp-content\/uploads\/2025\/11\/5.jpg 500w, https:\/\/ungaornar.se\/wp-content\/uploads\/2025\/11\/5-300x300.jpg 300w, https:\/\/ungaornar.se\/wp-content\/uploads\/2025\/11\/5-150x150.jpg 150w\" sizes=\"auto, (max-width: 500px) 100vw, 500px\" \/><\/figure>\n\n\n\n<h2 class=\"wp-block-heading has-text-align-center has-medium-font-size mx-auto xl:max-w-7xl\">David Persson<\/h2>\n\n\n\n<p class=\"has-text-align-center has-small-font-size mx-auto xl:max-w-7xl\">Member<\/p>\n\n<\/div><\/div><\/div>\n<\/div>\n\n<div class=\"wp-block-columns mt-8 px-4 xl:max-w-7xl xl:mx-auto is-layout-flex wp-container-core-columns-is-layout-28f84493 wp-block-columns-is-layout-flex\">\n<div class=\"wp-block-column mx-auto xl:max-w-7xl is-layout-flow wp-block-column-is-layout-flow\"><div class=\"block-container mx-auto xl:max-w-7xl\"><div class=\"block-container__inner has-text text-black has-bg bg-brandLightBlue padding-small heading-helvetica heading-small is-rounded\">\n\n<figure class=\"wp-block-image size-full has-custom-border is-style-rounded mx-auto xl:max-w-7xl\"><img loading=\"lazy\" decoding=\"async\" width=\"500\" height=\"500\" src=\"https:\/\/ungaornar.se\/wp-content\/uploads\/2025\/11\/8.jpg\" alt=\"\" class=\"wp-image-2508\" style=\"border-style:none;border-width:0px;aspect-ratio:1;object-fit:cover\" srcset=\"https:\/\/ungaornar.se\/wp-content\/uploads\/2025\/11\/8.jpg 500w, https:\/\/ungaornar.se\/wp-content\/uploads\/2025\/11\/8-300x300.jpg 300w, https:\/\/ungaornar.se\/wp-content\/uploads\/2025\/11\/8-150x150.jpg 150w\" sizes=\"auto, (max-width: 500px) 100vw, 500px\" \/><\/figure>\n\n\n\n<h2 class=\"wp-block-heading has-text-align-center has-medium-font-size mx-auto xl:max-w-7xl\"><strong>Sara Yasin Hassan<\/strong><\/h2>\n\n\n\n<p class=\"has-text-align-center has-small-font-size mx-auto xl:max-w-7xl\">Member<\/p>\n\n<\/div><\/div><\/div>\n\n\n\n<div class=\"wp-block-column mx-auto xl:max-w-7xl is-layout-flow wp-block-column-is-layout-flow\"><div class=\"block-container mx-auto xl:max-w-7xl\"><div class=\"block-container__inner has-text text-black has-bg bg-brandLightBlue padding-small heading-helvetica heading-small is-rounded\">\n\n<figure class=\"wp-block-image size-full has-custom-border is-style-rounded mx-auto xl:max-w-7xl\"><img loading=\"lazy\" decoding=\"async\" width=\"500\" height=\"500\" src=\"https:\/\/ungaornar.se\/wp-content\/uploads\/2025\/11\/11.jpg\" alt=\"\" class=\"wp-image-2512\" style=\"border-style:none;border-width:0px;aspect-ratio:1;object-fit:cover\" srcset=\"https:\/\/ungaornar.se\/wp-content\/uploads\/2025\/11\/11.jpg 500w, https:\/\/ungaornar.se\/wp-content\/uploads\/2025\/11\/11-300x300.jpg 300w, https:\/\/ungaornar.se\/wp-content\/uploads\/2025\/11\/11-150x150.jpg 150w\" sizes=\"auto, (max-width: 500px) 100vw, 500px\" \/><\/figure>\n\n\n\n<h2 class=\"wp-block-heading has-text-align-center has-medium-font-size mx-auto xl:max-w-7xl\"><strong>Ebba H\u00f6\u00f6k<\/strong><\/h2>\n\n\n\n<p class=\"has-text-align-center has-small-font-size mx-auto xl:max-w-7xl\">Member<\/p>\n\n<\/div><\/div><\/div>\n\n\n\n<div class=\"wp-block-column mx-auto xl:max-w-7xl is-layout-flow wp-block-column-is-layout-flow\"><div class=\"block-container mx-auto xl:max-w-7xl\"><div class=\"block-container__inner has-text text-black has-bg bg-brandLightBlue padding-small heading-helvetica heading-small is-rounded\">\n\n<figure class=\"wp-block-image size-full has-custom-border is-style-rounded mx-auto xl:max-w-7xl\"><img loading=\"lazy\" decoding=\"async\" width=\"500\" height=\"500\" src=\"https:\/\/ungaornar.se\/wp-content\/uploads\/2025\/11\/3.jpg\" alt=\"\" class=\"wp-image-2519\" style=\"border-style:none;border-width:0px;aspect-ratio:1;object-fit:cover\" srcset=\"https:\/\/ungaornar.se\/wp-content\/uploads\/2025\/11\/3.jpg 500w, https:\/\/ungaornar.se\/wp-content\/uploads\/2025\/11\/3-300x300.jpg 300w, https:\/\/ungaornar.se\/wp-content\/uploads\/2025\/11\/3-150x150.jpg 150w\" sizes=\"auto, (max-width: 500px) 100vw, 500px\" \/><\/figure>\n\n\n\n<h2 class=\"wp-block-heading has-text-align-center has-medium-font-size mx-auto xl:max-w-7xl\">Mikael Linko<\/h2>\n\n\n\n<p class=\"has-text-align-center has-small-font-size mx-auto xl:max-w-7xl\">Member<\/p>\n\n<\/div><\/div><\/div>\n<\/div>\n\n<div class=\"wp-block-columns mt-8 px-4 xl:max-w-7xl xl:mx-auto is-layout-flex wp-container-core-columns-is-layout-28f84493 wp-block-columns-is-layout-flex\">\n<div class=\"wp-block-column mx-auto xl:max-w-7xl is-layout-flow wp-block-column-is-layout-flow\"><div class=\"block-container mx-auto xl:max-w-7xl\"><div class=\"block-container__inner has-text text-black has-bg bg-brandLightBlue padding-small heading-helvetica heading-small is-rounded\">\n\n<figure class=\"wp-block-image size-full has-custom-border is-style-rounded mx-auto xl:max-w-7xl\"><img loading=\"lazy\" decoding=\"async\" width=\"500\" height=\"500\" src=\"https:\/\/ungaornar.se\/wp-content\/uploads\/2025\/11\/13.jpg\" alt=\"\" class=\"wp-image-2511\" style=\"border-style:none;border-width:0px;aspect-ratio:1;object-fit:cover\" srcset=\"https:\/\/ungaornar.se\/wp-content\/uploads\/2025\/11\/13.jpg 500w, https:\/\/ungaornar.se\/wp-content\/uploads\/2025\/11\/13-300x300.jpg 300w, https:\/\/ungaornar.se\/wp-content\/uploads\/2025\/11\/13-150x150.jpg 150w\" sizes=\"auto, (max-width: 500px) 100vw, 500px\" \/><\/figure>\n\n\n\n<h2 class=\"wp-block-heading has-text-align-center has-medium-font-size mx-auto xl:max-w-7xl\">Mirja R\u00e4ih\u00e4<\/h2>\n\n\n\n<p class=\"has-text-align-center has-small-font-size mx-auto xl:max-w-7xl\">Member<\/p>\n\n<\/div><\/div><\/div>\n\n\n\n<div class=\"wp-block-column mx-auto xl:max-w-7xl is-layout-flow wp-block-column-is-layout-flow\"><div class=\"block-container mx-auto xl:max-w-7xl\"><div class=\"block-container__inner has-text text-black padding-small heading-helvetica heading-small is-rounded\"><\/div><\/div><\/div>\n\n\n\n<div class=\"wp-block-column mx-auto xl:max-w-7xl is-layout-flow wp-block-column-is-layout-flow\"><div class=\"block-container mx-auto xl:max-w-7xl\"><div class=\"block-container__inner has-text text-black padding-small heading-helvetica heading-small is-rounded\"><\/div><\/div><\/div>\n<\/div>\n","protected":false},"excerpt":{"rendered":"","protected":false},"author":5,"featured_media":0,"parent":14315,"menu_order":0,"comment_status":"closed","ping_status":"closed","template":"","meta":{"_acf_changed":false,"footnotes":""},"class_list":["post-14328","page","type-page","status-publish","hentry"],"acf":[],"yoast_head":"<!-- This site is optimized with the Yoast SEO plugin v27.4 - https:\/\/yoast.com\/product\/yoast-seo-wordpress\/ -->\n<title>National Board &#8211; Unga \u00d6rnar<\/title>\n<meta name=\"robots\" content=\"index, follow, max-snippet:-1, max-image-preview:large, max-video-preview:-1\" \/>\n<link rel=\"canonical\" href=\"https:\/\/ungaornar.se\/en\/about-us\/national-board\/\" \/>\n<meta property=\"og:locale\" content=\"en_US\" \/>\n<meta property=\"og:type\" content=\"article\" \/>\n<meta property=\"og:title\" content=\"National Board &#8211; Unga \u00d6rnar\" \/>\n<meta property=\"og:url\" content=\"https:\/\/ungaornar.se\/en\/about-us\/national-board\/\" \/>\n<meta property=\"og:site_name\" content=\"Unga \u00d6rnar\" \/>\n<meta property=\"article:publisher\" content=\"http:\/\/facebook.com\/ungaornar\/\" \/>\n<meta property=\"article:modified_time\" content=\"2026-01-19T11:44:16+00:00\" \/>\n<meta property=\"og:image\" content=\"https:\/\/ungaornar.se\/wp-content\/uploads\/2025\/11\/1.jpg\" \/>\n\t<meta property=\"og:image:width\" content=\"500\" \/>\n\t<meta property=\"og:image:height\" content=\"500\" \/>\n\t<meta property=\"og:image:type\" content=\"image\/jpeg\" \/>\n<script type=\"application\/ld+json\" class=\"yoast-schema-graph\">{\"@context\":\"https:\\\/\\\/schema.org\",\"@graph\":[{\"@type\":\"WebPage\",\"@id\":\"https:\\\/\\\/ungaornar.se\\\/en\\\/about-us\\\/national-board\\\/\",\"url\":\"https:\\\/\\\/ungaornar.se\\\/en\\\/about-us\\\/national-board\\\/\",\"name\":\"National Board &#8211; Unga \u00d6rnar\",\"isPartOf\":{\"@id\":\"https:\\\/\\\/ungaornar.se\\\/en\\\/#website\"},\"primaryImageOfPage\":{\"@id\":\"https:\\\/\\\/ungaornar.se\\\/en\\\/about-us\\\/national-board\\\/#primaryimage\"},\"image\":{\"@id\":\"https:\\\/\\\/ungaornar.se\\\/en\\\/about-us\\\/national-board\\\/#primaryimage\"},\"thumbnailUrl\":\"https:\\\/\\\/ungaornar.se\\\/wp-content\\\/uploads\\\/2025\\\/11\\\/1.jpg\",\"datePublished\":\"2026-01-13T14:33:33+00:00\",\"dateModified\":\"2026-01-19T11:44:16+00:00\",\"breadcrumb\":{\"@id\":\"https:\\\/\\\/ungaornar.se\\\/en\\\/about-us\\\/national-board\\\/#breadcrumb\"},\"inLanguage\":\"en-US\",\"potentialAction\":[{\"@type\":\"ReadAction\",\"target\":[\"https:\\\/\\\/ungaornar.se\\\/en\\\/about-us\\\/national-board\\\/\"]}]},{\"@type\":\"ImageObject\",\"inLanguage\":\"en-US\",\"@id\":\"https:\\\/\\\/ungaornar.se\\\/en\\\/about-us\\\/national-board\\\/#primaryimage\",\"url\":\"https:\\\/\\\/ungaornar.se\\\/wp-content\\\/uploads\\\/2025\\\/11\\\/1.jpg\",\"contentUrl\":\"https:\\\/\\\/ungaornar.se\\\/wp-content\\\/uploads\\\/2025\\\/11\\\/1.jpg\"},{\"@type\":\"BreadcrumbList\",\"@id\":\"https:\\\/\\\/ungaornar.se\\\/en\\\/about-us\\\/national-board\\\/#breadcrumb\",\"itemListElement\":[{\"@type\":\"ListItem\",\"position\":1,\"name\":\"Hem\",\"item\":\"https:\\\/\\\/ungaornar.se\\\/en\\\/\"},{\"@type\":\"ListItem\",\"position\":2,\"name\":\"About us\",\"item\":\"https:\\\/\\\/ungaornar.se\\\/en\\\/about-us\\\/\"},{\"@type\":\"ListItem\",\"position\":3,\"name\":\"National Board\"}]},{\"@type\":\"WebSite\",\"@id\":\"https:\\\/\\\/ungaornar.se\\\/en\\\/#website\",\"url\":\"https:\\\/\\\/ungaornar.se\\\/en\\\/\",\"name\":\"Unga \u00d6rnar\",\"description\":\"J\u00e4mlika barn leka b\u00e4st!\",\"alternateName\":\"Unga \u00d6rnars Riksf\u00f6rbund\",\"potentialAction\":[{\"@type\":\"SearchAction\",\"target\":{\"@type\":\"EntryPoint\",\"urlTemplate\":\"https:\\\/\\\/ungaornar.se\\\/en\\\/?s={search_term_string}\"},\"query-input\":{\"@type\":\"PropertyValueSpecification\",\"valueRequired\":true,\"valueName\":\"search_term_string\"}}],\"inLanguage\":\"en-US\"}]}<\/script>\n<!-- \/ Yoast SEO plugin. -->","yoast_head_json":{"title":"National Board &#8211; Unga \u00d6rnar","robots":{"index":"index","follow":"follow","max-snippet":"max-snippet:-1","max-image-preview":"max-image-preview:large","max-video-preview":"max-video-preview:-1"},"canonical":"https:\/\/ungaornar.se\/en\/about-us\/national-board\/","og_locale":"en_US","og_type":"article","og_title":"National Board &#8211; Unga \u00d6rnar","og_url":"https:\/\/ungaornar.se\/en\/about-us\/national-board\/","og_site_name":"Unga \u00d6rnar","article_publisher":"http:\/\/facebook.com\/ungaornar\/","article_modified_time":"2026-01-19T11:44:16+00:00","og_image":[{"width":500,"height":500,"url":"https:\/\/ungaornar.se\/wp-content\/uploads\/2025\/11\/1.jpg","type":"image\/jpeg"}],"schema":{"@context":"https:\/\/schema.org","@graph":[{"@type":"WebPage","@id":"https:\/\/ungaornar.se\/en\/about-us\/national-board\/","url":"https:\/\/ungaornar.se\/en\/about-us\/national-board\/","name":"National Board &#8211; Unga \u00d6rnar","isPartOf":{"@id":"https:\/\/ungaornar.se\/en\/#website"},"primaryImageOfPage":{"@id":"https:\/\/ungaornar.se\/en\/about-us\/national-board\/#primaryimage"},"image":{"@id":"https:\/\/ungaornar.se\/en\/about-us\/national-board\/#primaryimage"},"thumbnailUrl":"https:\/\/ungaornar.se\/wp-content\/uploads\/2025\/11\/1.jpg","datePublished":"2026-01-13T14:33:33+00:00","dateModified":"2026-01-19T11:44:16+00:00","breadcrumb":{"@id":"https:\/\/ungaornar.se\/en\/about-us\/national-board\/#breadcrumb"},"inLanguage":"en-US","potentialAction":[{"@type":"ReadAction","target":["https:\/\/ungaornar.se\/en\/about-us\/national-board\/"]}]},{"@type":"ImageObject","inLanguage":"en-US","@id":"https:\/\/ungaornar.se\/en\/about-us\/national-board\/#primaryimage","url":"https:\/\/ungaornar.se\/wp-content\/uploads\/2025\/11\/1.jpg","contentUrl":"https:\/\/ungaornar.se\/wp-content\/uploads\/2025\/11\/1.jpg"},{"@type":"BreadcrumbList","@id":"https:\/\/ungaornar.se\/en\/about-us\/national-board\/#breadcrumb","itemListElement":[{"@type":"ListItem","position":1,"name":"Hem","item":"https:\/\/ungaornar.se\/en\/"},{"@type":"ListItem","position":2,"name":"About us","item":"https:\/\/ungaornar.se\/en\/about-us\/"},{"@type":"ListItem","position":3,"name":"National Board"}]},{"@type":"WebSite","@id":"https:\/\/ungaornar.se\/en\/#website","url":"https:\/\/ungaornar.se\/en\/","name":"Unga \u00d6rnar","description":"J\u00e4mlika barn leka b\u00e4st!","alternateName":"Unga \u00d6rnars Riksf\u00f6rbund","potentialAction":[{"@type":"SearchAction","target":{"@type":"EntryPoint","urlTemplate":"https:\/\/ungaornar.se\/en\/?s={search_term_string}"},"query-input":{"@type":"PropertyValueSpecification","valueRequired":true,"valueName":"search_term_string"}}],"inLanguage":"en-US"}]}},"_links":{"self":[{"href":"https:\/\/ungaornar.se\/en\/wp-json\/wp\/v2\/pages\/14328","targetHints":{"allow":["GET"]}}],"collection":[{"href":"https:\/\/ungaornar.se\/en\/wp-json\/wp\/v2\/pages"}],"about":[{"href":"https:\/\/ungaornar.se\/en\/wp-json\/wp\/v2\/types\/page"}],"author":[{"embeddable":true,"href":"https:\/\/ungaornar.se\/en\/wp-json\/wp\/v2\/users\/5"}],"replies":[{"embeddable":true,"href":"https:\/\/ungaornar.se\/en\/wp-json\/wp\/v2\/comments?post=14328"}],"version-history":[{"count":1,"href":"https:\/\/ungaornar.se\/en\/wp-json\/wp\/v2\/pages\/14328\/revisions"}],"predecessor-version":[{"id":14331,"href":"https:\/\/ungaornar.se\/en\/wp-json\/wp\/v2\/pages\/14328\/revisions\/14331"}],"up":[{"embeddable":true,"href":"https:\/\/ungaornar.se\/en\/wp-json\/wp\/v2\/pages\/14315"}],"wp:attachment":[{"href":"https:\/\/ungaornar.se\/en\/wp-json\/wp\/v2\/media?parent=14328"}],"curies":[{"name":"wp","href":"https:\/\/api.w.org\/{rel}","templated":true}]}}