{"id":14336,"date":"2026-01-13T15:59:09","date_gmt":"2026-01-13T14:59:09","guid":{"rendered":"https:\/\/ungaornar.se\/about-us\/national-office\/"},"modified":"2026-01-19T12:44:26","modified_gmt":"2026-01-19T11:44:26","slug":"national-office","status":"publish","type":"page","link":"https:\/\/ungaornar.se\/en\/about-us\/national-office\/","title":{"rendered":"National Office"},"content":{"rendered":"<div class=\"block-container w-full px-4\"><div class=\"block-container__inner has-bg bg-brandRed padding-xl heading-barnsligt heading-large is-rounded\">\n<h2 class=\"has-text-align-center wp-block-post-title\">National Office<\/h2>\n\n\n<p class=\"mx-auto xl:max-w-7xl\"><\/p>\n\n<\/div><\/div>\n<div class=\"wp-block-columns mt-8 px-4 xl:max-w-7xl xl:mx-auto is-layout-flex wp-container-core-columns-is-layout-28f84493 wp-block-columns-is-layout-flex\">\n<div class=\"wp-block-column mx-auto xl:max-w-7xl is-layout-flow wp-block-column-is-layout-flow\"><div class=\"block-container mx-auto xl:max-w-7xl\"><div class=\"block-container__inner has-text text-black has-bg bg-brandLightBlue padding-small heading-helvetica heading-small is-rounded\">\n\n<figure class=\"wp-block-image size-full has-custom-border is-style-rounded mx-auto xl:max-w-7xl\"><img loading=\"lazy\" decoding=\"async\" width=\"500\" height=\"500\" src=\"https:\/\/ungaornar.se\/wp-content\/uploads\/2025\/11\/9.jpg\" alt=\"\" class=\"wp-image-2509\" style=\"border-style:none;border-width:0px;aspect-ratio:1;object-fit:cover\" srcset=\"https:\/\/ungaornar.se\/wp-content\/uploads\/2025\/11\/9.jpg 500w, https:\/\/ungaornar.se\/wp-content\/uploads\/2025\/11\/9-300x300.jpg 300w, https:\/\/ungaornar.se\/wp-content\/uploads\/2025\/11\/9-150x150.jpg 150w\" sizes=\"auto, (max-width: 500px) 100vw, 500px\" \/><\/figure>\n\n\n\n<h2 class=\"wp-block-heading has-text-align-center has-medium-font-size mx-auto xl:max-w-7xl\">Tomas Aronson Ylip\u00e4\u00e4<\/h2>\n\n\n\n<p class=\"has-text-align-center has-small-font-size mx-auto xl:max-w-7xl\">Association Secretary<br\/><a href=\"\/tomas.aronson.ylipaa@ungaornar.se\">tomas.aronson.ylipaa@ungaornar.se <\/a> <\/p>\n\n<\/div><\/div><\/div>\n\n\n\n<div class=\"wp-block-column mx-auto xl:max-w-7xl is-layout-flow wp-block-column-is-layout-flow\"><div class=\"block-container mx-auto xl:max-w-7xl\"><div class=\"block-container__inner has-text text-black has-bg bg-brandLightBlue padding-small heading-helvetica heading-small is-rounded\">\n\n<figure class=\"wp-block-image size-full has-custom-border is-style-rounded mx-auto xl:max-w-7xl\"><img loading=\"lazy\" decoding=\"async\" width=\"2560\" height=\"1865\" src=\"https:\/\/ungaornar.se\/wp-content\/uploads\/2026\/01\/Sam-Nissander-1-scaled-1.webp\" alt=\"\" class=\"wp-image-3239\" style=\"border-style:none;border-width:0px;aspect-ratio:1;object-fit:cover\" srcset=\"https:\/\/ungaornar.se\/wp-content\/uploads\/2026\/01\/Sam-Nissander-1-scaled-1.webp 2560w, https:\/\/ungaornar.se\/wp-content\/uploads\/2026\/01\/Sam-Nissander-1-scaled-1-300x219.webp 300w, https:\/\/ungaornar.se\/wp-content\/uploads\/2026\/01\/Sam-Nissander-1-scaled-1-1024x746.webp 1024w, https:\/\/ungaornar.se\/wp-content\/uploads\/2026\/01\/Sam-Nissander-1-scaled-1-768x560.webp 768w, https:\/\/ungaornar.se\/wp-content\/uploads\/2026\/01\/Sam-Nissander-1-scaled-1-1536x1119.webp 1536w, https:\/\/ungaornar.se\/wp-content\/uploads\/2026\/01\/Sam-Nissander-1-scaled-1-2048x1492.webp 2048w\" sizes=\"auto, (max-width: 2560px) 100vw, 2560px\" \/><\/figure>\n\n\n\n<h2 class=\"wp-block-heading has-text-align-center has-medium-font-size mx-auto xl:max-w-7xl\">Sam Nissander<\/h2>\n\n\n\n<p class=\"has-text-align-center has-small-font-size mx-auto xl:max-w-7xl\">Office Coordinator<br\/><a href=\"\/sam.nissander@ungaornar.se\">sam.nissander@ungaornar.se <\/a> <\/p>\n\n<\/div><\/div><\/div>\n\n\n\n<div class=\"wp-block-column mx-auto xl:max-w-7xl is-layout-flow wp-block-column-is-layout-flow\"><div class=\"block-container mx-auto xl:max-w-7xl\"><div class=\"block-container__inner has-text text-black has-bg bg-brandLightBlue padding-small heading-helvetica heading-small is-rounded\">\n\n<figure class=\"wp-block-image size-full has-custom-border is-style-rounded mx-auto xl:max-w-7xl\"><img loading=\"lazy\" decoding=\"async\" width=\"2542\" height=\"2560\" src=\"https:\/\/ungaornar.se\/wp-content\/uploads\/2026\/01\/Flaktrim-scaled-1.avif\" alt=\"\" class=\"wp-image-3242\" style=\"border-style:none;border-width:0px;aspect-ratio:1;object-fit:cover\" srcset=\"https:\/\/ungaornar.se\/wp-content\/uploads\/2026\/01\/Flaktrim-scaled-1.avif 2542w, https:\/\/ungaornar.se\/wp-content\/uploads\/2026\/01\/Flaktrim-scaled-1-298x300.avif 298w, https:\/\/ungaornar.se\/wp-content\/uploads\/2026\/01\/Flaktrim-scaled-1-1017x1024.avif 1017w, https:\/\/ungaornar.se\/wp-content\/uploads\/2026\/01\/Flaktrim-scaled-1-150x150.avif 150w, https:\/\/ungaornar.se\/wp-content\/uploads\/2026\/01\/Flaktrim-scaled-1-768x773.avif 768w, https:\/\/ungaornar.se\/wp-content\/uploads\/2026\/01\/Flaktrim-scaled-1-1525x1536.avif 1525w, https:\/\/ungaornar.se\/wp-content\/uploads\/2026\/01\/Flaktrim-scaled-1-2034x2048.avif 2034w\" sizes=\"auto, (max-width: 2542px) 100vw, 2542px\" \/><\/figure>\n\n\n\n<h2 class=\"wp-block-heading has-text-align-center has-medium-font-size mx-auto xl:max-w-7xl\">Flaktrim Hani<\/h2>\n\n\n\n<p class=\"has-text-align-center has-small-font-size mx-auto xl:max-w-7xl\">Association Ombudsman<br\/><a href=\"mailto:flaktrim.hani@ungaornar.se\">flaktrim.hani@ungaornar.se<\/a><\/p>\n\n<\/div><\/div><\/div>\n<\/div>\n\n<div class=\"wp-block-columns mt-8 px-4 xl:max-w-7xl xl:mx-auto is-layout-flex wp-container-core-columns-is-layout-28f84493 wp-block-columns-is-layout-flex\">\n<div class=\"wp-block-column mx-auto xl:max-w-7xl is-layout-flow wp-block-column-is-layout-flow\"><div class=\"block-container mx-auto xl:max-w-7xl\"><div class=\"block-container__inner has-text text-black has-bg bg-brandLightBlue padding-small heading-helvetica heading-small is-rounded\">\n\n<figure class=\"wp-block-image size-full has-custom-border is-style-rounded mx-auto xl:max-w-7xl\"><img loading=\"lazy\" decoding=\"async\" width=\"1000\" height=\"667\" src=\"https:\/\/ungaornar.se\/wp-content\/uploads\/2026\/01\/Louise-WEB.jpg\" alt=\"\" class=\"wp-image-3240\" style=\"border-style:none;border-width:0px;aspect-ratio:1;object-fit:cover\" srcset=\"https:\/\/ungaornar.se\/wp-content\/uploads\/2026\/01\/Louise-WEB.jpg 1000w, https:\/\/ungaornar.se\/wp-content\/uploads\/2026\/01\/Louise-WEB-300x200.jpg 300w, https:\/\/ungaornar.se\/wp-content\/uploads\/2026\/01\/Louise-WEB-768x512.jpg 768w\" sizes=\"auto, (max-width: 1000px) 100vw, 1000px\" \/><\/figure>\n\n\n\n<h2 class=\"wp-block-heading has-text-align-center has-medium-font-size mx-auto xl:max-w-7xl\">Louise Engelbrektsson<\/h2>\n\n\n\n<p class=\"has-text-align-center has-small-font-size mx-auto xl:max-w-7xl\">Association Ombudsman<br\/><a href=\"mailto:louise.engelbrektsson@ungaornar.se\">louise.engelbrektsson@ungaornar.se<\/a><\/p>\n\n<\/div><\/div><\/div>\n\n\n\n<div class=\"wp-block-column mx-auto xl:max-w-7xl is-layout-flow wp-block-column-is-layout-flow\"><div class=\"block-container mx-auto xl:max-w-7xl\"><div class=\"block-container__inner has-text text-black has-bg bg-brandLightBlue padding-small heading-helvetica heading-small is-rounded\">\n\n<figure class=\"wp-block-image size-full has-custom-border is-style-rounded mx-auto xl:max-w-7xl\"><img loading=\"lazy\" decoding=\"async\" width=\"1620\" height=\"1620\" src=\"https:\/\/ungaornar.se\/wp-content\/uploads\/2026\/01\/Andrea.avif\" alt=\"\" class=\"wp-image-3241\" style=\"border-style:none;border-width:0px;aspect-ratio:1;object-fit:cover\" srcset=\"https:\/\/ungaornar.se\/wp-content\/uploads\/2026\/01\/Andrea.avif 1620w, https:\/\/ungaornar.se\/wp-content\/uploads\/2026\/01\/Andrea-300x300.avif 300w, https:\/\/ungaornar.se\/wp-content\/uploads\/2026\/01\/Andrea-1024x1024.avif 1024w, https:\/\/ungaornar.se\/wp-content\/uploads\/2026\/01\/Andrea-150x150.avif 150w, https:\/\/ungaornar.se\/wp-content\/uploads\/2026\/01\/Andrea-768x768.avif 768w, https:\/\/ungaornar.se\/wp-content\/uploads\/2026\/01\/Andrea-1536x1536.avif 1536w\" sizes=\"auto, (max-width: 1620px) 100vw, 1620px\" \/><\/figure>\n\n\n\n<h2 class=\"wp-block-heading has-text-align-center has-medium-font-size mx-auto xl:max-w-7xl\">Andrea Jacobsson<\/h2>\n\n\n\n<p class=\"has-text-align-center has-small-font-size mx-auto xl:max-w-7xl\">Association Ombudsman<br\/><a href=\"mailto:andrea.jacobsson@ungaornar.se\">andrea.jacobsson@ungaornar.se<\/a><\/p>\n\n<\/div><\/div><\/div>\n\n\n\n<div class=\"wp-block-column mx-auto xl:max-w-7xl is-layout-flow wp-block-column-is-layout-flow\"><\/div>\n<\/div>\n\n<p class=\"mx-auto xl:max-w-7xl\"><\/p>\n","protected":false},"excerpt":{"rendered":"","protected":false},"author":5,"featured_media":0,"parent":14315,"menu_order":0,"comment_status":"closed","ping_status":"closed","template":"","meta":{"_acf_changed":false,"footnotes":""},"class_list":["post-14336","page","type-page","status-publish","hentry"],"acf":[],"yoast_head":"<!-- This site is optimized with the Yoast SEO plugin v27.4 - https:\/\/yoast.com\/product\/yoast-seo-wordpress\/ -->\n<title>National Office &#8211; Unga \u00d6rnar<\/title>\n<meta name=\"robots\" content=\"index, follow, max-snippet:-1, max-image-preview:large, max-video-preview:-1\" \/>\n<link rel=\"canonical\" href=\"https:\/\/ungaornar.se\/en\/about-us\/national-office\/\" \/>\n<meta property=\"og:locale\" content=\"en_US\" \/>\n<meta property=\"og:type\" content=\"article\" \/>\n<meta property=\"og:title\" content=\"National Office &#8211; Unga \u00d6rnar\" \/>\n<meta property=\"og:url\" content=\"https:\/\/ungaornar.se\/en\/about-us\/national-office\/\" \/>\n<meta property=\"og:site_name\" content=\"Unga \u00d6rnar\" \/>\n<meta property=\"article:publisher\" content=\"http:\/\/facebook.com\/ungaornar\/\" \/>\n<meta property=\"article:modified_time\" content=\"2026-01-19T11:44:26+00:00\" \/>\n<meta property=\"og:image\" content=\"https:\/\/ungaornar.se\/wp-content\/uploads\/2025\/11\/9.jpg\" \/>\n\t<meta property=\"og:image:width\" content=\"500\" \/>\n\t<meta property=\"og:image:height\" content=\"500\" \/>\n\t<meta property=\"og:image:type\" content=\"image\/jpeg\" \/>\n<script type=\"application\/ld+json\" class=\"yoast-schema-graph\">{\"@context\":\"https:\\\/\\\/schema.org\",\"@graph\":[{\"@type\":\"WebPage\",\"@id\":\"https:\\\/\\\/ungaornar.se\\\/en\\\/about-us\\\/national-office\\\/\",\"url\":\"https:\\\/\\\/ungaornar.se\\\/en\\\/about-us\\\/national-office\\\/\",\"name\":\"National Office &#8211; Unga \u00d6rnar\",\"isPartOf\":{\"@id\":\"https:\\\/\\\/ungaornar.se\\\/en\\\/#website\"},\"primaryImageOfPage\":{\"@id\":\"https:\\\/\\\/ungaornar.se\\\/en\\\/about-us\\\/national-office\\\/#primaryimage\"},\"image\":{\"@id\":\"https:\\\/\\\/ungaornar.se\\\/en\\\/about-us\\\/national-office\\\/#primaryimage\"},\"thumbnailUrl\":\"https:\\\/\\\/ungaornar.se\\\/wp-content\\\/uploads\\\/2025\\\/11\\\/9.jpg\",\"datePublished\":\"2026-01-13T14:59:09+00:00\",\"dateModified\":\"2026-01-19T11:44:26+00:00\",\"breadcrumb\":{\"@id\":\"https:\\\/\\\/ungaornar.se\\\/en\\\/about-us\\\/national-office\\\/#breadcrumb\"},\"inLanguage\":\"en-US\",\"potentialAction\":[{\"@type\":\"ReadAction\",\"target\":[\"https:\\\/\\\/ungaornar.se\\\/en\\\/about-us\\\/national-office\\\/\"]}]},{\"@type\":\"ImageObject\",\"inLanguage\":\"en-US\",\"@id\":\"https:\\\/\\\/ungaornar.se\\\/en\\\/about-us\\\/national-office\\\/#primaryimage\",\"url\":\"https:\\\/\\\/ungaornar.se\\\/wp-content\\\/uploads\\\/2025\\\/11\\\/9.jpg\",\"contentUrl\":\"https:\\\/\\\/ungaornar.se\\\/wp-content\\\/uploads\\\/2025\\\/11\\\/9.jpg\"},{\"@type\":\"BreadcrumbList\",\"@id\":\"https:\\\/\\\/ungaornar.se\\\/en\\\/about-us\\\/national-office\\\/#breadcrumb\",\"itemListElement\":[{\"@type\":\"ListItem\",\"position\":1,\"name\":\"Hem\",\"item\":\"https:\\\/\\\/ungaornar.se\\\/en\\\/\"},{\"@type\":\"ListItem\",\"position\":2,\"name\":\"About us\",\"item\":\"https:\\\/\\\/ungaornar.se\\\/en\\\/about-us\\\/\"},{\"@type\":\"ListItem\",\"position\":3,\"name\":\"National Office\"}]},{\"@type\":\"WebSite\",\"@id\":\"https:\\\/\\\/ungaornar.se\\\/en\\\/#website\",\"url\":\"https:\\\/\\\/ungaornar.se\\\/en\\\/\",\"name\":\"Unga \u00d6rnar\",\"description\":\"J\u00e4mlika barn leka b\u00e4st!\",\"alternateName\":\"Unga \u00d6rnars Riksf\u00f6rbund\",\"potentialAction\":[{\"@type\":\"SearchAction\",\"target\":{\"@type\":\"EntryPoint\",\"urlTemplate\":\"https:\\\/\\\/ungaornar.se\\\/en\\\/?s={search_term_string}\"},\"query-input\":{\"@type\":\"PropertyValueSpecification\",\"valueRequired\":true,\"valueName\":\"search_term_string\"}}],\"inLanguage\":\"en-US\"}]}<\/script>\n<!-- \/ Yoast SEO plugin. -->","yoast_head_json":{"title":"National Office &#8211; Unga \u00d6rnar","robots":{"index":"index","follow":"follow","max-snippet":"max-snippet:-1","max-image-preview":"max-image-preview:large","max-video-preview":"max-video-preview:-1"},"canonical":"https:\/\/ungaornar.se\/en\/about-us\/national-office\/","og_locale":"en_US","og_type":"article","og_title":"National Office &#8211; Unga \u00d6rnar","og_url":"https:\/\/ungaornar.se\/en\/about-us\/national-office\/","og_site_name":"Unga \u00d6rnar","article_publisher":"http:\/\/facebook.com\/ungaornar\/","article_modified_time":"2026-01-19T11:44:26+00:00","og_image":[{"width":500,"height":500,"url":"https:\/\/ungaornar.se\/wp-content\/uploads\/2025\/11\/9.jpg","type":"image\/jpeg"}],"schema":{"@context":"https:\/\/schema.org","@graph":[{"@type":"WebPage","@id":"https:\/\/ungaornar.se\/en\/about-us\/national-office\/","url":"https:\/\/ungaornar.se\/en\/about-us\/national-office\/","name":"National Office &#8211; Unga \u00d6rnar","isPartOf":{"@id":"https:\/\/ungaornar.se\/en\/#website"},"primaryImageOfPage":{"@id":"https:\/\/ungaornar.se\/en\/about-us\/national-office\/#primaryimage"},"image":{"@id":"https:\/\/ungaornar.se\/en\/about-us\/national-office\/#primaryimage"},"thumbnailUrl":"https:\/\/ungaornar.se\/wp-content\/uploads\/2025\/11\/9.jpg","datePublished":"2026-01-13T14:59:09+00:00","dateModified":"2026-01-19T11:44:26+00:00","breadcrumb":{"@id":"https:\/\/ungaornar.se\/en\/about-us\/national-office\/#breadcrumb"},"inLanguage":"en-US","potentialAction":[{"@type":"ReadAction","target":["https:\/\/ungaornar.se\/en\/about-us\/national-office\/"]}]},{"@type":"ImageObject","inLanguage":"en-US","@id":"https:\/\/ungaornar.se\/en\/about-us\/national-office\/#primaryimage","url":"https:\/\/ungaornar.se\/wp-content\/uploads\/2025\/11\/9.jpg","contentUrl":"https:\/\/ungaornar.se\/wp-content\/uploads\/2025\/11\/9.jpg"},{"@type":"BreadcrumbList","@id":"https:\/\/ungaornar.se\/en\/about-us\/national-office\/#breadcrumb","itemListElement":[{"@type":"ListItem","position":1,"name":"Hem","item":"https:\/\/ungaornar.se\/en\/"},{"@type":"ListItem","position":2,"name":"About us","item":"https:\/\/ungaornar.se\/en\/about-us\/"},{"@type":"ListItem","position":3,"name":"National Office"}]},{"@type":"WebSite","@id":"https:\/\/ungaornar.se\/en\/#website","url":"https:\/\/ungaornar.se\/en\/","name":"Unga \u00d6rnar","description":"J\u00e4mlika barn leka b\u00e4st!","alternateName":"Unga \u00d6rnars Riksf\u00f6rbund","potentialAction":[{"@type":"SearchAction","target":{"@type":"EntryPoint","urlTemplate":"https:\/\/ungaornar.se\/en\/?s={search_term_string}"},"query-input":{"@type":"PropertyValueSpecification","valueRequired":true,"valueName":"search_term_string"}}],"inLanguage":"en-US"}]}},"_links":{"self":[{"href":"https:\/\/ungaornar.se\/en\/wp-json\/wp\/v2\/pages\/14336","targetHints":{"allow":["GET"]}}],"collection":[{"href":"https:\/\/ungaornar.se\/en\/wp-json\/wp\/v2\/pages"}],"about":[{"href":"https:\/\/ungaornar.se\/en\/wp-json\/wp\/v2\/types\/page"}],"author":[{"embeddable":true,"href":"https:\/\/ungaornar.se\/en\/wp-json\/wp\/v2\/users\/5"}],"replies":[{"embeddable":true,"href":"https:\/\/ungaornar.se\/en\/wp-json\/wp\/v2\/comments?post=14336"}],"version-history":[{"count":1,"href":"https:\/\/ungaornar.se\/en\/wp-json\/wp\/v2\/pages\/14336\/revisions"}],"predecessor-version":[{"id":14337,"href":"https:\/\/ungaornar.se\/en\/wp-json\/wp\/v2\/pages\/14336\/revisions\/14337"}],"up":[{"embeddable":true,"href":"https:\/\/ungaornar.se\/en\/wp-json\/wp\/v2\/pages\/14315"}],"wp:attachment":[{"href":"https:\/\/ungaornar.se\/en\/wp-json\/wp\/v2\/media?parent=14336"}],"curies":[{"name":"wp","href":"https:\/\/api.w.org\/{rel}","templated":true}]}}