{"id":14342,"date":"2026-01-14T12:05:58","date_gmt":"2026-01-14T11:05:58","guid":{"rendered":"https:\/\/ungaornar.se\/prevention\/no-children-in-prison\/"},"modified":"2026-01-19T12:44:26","modified_gmt":"2026-01-19T11:44:26","slug":"no-children-in-prison","status":"publish","type":"page","link":"https:\/\/ungaornar.se\/en\/prevention\/no-children-in-prison\/","title":{"rendered":"No children in prison"},"content":{"rendered":"<div class=\"block-container w-full px-4\"><div class=\"block-container__inner has-bg bg-brandRed padding-xl heading-barnsligt heading-large is-rounded\">\n<h2 class=\"has-text-align-center wp-block-post-title\">No children in prison<\/h2>\n<\/div><\/div><div class=\"block-container mt-8 px-4 xl:max-w-7xl xl:mx-auto\"><div class=\"block-container__inner has-text text-black has-bg bg-brandLightBlue padding-small heading-helvetica heading-small is-rounded\">\n\n<div data-wp-context=\"{ &quot;autoclose&quot;: false, &quot;accordionItems&quot;: [] }\" data-wp-interactive=\"core\/accordion\" role=\"group\" class=\"wp-block-accordion mx-auto xl:max-w-7xl is-layout-flow wp-block-accordion-is-layout-flow\">\n<div data-wp-class--is-open=\"state.isOpen\" data-wp-context=\"{ &quot;id&quot;: &quot;accordion-item-1&quot;, &quot;openByDefault&quot;: true }\" data-wp-init=\"callbacks.initAccordionItems\" data-wp-on-window--hashchange=\"callbacks.hashChange\" class=\"wp-block-accordion-item is-open mx-auto xl:max-w-7xl is-layout-flow wp-block-accordion-item-is-layout-flow\">\n<h3 class=\"wp-block-accordion-heading mx-auto xl:max-w-7xl\"><button aria-expanded=\"true\" aria-controls=\"accordion-item-1-panel\" data-wp-bind--aria-expanded=\"state.isOpen\" data-wp-on--click=\"actions.toggle\" data-wp-on--keydown=\"actions.handleKeyDown\" id=\"accordion-item-1\" class=\"wp-block-accordion-heading__toggle\" style=\"padding-right:var(--wp--preset--spacing--50);padding-left:var(--wp--preset--spacing--50)\"><span class=\"wp-block-accordion-heading__toggle-title\">About the proposal<\/span><span class=\"wp-block-accordion-heading__toggle-icon\" aria-hidden=\"true\">+<\/span><\/button><\/h3>\n\n\n\n<div aria-labelledby=\"accordion-item-1\" data-wp-bind--inert=\"!state.isOpen\" id=\"accordion-item-1-panel\" role=\"region\" class=\"wp-block-accordion-panel mx-auto xl:max-w-7xl is-layout-flow wp-block-accordion-panel-is-layout-flow\">\n<p style=\"padding-right:var(--wp--preset--spacing--50);padding-left:var(--wp--preset--spacing--50)\" class=\"mx-auto xl:max-w-7xl\">The government wants to change the law so that children as young as 13 or 14 years old can be <strong>deprived of their liberty<\/strong>, i.e., locked up in prison, if they commit very serious crimes. Currently, the limit is 15 years old. So, the proposal is not just about convicting children of crimes, but about making it possible to put them in locked institutions, places that are effectively prisons.  <br\/><br\/>The government believes this is necessary to stop gangs from using young people in crime. They also say that society must be able to react more harshly when a young person does something really serious. <br\/><br\/>But most of the authorities that were asked to comment on the proposal during the consultation period, such as the Social Services, SKR, DO, the Prison Service, and several children&#8217;s rights organizations, have said no. They point out that the proposal goes against both research and the Convention on the Rights of the Child. <\/p>\n<\/div>\n<\/div>\n<\/div>\n\n<\/div><\/div><div class=\"block-container mt-8 px-4 xl:max-w-7xl xl:mx-auto\"><div class=\"block-container__inner has-text text-black has-bg bg-brandLightPurple padding-small heading-helvetica heading-small is-rounded\">\n\n<div data-wp-context=\"{ &quot;autoclose&quot;: false, &quot;accordionItems&quot;: [] }\" data-wp-interactive=\"core\/accordion\" role=\"group\" class=\"wp-block-accordion mx-auto xl:max-w-7xl is-layout-flow wp-block-accordion-is-layout-flow\">\n<div data-wp-class--is-open=\"state.isOpen\" data-wp-context=\"{ &quot;id&quot;: &quot;accordion-item-2&quot;, &quot;openByDefault&quot;: false }\" data-wp-init=\"callbacks.initAccordionItems\" data-wp-on-window--hashchange=\"callbacks.hashChange\" class=\"wp-block-accordion-item mx-auto xl:max-w-7xl is-layout-flow wp-block-accordion-item-is-layout-flow\">\n<h3 class=\"wp-block-accordion-heading mx-auto xl:max-w-7xl\"><button aria-expanded=\"false\" aria-controls=\"accordion-item-2-panel\" data-wp-bind--aria-expanded=\"state.isOpen\" data-wp-on--click=\"actions.toggle\" data-wp-on--keydown=\"actions.handleKeyDown\" id=\"accordion-item-2\" class=\"wp-block-accordion-heading__toggle\" style=\"padding-right:var(--wp--preset--spacing--50);padding-left:var(--wp--preset--spacing--50)\"><span class=\"wp-block-accordion-heading__toggle-title\">What does it mean in practice?<\/span><span class=\"wp-block-accordion-heading__toggle-icon\" aria-hidden=\"true\">+<\/span><\/button><\/h3>\n\n\n\n<div inert aria-labelledby=\"accordion-item-2\" data-wp-bind--inert=\"!state.isOpen\" id=\"accordion-item-2-panel\" role=\"region\" class=\"wp-block-accordion-panel mx-auto xl:max-w-7xl is-layout-flow wp-block-accordion-panel-is-layout-flow\">\n<p style=\"padding-right:var(--wp--preset--spacing--50);padding-left:var(--wp--preset--spacing--50)\" class=\"mx-auto xl:max-w-7xl\">If the proposal is approved, children aged 13\u201314 could end up in institutions with locked doors where they live in isolation, are monitored, and have very limited freedom. This is not the same as an HVB home or a treatment center with a focus on care, but a prison and based on punishment. <br\/><br\/>It also means that:<\/p>\n\n\n\n<ul class=\"wp-block-list mx-auto xl:max-w-7xl\">\n<li style=\"padding-right:var(--wp--preset--spacing--50);padding-left:var(--wp--preset--spacing--50)\">&#8211; children can be taken out of school for a long time<\/li>\n\n\n\n<li style=\"padding-right:var(--wp--preset--spacing--50);padding-left:var(--wp--preset--spacing--50)\">&#8211; contact with family, friends, and security is impaired<\/li>\n\n\n\n<li style=\"padding-right:var(--wp--preset--spacing--50);padding-left:var(--wp--preset--spacing--50)\">&#8211; they risk being placed together with other young people and adults who have committed serious crimes<\/li>\n\n\n\n<li style=\"padding-right:var(--wp--preset--spacing--50);padding-left:var(--wp--preset--spacing--50)\">&#8211; they get even stronger contact with criminal environments<\/li>\n\n\n\n<li style=\"padding-right:var(--wp--preset--spacing--50);padding-left:var(--wp--preset--spacing--50)\">&#8211; they risk feeling even worse mentally<\/li>\n<\/ul>\n\n\n\n<p style=\"padding-right:var(--wp--preset--spacing--50);padding-left:var(--wp--preset--spacing--50)\" class=\"mx-auto xl:max-w-7xl\">Research shows that children who are deprived of their liberty are at greater risk of:<\/p>\n\n\n\n<ul class=\"wp-block-list mx-auto xl:max-w-7xl\">\n<li style=\"padding-right:var(--wp--preset--spacing--50);padding-left:var(--wp--preset--spacing--50)\">&#8211; re-offending<\/li>\n\n\n\n<li style=\"padding-right:var(--wp--preset--spacing--50);padding-left:var(--wp--preset--spacing--50)\">&#8211; dropping out of school<\/li>\n\n\n\n<li style=\"padding-right:var(--wp--preset--spacing--50);padding-left:var(--wp--preset--spacing--50)\">&#8211; developing mental health problems<\/li>\n\n\n\n<li style=\"padding-right:var(--wp--preset--spacing--50);padding-left:var(--wp--preset--spacing--50)\">&#8211; ending up in crime when they get older<\/li>\n<\/ul>\n\n\n\n<p style=\"padding-right:var(--wp--preset--spacing--50);padding-left:var(--wp--preset--spacing--50)\" class=\"mx-auto xl:max-w-7xl\">That&#8217;s why experts warn that this could make the problem bigger, not smaller.<\/p>\n<\/div>\n<\/div>\n<\/div>\n\n<\/div><\/div><div class=\"block-container mt-8 px-4 xl:max-w-7xl xl:mx-auto\"><div class=\"block-container__inner has-text text-black has-bg bg-brandLightGreen padding-small heading-helvetica heading-small is-rounded\">\n\n<div data-wp-context=\"{ &quot;autoclose&quot;: false, &quot;accordionItems&quot;: [] }\" data-wp-interactive=\"core\/accordion\" role=\"group\" class=\"wp-block-accordion mx-auto xl:max-w-7xl is-layout-flow wp-block-accordion-is-layout-flow\">\n<div data-wp-class--is-open=\"state.isOpen\" data-wp-context=\"{ &quot;id&quot;: &quot;accordion-item-3&quot;, &quot;openByDefault&quot;: false }\" data-wp-init=\"callbacks.initAccordionItems\" data-wp-on-window--hashchange=\"callbacks.hashChange\" class=\"wp-block-accordion-item mx-auto xl:max-w-7xl is-layout-flow wp-block-accordion-item-is-layout-flow\">\n<h3 class=\"wp-block-accordion-heading mx-auto xl:max-w-7xl\"><button aria-expanded=\"false\" aria-controls=\"accordion-item-3-panel\" data-wp-bind--aria-expanded=\"state.isOpen\" data-wp-on--click=\"actions.toggle\" data-wp-on--keydown=\"actions.handleKeyDown\" id=\"accordion-item-3\" class=\"wp-block-accordion-heading__toggle\" style=\"padding-right:var(--wp--preset--spacing--50);padding-left:var(--wp--preset--spacing--50)\"><span class=\"wp-block-accordion-heading__toggle-title\">Why we don&#8217;t support the proposal<\/span><span class=\"wp-block-accordion-heading__toggle-icon\" aria-hidden=\"true\">+<\/span><\/button><\/h3>\n\n\n\n<div inert aria-labelledby=\"accordion-item-3\" data-wp-bind--inert=\"!state.isOpen\" id=\"accordion-item-3-panel\" role=\"region\" class=\"wp-block-accordion-panel mx-auto xl:max-w-7xl is-layout-flow wp-block-accordion-panel-is-layout-flow\">\n<p style=\"padding-right:var(--wp--preset--spacing--50);padding-left:var(--wp--preset--spacing--50)\" class=\"mx-auto xl:max-w-7xl\">This is not about &#8220;defending&#8221; children who do wrong. Children who harm others must be taken care of immediately, and society must set boundaries and protect victims of crime. It&#8217;s about <em>how<\/em> you do it and what actually works.  <br\/><br\/>Unga \u00d6rnar does not support the proposal because:<br\/><br\/><strong>1. Prison doesn&#8217;t work for children<\/strong><br\/>Children&#8217;s brains are still developing. They think more impulsively, are more easily influenced by others, and do not understand consequences in the same way as adults. Prison-like environments are built for adults and harm children more than they contribute to security  <br\/><br\/><strong>2. Research says that children in prison feel worse and become more criminal<\/strong><br\/>International studies show the same thing: children who are deprived of their liberty early are at greater risk of getting stuck in crime.<br\/><br\/><strong>3. The real problem is that younger and younger children are being recruited by gangs<\/strong><br\/>It is not the lack of punishment that has created the development in Sweden, but that the gangs have become better at luring, deceiving, and exploiting children. To stop the crimes, you have to stop the recruitment, not lock up children after the damage has already been done.  <br\/><br\/><strong>4. There are better alternatives that actually work<\/strong><br\/>Children can already be forcibly taken into care and placed in locked treatment centers where they receive care, psychological support, and help to change. This protects both other children and the child themselves, and the risk of new crimes decreases. <br\/><br\/><strong>5. Children are always someone&#8217;s child<\/strong><br\/>Taking a child&#8217;s freedom is one of the most extreme interventions a society can make. Then you have to be absolutely sure that it helps, and research shows that depriving children of their liberty does more harm than good. <\/p>\n<\/div>\n<\/div>\n<\/div>\n\n<\/div><\/div><div class=\"block-container mt-8 px-4 xl:max-w-7xl xl:mx-auto\"><div class=\"block-container__inner has-text text-black has-bg bg-brandLightYellow padding-small heading-helvetica heading-small is-rounded\">\n\n<div data-wp-context=\"{ &quot;autoclose&quot;: false, &quot;accordionItems&quot;: [] }\" data-wp-interactive=\"core\/accordion\" role=\"group\" class=\"wp-block-accordion mx-auto xl:max-w-7xl is-layout-flow wp-block-accordion-is-layout-flow\">\n<div data-wp-class--is-open=\"state.isOpen\" data-wp-context=\"{ &quot;id&quot;: &quot;accordion-item-4&quot;, &quot;openByDefault&quot;: false }\" data-wp-init=\"callbacks.initAccordionItems\" data-wp-on-window--hashchange=\"callbacks.hashChange\" class=\"wp-block-accordion-item mx-auto xl:max-w-7xl is-layout-flow wp-block-accordion-item-is-layout-flow\">\n<h3 class=\"wp-block-accordion-heading mx-auto xl:max-w-7xl\"><button aria-expanded=\"false\" aria-controls=\"accordion-item-4-panel\" data-wp-bind--aria-expanded=\"state.isOpen\" data-wp-on--click=\"actions.toggle\" data-wp-on--keydown=\"actions.handleKeyDown\" id=\"accordion-item-4\" class=\"wp-block-accordion-heading__toggle\" style=\"padding-right:var(--wp--preset--spacing--50);padding-left:var(--wp--preset--spacing--50)\"><span class=\"wp-block-accordion-heading__toggle-title\">The solution<\/span><span class=\"wp-block-accordion-heading__toggle-icon\" aria-hidden=\"true\">+<\/span><\/button><\/h3>\n\n\n\n<div inert aria-labelledby=\"accordion-item-4\" data-wp-bind--inert=\"!state.isOpen\" id=\"accordion-item-4-panel\" role=\"region\" class=\"wp-block-accordion-panel mx-auto xl:max-w-7xl is-layout-flow wp-block-accordion-panel-is-layout-flow\">\n<div class=\"wp-block-group px-4 xl:max-w-7xl xl:mx-auto is-layout-flow wp-block-group-is-layout-flow\" style=\"padding-right:var(--wp--preset--spacing--50);padding-left:var(--wp--preset--spacing--50)\">\n<h3 class=\"wp-block-heading mx-auto xl:max-w-7xl\"><strong>1. Invest in children before something goes wrong<\/strong><\/h3>\n\n\n\n<p class=\"mx-auto xl:max-w-7xl\">This is the core. This is where security is built. Security is created where children are \u2013 in school, in their free time, at home. Not behind locked doors.    <\/p>\n\n\n\n<p class=\"mx-auto xl:max-w-7xl\"><strong>Strengthen the school<\/strong><br\/>Children who succeed in school are significantly less likely to be drawn into crime.<\/p>\n\n\n\n<ul class=\"wp-block-list mx-auto xl:max-w-7xl\">\n<li>&#8211; Smaller classes<\/li>\n\n\n\n<li>&#8211; More special education teachers<\/li>\n\n\n\n<li>&#8211; Safer school environments<\/li>\n\n\n\n<li>&#8211; Free breakfast and more adults on site<\/li>\n<\/ul>\n\n\n\n<p class=\"mx-auto xl:max-w-7xl\"><strong>Stop new recruitment<\/strong><br\/>It is not children who run the gangs, it is adults who recruit them.<\/p>\n\n\n\n<ul class=\"wp-block-list mx-auto xl:max-w-7xl\">\n<li>&#8211; Efforts targeted at recruiters<\/li>\n\n\n\n<li>&#8211; Support for families at risk<\/li>\n\n\n\n<li>&#8211; More cooperation between school\u2013social services\u2013police<\/li>\n<\/ul>\n\n\n\n<p class=\"mx-auto xl:max-w-7xl\"><strong>Leisure that gives hope for the future<\/strong><br\/>Children who get a place in associations, culture, and sports do better.<\/p>\n\n\n\n<ul class=\"wp-block-list mx-auto xl:max-w-7xl\">\n<li>&#8211; Free leisure activities.<\/li>\n\n\n\n<li>&#8211; Greater support for associations.<\/li>\n\n\n\n<li>&#8211; Easier to find activities after school.<\/li>\n<\/ul>\n\n\n\n<h3 class=\"wp-block-heading mx-auto xl:max-w-7xl\"><strong>2. Early interventions when the first warning signs appear<\/strong><\/h3>\n\n\n\n<p class=\"mx-auto xl:max-w-7xl\">The research is crystal clear: early, coordinated interventions make the biggest difference. Children who get help in time rarely need tougher measures later. <\/p>\n\n\n\n<p class=\"mx-auto xl:max-w-7xl\"><strong>Support for families<\/strong><br\/>Family support, parental support, and early social services contact reduce the risk of serious crime later.<\/p>\n\n\n\n<p class=\"mx-auto xl:max-w-7xl\"><strong>Mental health<\/strong><br\/>Child and Adolescent Psychiatry (BUP) and school health services need to be genuinely accessible.<\/p>\n\n\n\n<p class=\"mx-auto xl:max-w-7xl\"><strong>Social intervention teams<\/strong><br\/>When social services, schools, and the police make individual plans for children at risk, the risk of continued crime is greatly reduced.<\/p>\n\n\n\n<h3 class=\"wp-block-heading mx-auto xl:max-w-7xl\"><strong>3. When children have already committed crimes, secure but child-adapted alternatives to prison<\/strong><\/h3>\n\n\n\n<p class=\"mx-auto xl:max-w-7xl\">Children should not be left to fend for themselves. But they should not be put in prison. Children need care, treatment, and safe adults, not cells.  <\/p>\n\n\n\n<p class=\"mx-auto xl:max-w-7xl\"><strong>Locked HVB and SiS homes with a treatment focus<\/strong><br\/>Here, children can get structure, treatment, and education without the harmful effects that prisons have.<\/p>\n\n\n\n<p class=\"mx-auto xl:max-w-7xl\"><strong>Individualized care<\/strong><br\/>Children who commit crimes almost always carry trauma, vulnerability, or influence from adult criminals.<br\/><br\/>Treatment must match the child&#8217;s needs, not adult punishment logic.<\/p>\n\n\n\n<p class=\"mx-auto xl:max-w-7xl\"><strong>Continued schooling, always<\/strong><br\/>Studies have shown that continued schooling during placement is one of the strongest protective factors against relapse.<\/p>\n\n\n\n<h3 class=\"wp-block-heading mx-auto xl:max-w-7xl\"><strong>4. What works best, societies that invest in children<\/strong><\/h3>\n\n\n\n<p class=\"mx-auto xl:max-w-7xl\">International research says the same thing:<br\/><br\/><strong>Security is built by reducing the number of children who end up in gangs, not by punishing them harder when they are already there. Children are children. It is the adult world&#8217;s responsibility to ensure that they get to be that<\/strong><\/p>\n\n\n\n<ul class=\"wp-block-list mx-auto xl:max-w-7xl\">\n<li>&#8211; Early interventions and family support<\/li>\n\n\n\n<li>&#8211; Strong school<\/li>\n\n\n\n<li>&#8211; Reduced child poverty<\/li>\n\n\n\n<li>&#8211; Youth centers and associations<\/li>\n\n\n\n<li>&#8211; Access to summer jobs<\/li>\n\n\n\n<li>&#8211; Safe adults in children&#8217;s everyday lives<\/li>\n<\/ul>\n<\/div>\n\n\n\n<p class=\"mx-auto xl:max-w-7xl\"><\/p>\n<\/div>\n<\/div>\n<\/div>\n\n<\/div><\/div>\n<p class=\"mx-auto xl:max-w-7xl\"><\/p>\n","protected":false},"excerpt":{"rendered":"","protected":false},"author":5,"featured_media":0,"parent":14249,"menu_order":0,"comment_status":"closed","ping_status":"closed","template":"","meta":{"_acf_changed":false,"footnotes":""},"class_list":["post-14342","page","type-page","status-publish","hentry"],"acf":[],"yoast_head":"<!-- This site is optimized with the Yoast SEO plugin v27.4 - https:\/\/yoast.com\/product\/yoast-seo-wordpress\/ -->\n<title>No children in prison &#8211; Unga \u00d6rnar<\/title>\n<meta name=\"robots\" content=\"index, follow, max-snippet:-1, max-image-preview:large, max-video-preview:-1\" \/>\n<link rel=\"canonical\" href=\"https:\/\/ungaornar.se\/en\/prevention\/no-children-in-prison\/\" \/>\n<meta property=\"og:locale\" content=\"en_US\" \/>\n<meta property=\"og:type\" content=\"article\" \/>\n<meta property=\"og:title\" content=\"No children in prison &#8211; Unga \u00d6rnar\" \/>\n<meta property=\"og:url\" content=\"https:\/\/ungaornar.se\/en\/prevention\/no-children-in-prison\/\" \/>\n<meta property=\"og:site_name\" content=\"Unga \u00d6rnar\" \/>\n<meta property=\"article:publisher\" content=\"http:\/\/facebook.com\/ungaornar\/\" \/>\n<meta property=\"article:modified_time\" content=\"2026-01-19T11:44:26+00:00\" \/>\n<script type=\"application\/ld+json\" class=\"yoast-schema-graph\">{\"@context\":\"https:\\\/\\\/schema.org\",\"@graph\":[{\"@type\":\"WebPage\",\"@id\":\"https:\\\/\\\/ungaornar.se\\\/en\\\/prevention\\\/no-children-in-prison\\\/\",\"url\":\"https:\\\/\\\/ungaornar.se\\\/en\\\/prevention\\\/no-children-in-prison\\\/\",\"name\":\"No children in prison &#8211; Unga \u00d6rnar\",\"isPartOf\":{\"@id\":\"https:\\\/\\\/ungaornar.se\\\/en\\\/#website\"},\"datePublished\":\"2026-01-14T11:05:58+00:00\",\"dateModified\":\"2026-01-19T11:44:26+00:00\",\"breadcrumb\":{\"@id\":\"https:\\\/\\\/ungaornar.se\\\/en\\\/prevention\\\/no-children-in-prison\\\/#breadcrumb\"},\"inLanguage\":\"en-US\",\"potentialAction\":[{\"@type\":\"ReadAction\",\"target\":[\"https:\\\/\\\/ungaornar.se\\\/en\\\/prevention\\\/no-children-in-prison\\\/\"]}]},{\"@type\":\"BreadcrumbList\",\"@id\":\"https:\\\/\\\/ungaornar.se\\\/en\\\/prevention\\\/no-children-in-prison\\\/#breadcrumb\",\"itemListElement\":[{\"@type\":\"ListItem\",\"position\":1,\"name\":\"Hem\",\"item\":\"https:\\\/\\\/ungaornar.se\\\/en\\\/\"},{\"@type\":\"ListItem\",\"position\":2,\"name\":\"Prevention\",\"item\":\"https:\\\/\\\/ungaornar.se\\\/en\\\/prevention\\\/\"},{\"@type\":\"ListItem\",\"position\":3,\"name\":\"No children in prison\"}]},{\"@type\":\"WebSite\",\"@id\":\"https:\\\/\\\/ungaornar.se\\\/en\\\/#website\",\"url\":\"https:\\\/\\\/ungaornar.se\\\/en\\\/\",\"name\":\"Unga \u00d6rnar\",\"description\":\"J\u00e4mlika barn leka b\u00e4st!\",\"alternateName\":\"Unga \u00d6rnars Riksf\u00f6rbund\",\"potentialAction\":[{\"@type\":\"SearchAction\",\"target\":{\"@type\":\"EntryPoint\",\"urlTemplate\":\"https:\\\/\\\/ungaornar.se\\\/en\\\/?s={search_term_string}\"},\"query-input\":{\"@type\":\"PropertyValueSpecification\",\"valueRequired\":true,\"valueName\":\"search_term_string\"}}],\"inLanguage\":\"en-US\"}]}<\/script>\n<!-- \/ Yoast SEO plugin. -->","yoast_head_json":{"title":"No children in prison &#8211; Unga \u00d6rnar","robots":{"index":"index","follow":"follow","max-snippet":"max-snippet:-1","max-image-preview":"max-image-preview:large","max-video-preview":"max-video-preview:-1"},"canonical":"https:\/\/ungaornar.se\/en\/prevention\/no-children-in-prison\/","og_locale":"en_US","og_type":"article","og_title":"No children in prison &#8211; Unga \u00d6rnar","og_url":"https:\/\/ungaornar.se\/en\/prevention\/no-children-in-prison\/","og_site_name":"Unga \u00d6rnar","article_publisher":"http:\/\/facebook.com\/ungaornar\/","article_modified_time":"2026-01-19T11:44:26+00:00","schema":{"@context":"https:\/\/schema.org","@graph":[{"@type":"WebPage","@id":"https:\/\/ungaornar.se\/en\/prevention\/no-children-in-prison\/","url":"https:\/\/ungaornar.se\/en\/prevention\/no-children-in-prison\/","name":"No children in prison &#8211; Unga \u00d6rnar","isPartOf":{"@id":"https:\/\/ungaornar.se\/en\/#website"},"datePublished":"2026-01-14T11:05:58+00:00","dateModified":"2026-01-19T11:44:26+00:00","breadcrumb":{"@id":"https:\/\/ungaornar.se\/en\/prevention\/no-children-in-prison\/#breadcrumb"},"inLanguage":"en-US","potentialAction":[{"@type":"ReadAction","target":["https:\/\/ungaornar.se\/en\/prevention\/no-children-in-prison\/"]}]},{"@type":"BreadcrumbList","@id":"https:\/\/ungaornar.se\/en\/prevention\/no-children-in-prison\/#breadcrumb","itemListElement":[{"@type":"ListItem","position":1,"name":"Hem","item":"https:\/\/ungaornar.se\/en\/"},{"@type":"ListItem","position":2,"name":"Prevention","item":"https:\/\/ungaornar.se\/en\/prevention\/"},{"@type":"ListItem","position":3,"name":"No children in prison"}]},{"@type":"WebSite","@id":"https:\/\/ungaornar.se\/en\/#website","url":"https:\/\/ungaornar.se\/en\/","name":"Unga \u00d6rnar","description":"J\u00e4mlika barn leka b\u00e4st!","alternateName":"Unga \u00d6rnars Riksf\u00f6rbund","potentialAction":[{"@type":"SearchAction","target":{"@type":"EntryPoint","urlTemplate":"https:\/\/ungaornar.se\/en\/?s={search_term_string}"},"query-input":{"@type":"PropertyValueSpecification","valueRequired":true,"valueName":"search_term_string"}}],"inLanguage":"en-US"}]}},"_links":{"self":[{"href":"https:\/\/ungaornar.se\/en\/wp-json\/wp\/v2\/pages\/14342","targetHints":{"allow":["GET"]}}],"collection":[{"href":"https:\/\/ungaornar.se\/en\/wp-json\/wp\/v2\/pages"}],"about":[{"href":"https:\/\/ungaornar.se\/en\/wp-json\/wp\/v2\/types\/page"}],"author":[{"embeddable":true,"href":"https:\/\/ungaornar.se\/en\/wp-json\/wp\/v2\/users\/5"}],"replies":[{"embeddable":true,"href":"https:\/\/ungaornar.se\/en\/wp-json\/wp\/v2\/comments?post=14342"}],"version-history":[{"count":1,"href":"https:\/\/ungaornar.se\/en\/wp-json\/wp\/v2\/pages\/14342\/revisions"}],"predecessor-version":[{"id":14343,"href":"https:\/\/ungaornar.se\/en\/wp-json\/wp\/v2\/pages\/14342\/revisions\/14343"}],"up":[{"embeddable":true,"href":"https:\/\/ungaornar.se\/en\/wp-json\/wp\/v2\/pages\/14249"}],"wp:attachment":[{"href":"https:\/\/ungaornar.se\/en\/wp-json\/wp\/v2\/media?parent=14342"}],"curies":[{"name":"wp","href":"https:\/\/api.w.org\/{rel}","templated":true}]}}