{"id":14344,"date":"2026-01-14T12:20:14","date_gmt":"2026-01-14T11:20:14","guid":{"rendered":"https:\/\/ungaornar.se\/work-with-us\/"},"modified":"2026-01-19T12:44:26","modified_gmt":"2026-01-19T11:44:26","slug":"work-with-us","status":"publish","type":"page","link":"https:\/\/ungaornar.se\/en\/work-with-us\/","title":{"rendered":"Work with us"},"content":{"rendered":"<div class=\"block-container w-full px-4\"><div class=\"block-container__inner has-bg bg-brandRed padding-xl heading-barnsligt heading-large is-rounded\">\n<h2 class=\"has-text-align-center wp-block-post-title\">Work with us<\/h2>\n<\/div><\/div><div class=\"latest-news mt-8 px-4 xl:max-w-7xl xl:mx-auto\"><\/div>\n<div class=\"wp-block-columns mt-8 w-full px-4 is-layout-flex wp-container-core-columns-is-layout-28f84493 wp-block-columns-is-layout-flex\">\n<div class=\"wp-block-column mx-auto xl:max-w-7xl is-layout-flow wp-block-column-is-layout-flow\"><div class=\"block-container mx-auto xl:max-w-7xl\"><div class=\"block-container__inner has-bg bg-brandDarkBlue padding-small heading-helvetica heading-small is-rounded\">\n<div class=\"banner mx-auto xl:max-w-7xl\">      <div class=\"banner\">\n        <div class=\"banner__inner is-portrait no-image\">\n\n          \n          <div class=\"banner__content\">\n                          <h2 class=\"banner__heading\">About us<\/h2>\n            \n                          <div class=\"banner__text\">\n                <p>We are an organization where children, young people, and adults fight for children&#8217;s rights. We want to create a society where all children and young people have meaningful, fun, and safe leisure time, as well as an equal childhood.<\/p>\n              <\/div>\n            \n                          <div class=\"banner__cta\">\n                <a\n                  class=\"banner__link\"\n                  href=\"https:\/\/ungaornar.se\/om-unga-ornar\/\"\n                  target=\"\"\n                                  >\n                  About Unga \u00d6rnar                <\/a>\n              <\/div>\n                      <\/div>\n\n        <\/div>\n      <\/div>\n    <\/div>\n<\/div><\/div><\/div>\n\n\n\n<div class=\"wp-block-column mx-auto xl:max-w-7xl is-layout-flow wp-block-column-is-layout-flow\"><div class=\"block-container mx-auto xl:max-w-7xl\"><div class=\"block-container__inner has-bg bg-brandDarkGreen padding-small heading-helvetica heading-small is-rounded\">\n<div class=\"banner mx-auto xl:max-w-7xl\">      <div class=\"banner\">\n        <div class=\"banner__inner is-portrait no-image\">\n\n          \n          <div class=\"banner__content\">\n                          <h2 class=\"banner__heading\">What we do<\/h2>\n            \n                          <div class=\"banner__text\">\n                <p>We have activities all around Sweden! We have camps, craft groups, and other fun leisure activities for children and young people. Under &#8220;Find us here&#8221; you can see where Unga \u00d6rnar is located in the country!<\/p>\n              <\/div>\n            \n                          <div class=\"banner__cta\">\n                <a\n                  class=\"banner__link\"\n                  href=\"https:\/\/ungaornar.se\/var-verksamhet\/\"\n                  target=\"\"\n                                  >\n                  Our activities                <\/a>\n              <\/div>\n                      <\/div>\n\n        <\/div>\n      <\/div>\n    <\/div>\n<\/div><\/div><\/div>\n\n\n\n<div class=\"wp-block-column mx-auto xl:max-w-7xl is-layout-flow wp-block-column-is-layout-flow\"><div class=\"block-container mx-auto xl:max-w-7xl\"><div class=\"block-container__inner has-bg bg-brandDarkYellow padding-small heading-helvetica heading-small is-rounded\">\n<div class=\"banner mx-auto xl:max-w-7xl\">      <div class=\"banner\">\n        <div class=\"banner__inner is-portrait no-image\">\n\n          \n          <div class=\"banner__content\">\n                          <h2 class=\"banner__heading\">Our opinions<\/h2>\n            \n                          <div class=\"banner__text\">\n                <p>We fight to ensure that all children in Sweden and the world are doing well. We believe that adults need to be better at listening to children and young people and that they should be involved in decision-making!<\/p>\n              <\/div>\n            \n                          <div class=\"banner__cta\">\n                <a\n                  class=\"banner__link\"\n                  href=\"https:\/\/ungaornar.se\/vara-asikter\/\"\n                  target=\"\"\n                                  >\n                  Our opinions                <\/a>\n              <\/div>\n                      <\/div>\n\n        <\/div>\n      <\/div>\n    <\/div>\n<\/div><\/div><\/div>\n<\/div>\n\n<p class=\"mx-auto xl:max-w-7xl\"><\/p>\n","protected":false},"excerpt":{"rendered":"","protected":false},"author":5,"featured_media":0,"parent":0,"menu_order":0,"comment_status":"closed","ping_status":"closed","template":"","meta":{"_acf_changed":false,"footnotes":""},"class_list":["post-14344","page","type-page","status-publish","hentry"],"acf":[],"yoast_head":"<!-- This site is optimized with the Yoast SEO plugin v27.4 - https:\/\/yoast.com\/product\/yoast-seo-wordpress\/ -->\n<title>Work with us &#8211; Unga \u00d6rnar<\/title>\n<meta name=\"robots\" content=\"index, follow, max-snippet:-1, max-image-preview:large, max-video-preview:-1\" \/>\n<link rel=\"canonical\" href=\"https:\/\/ungaornar.se\/en\/work-with-us\/\" \/>\n<meta property=\"og:locale\" content=\"en_US\" \/>\n<meta property=\"og:type\" content=\"article\" \/>\n<meta property=\"og:title\" content=\"Work with us &#8211; Unga \u00d6rnar\" \/>\n<meta property=\"og:url\" content=\"https:\/\/ungaornar.se\/en\/work-with-us\/\" \/>\n<meta property=\"og:site_name\" content=\"Unga \u00d6rnar\" \/>\n<meta property=\"article:publisher\" content=\"http:\/\/facebook.com\/ungaornar\/\" \/>\n<meta property=\"article:modified_time\" content=\"2026-01-19T11:44:26+00:00\" \/>\n<script type=\"application\/ld+json\" class=\"yoast-schema-graph\">{\"@context\":\"https:\\\/\\\/schema.org\",\"@graph\":[{\"@type\":\"WebPage\",\"@id\":\"https:\\\/\\\/ungaornar.se\\\/en\\\/work-with-us\\\/\",\"url\":\"https:\\\/\\\/ungaornar.se\\\/en\\\/work-with-us\\\/\",\"name\":\"Work with us &#8211; Unga \u00d6rnar\",\"isPartOf\":{\"@id\":\"https:\\\/\\\/ungaornar.se\\\/en\\\/#website\"},\"datePublished\":\"2026-01-14T11:20:14+00:00\",\"dateModified\":\"2026-01-19T11:44:26+00:00\",\"breadcrumb\":{\"@id\":\"https:\\\/\\\/ungaornar.se\\\/en\\\/work-with-us\\\/#breadcrumb\"},\"inLanguage\":\"en-US\",\"potentialAction\":[{\"@type\":\"ReadAction\",\"target\":[\"https:\\\/\\\/ungaornar.se\\\/en\\\/work-with-us\\\/\"]}]},{\"@type\":\"BreadcrumbList\",\"@id\":\"https:\\\/\\\/ungaornar.se\\\/en\\\/work-with-us\\\/#breadcrumb\",\"itemListElement\":[{\"@type\":\"ListItem\",\"position\":1,\"name\":\"Hem\",\"item\":\"https:\\\/\\\/ungaornar.se\\\/en\\\/\"},{\"@type\":\"ListItem\",\"position\":2,\"name\":\"Work with us\"}]},{\"@type\":\"WebSite\",\"@id\":\"https:\\\/\\\/ungaornar.se\\\/en\\\/#website\",\"url\":\"https:\\\/\\\/ungaornar.se\\\/en\\\/\",\"name\":\"Unga \u00d6rnar\",\"description\":\"J\u00e4mlika barn leka b\u00e4st!\",\"alternateName\":\"Unga \u00d6rnars Riksf\u00f6rbund\",\"potentialAction\":[{\"@type\":\"SearchAction\",\"target\":{\"@type\":\"EntryPoint\",\"urlTemplate\":\"https:\\\/\\\/ungaornar.se\\\/en\\\/?s={search_term_string}\"},\"query-input\":{\"@type\":\"PropertyValueSpecification\",\"valueRequired\":true,\"valueName\":\"search_term_string\"}}],\"inLanguage\":\"en-US\"}]}<\/script>\n<!-- \/ Yoast SEO plugin. -->","yoast_head_json":{"title":"Work with us &#8211; Unga \u00d6rnar","robots":{"index":"index","follow":"follow","max-snippet":"max-snippet:-1","max-image-preview":"max-image-preview:large","max-video-preview":"max-video-preview:-1"},"canonical":"https:\/\/ungaornar.se\/en\/work-with-us\/","og_locale":"en_US","og_type":"article","og_title":"Work with us &#8211; Unga \u00d6rnar","og_url":"https:\/\/ungaornar.se\/en\/work-with-us\/","og_site_name":"Unga \u00d6rnar","article_publisher":"http:\/\/facebook.com\/ungaornar\/","article_modified_time":"2026-01-19T11:44:26+00:00","schema":{"@context":"https:\/\/schema.org","@graph":[{"@type":"WebPage","@id":"https:\/\/ungaornar.se\/en\/work-with-us\/","url":"https:\/\/ungaornar.se\/en\/work-with-us\/","name":"Work with us &#8211; Unga \u00d6rnar","isPartOf":{"@id":"https:\/\/ungaornar.se\/en\/#website"},"datePublished":"2026-01-14T11:20:14+00:00","dateModified":"2026-01-19T11:44:26+00:00","breadcrumb":{"@id":"https:\/\/ungaornar.se\/en\/work-with-us\/#breadcrumb"},"inLanguage":"en-US","potentialAction":[{"@type":"ReadAction","target":["https:\/\/ungaornar.se\/en\/work-with-us\/"]}]},{"@type":"BreadcrumbList","@id":"https:\/\/ungaornar.se\/en\/work-with-us\/#breadcrumb","itemListElement":[{"@type":"ListItem","position":1,"name":"Hem","item":"https:\/\/ungaornar.se\/en\/"},{"@type":"ListItem","position":2,"name":"Work with us"}]},{"@type":"WebSite","@id":"https:\/\/ungaornar.se\/en\/#website","url":"https:\/\/ungaornar.se\/en\/","name":"Unga \u00d6rnar","description":"J\u00e4mlika barn leka b\u00e4st!","alternateName":"Unga \u00d6rnars Riksf\u00f6rbund","potentialAction":[{"@type":"SearchAction","target":{"@type":"EntryPoint","urlTemplate":"https:\/\/ungaornar.se\/en\/?s={search_term_string}"},"query-input":{"@type":"PropertyValueSpecification","valueRequired":true,"valueName":"search_term_string"}}],"inLanguage":"en-US"}]}},"_links":{"self":[{"href":"https:\/\/ungaornar.se\/en\/wp-json\/wp\/v2\/pages\/14344","targetHints":{"allow":["GET"]}}],"collection":[{"href":"https:\/\/ungaornar.se\/en\/wp-json\/wp\/v2\/pages"}],"about":[{"href":"https:\/\/ungaornar.se\/en\/wp-json\/wp\/v2\/types\/page"}],"author":[{"embeddable":true,"href":"https:\/\/ungaornar.se\/en\/wp-json\/wp\/v2\/users\/5"}],"replies":[{"embeddable":true,"href":"https:\/\/ungaornar.se\/en\/wp-json\/wp\/v2\/comments?post=14344"}],"version-history":[{"count":1,"href":"https:\/\/ungaornar.se\/en\/wp-json\/wp\/v2\/pages\/14344\/revisions"}],"predecessor-version":[{"id":14345,"href":"https:\/\/ungaornar.se\/en\/wp-json\/wp\/v2\/pages\/14344\/revisions\/14345"}],"wp:attachment":[{"href":"https:\/\/ungaornar.se\/en\/wp-json\/wp\/v2\/media?parent=14344"}],"curies":[{"name":"wp","href":"https:\/\/api.w.org\/{rel}","templated":true}]}}