{"id":14512,"date":"2026-01-13T10:04:14","date_gmt":"2026-01-13T09:04:14","guid":{"rendered":"https:\/\/ungaornar.se\/demokrati\/"},"modified":"2026-02-04T22:57:49","modified_gmt":"2026-02-04T21:57:49","slug":"demokrati","status":"publish","type":"page","link":"https:\/\/ungaornar.se\/sv-barn\/demokrati\/","title":{"rendered":"Demokrati"},"content":{"rendered":"<div class=\"hero w-full height-medium\">      <section class=\"hero-inner is-center\">\n        <img decoding=\"async\" class=\"hero-media\" src=\"https:\/\/ungaornar.se\/wp-content\/uploads\/2026\/01\/Demokrati.jpg\" alt=\"\" loading=\"lazy\" \/>        <div class=\"hero-overlay\" aria-hidden=\"true\"><\/div>\n\n        <div class=\"hero-content\">\n          <div class=\"hero-text\">\n                          <h1 class=\"hero-heading\">Demokrati<\/h1>\n                                  <\/div>\n        <\/div>\n\n              <\/section>\n    <\/div>\n\n<div class=\"block-container mt-8 mx-auto xl:max-w-7xl\"><div class=\"block-container__inner padding-small heading-barnsligt heading-large\">\n\n<div class=\"wp-block-columns mx-auto xl:max-w-7xl is-layout-flex wp-container-core-columns-is-layout-28f84493 wp-block-columns-is-layout-flex\">\n<div class=\"wp-block-column mx-auto xl:max-w-7xl is-layout-flow wp-block-column-is-layout-flow\"><div class=\"block-container mx-auto xl:max-w-7xl\"><div class=\"block-container__inner has-bg bg-brandRed padding-small heading-barnsligt heading-medium is-rounded\">\n\n<h2 class=\"wp-block-heading has-brand-red-color has-white-background-color has-text-color has-background has-link-color mx-auto xl:max-w-7xl wp-elements-bf539c1e1e7948ef0314ca8a7ad34799\">Skriv en motion<\/h2>\n\n\n<div class=\"banner mx-auto xl:max-w-7xl\">      <div class=\"banner\">\n        <div class=\"banner__inner no-image\">\n\n          \n          <div class=\"banner__content\">\n            \n                          <div class=\"banner__text\">\n                <p>En motion \u00e4r ett f\u00f6rslag om f\u00f6r\u00e4ndring. I en motion skriver du vad du vill \u00e4ndra och varf\u00f6r.<\/p>\n              <\/div>\n            \n                          <div class=\"banner__cta\">\n                <a\n                  class=\"banner__link\"\n                  href=\"https:\/\/ungaornar.se\/demokrati\/motion\/\"\n                  target=\"\"\n                                  >\n                  Skriv en motion                <\/a>\n              <\/div>\n                      <\/div>\n\n        <\/div>\n      <\/div>\n    <\/div>\n<\/div><\/div><\/div>\n\n\n\n<div class=\"wp-block-column mx-auto xl:max-w-7xl is-layout-flow wp-block-column-is-layout-flow\"><div class=\"block-container mx-auto xl:max-w-7xl\"><div class=\"block-container__inner has-bg bg-brandRed padding-small heading-barnsligt heading-medium is-rounded\">\n\n<h2 class=\"wp-block-heading has-brand-red-color has-white-background-color has-text-color has-background has-link-color mx-auto xl:max-w-7xl wp-elements-fad2a632b6bafd3cb8c3abe87be42815\">Barnkonventionen<\/h2>\n\n\n<div class=\"banner mx-auto xl:max-w-7xl\">      <div class=\"banner\">\n        <div class=\"banner__inner no-image\">\n\n          \n          <div class=\"banner__content\">\n            \n                          <div class=\"banner__text\">\n                <p>Barnkonventionen skyddar barns r\u00e4ttigheter. Den g\u00e4ller alla barn, oavsett bakgrund, och s\u00e4ger att barn ska bli behandlade med respekt och f\u00e5 s\u00e4ga vad de tycker.<\/p>\n              <\/div>\n            \n                          <div class=\"banner__cta\">\n                <a\n                  class=\"banner__link\"\n                  href=\"https:\/\/ungaornar.se\/demokrati\/barnkonventionen\/\"\n                  target=\"\"\n                                  >\n                  L\u00e4s Barnkonventionen                <\/a>\n              <\/div>\n                      <\/div>\n\n        <\/div>\n      <\/div>\n    <\/div>\n<\/div><\/div><\/div>\n<\/div>\n\n<\/div><\/div>\n\n<div class=\"latest-news px-4 xl:max-w-7xl xl:mx-auto\"><\/div>\n\n<div class=\"block-container mt-8 px-4 xl:max-w-7xl xl:mx-auto\"><div class=\"block-container__inner has-text text-black has-bg bg-brandLightYellow padding-small heading-barnsligt heading-large is-rounded\">\n\n<h2 class=\"wp-block-heading has-brand-dark-yellow-color has-white-background-color has-text-color has-background has-link-color mx-auto xl:max-w-7xl wp-elements-4e6e80d9261d609c09a0d14245ad4752\">S\u00e5 funkar demokratin i Unga \u00d6rnar<\/h2>\n\n\n<p>[uo_struktur]<\/p>\n\n<\/div><\/div>\n\n<div class=\"block-container mt-8 px-4 xl:max-w-7xl xl:mx-auto\"><div class=\"block-container__inner has-text text-black has-bg bg-brandLightYellow padding-small heading-barnsligt heading-large is-rounded\">\n<div class=\"banner w-full px-4\">      <div class=\"banner\">\n        <div class=\"banner__inner has-image\">\n\n                      <div class=\"banner__media aspect-square overflow-hidden\">\n              <img\n                class=\"h-full w-full object-cover\"\n                src=\"https:\/\/ungaornar.se\/wp-content\/uploads\/2026\/01\/Demokrati-1.png\"\n                alt=\"\"\n                loading=\"lazy\"\n                decoding=\"async\"\n              \/>\n            <\/div>\n          \n          <div class=\"banner__content\">\n                          <h2 class=\"banner__heading\">Demokrati b\u00f6rjar med barn<\/h2>\n            \n                          <div class=\"banner__text\">\n                <p>Demokrati b\u00f6rjar tidigt, n\u00e4r barn f\u00e5r s\u00e4ga vad de tycker och bli lyssnade p\u00e5. Unga \u00d6rnar jobbar med demokrati varje dag och ger barn och unga inflytande \u00f6ver sin vardag och framtid.  <\/p>\n<p>Barn och unga \u00e4r medborgare redan i dag. M\u00e5nga beslut p\u00e5verkar dem, men de har ofta liten makt. D\u00e4rf\u00f6r jobbar vi f\u00f6r att ge barn och unga mer inflytande.<\/p>\n<p>Vi tycker att barn ska f\u00e5 s\u00e4ga sin \u00e5sikt. Barn ska bli lyssnade p\u00e5. Barns tankar och id\u00e9er ska r\u00e4knas.<\/p>\n              <\/div>\n            \n                      <\/div>\n\n        <\/div>\n      <\/div>\n    <\/div>\n<\/div><\/div>\n\n<div class=\"block-container mt-8 px-4 xl:max-w-7xl xl:mx-auto\"><div class=\"block-container__inner has-text text-black has-bg bg-brandLightBlue padding-small heading-barnsligt heading-large is-rounded\">\n<div class=\"banner w-full px-4\">      <div class=\"banner\">\n        <div class=\"banner__inner has-image\">\n\n                      <div class=\"banner__media aspect-square overflow-hidden\">\n              <img\n                class=\"h-full w-full object-cover\"\n                src=\"https:\/\/ungaornar.se\/wp-content\/uploads\/2026\/01\/Demokrati-2.png\"\n                alt=\"\"\n                loading=\"lazy\"\n                decoding=\"async\"\n              \/>\n            <\/div>\n          \n          <div class=\"banner__content\">\n                          <h2 class=\"banner__heading\">Inflytande i praktiken<\/h2>\n            \n                          <div class=\"banner__text\">\n                <p>Hos oss f\u00e5r barn och unga \u00f6va demokrati p\u00e5 riktigt genom att vara med och best\u00e4mma. De f\u00e5r s\u00e4ga vad de tycker och bli lyssnade p\u00e5.<\/p>\n<p>Vi vill att barns r\u00f6ster ska spela roll i samh\u00e4llet. D\u00e4rf\u00f6r jobbar vi f\u00f6r att vuxna ska lyssna, att barnets b\u00e4sta ska komma f\u00f6rst och att barns \u00e5sikter ska p\u00e5verka beslut.<\/p>\n              <\/div>\n            \n                      <\/div>\n\n        <\/div>\n      <\/div>\n    <\/div>\n<\/div><\/div>\n\n<div class=\"block-container mt-8 mx-auto xl:max-w-7xl\"><div class=\"block-container__inner has-text text-black has-bg bg-brandLightGreen padding-small heading-barnsligt heading-large is-rounded\">\n<div class=\"banner mt-8 px-4 xl:max-w-7xl xl:mx-auto\">      <div class=\"banner\">\n        <div class=\"banner__inner has-image\">\n\n                      <div class=\"banner__media aspect-square overflow-hidden\">\n              <img\n                class=\"h-full w-full object-cover\"\n                src=\"https:\/\/ungaornar.se\/wp-content\/uploads\/2026\/01\/Demokrati-3.png\"\n                alt=\"\"\n                loading=\"lazy\"\n                decoding=\"async\"\n              \/>\n            <\/div>\n          \n          <div class=\"banner__content\">\n                          <h2 class=\"banner__heading\">F\u00f6r att demokrati ska fungera m\u00e5ste det vara r\u00e4ttvist f\u00f6r alla.<\/h2>\n            \n                          <div class=\"banner__text\">\n                <p>Demokrati fungerar bara om alla barn k\u00e4nner sig trygga och kan vara med. D\u00e4rf\u00f6r jobbar vi b\u00e5de f\u00f6r r\u00e4ttvisa, mot barnfattigdom och f\u00f6r en trygg och rolig fritid f\u00f6r alla barn.<\/p>\n              <\/div>\n            \n                      <\/div>\n\n        <\/div>\n      <\/div>\n    <\/div>\n<\/div><\/div>","protected":false},"excerpt":{"rendered":"","protected":false},"author":5,"featured_media":0,"parent":0,"menu_order":0,"comment_status":"closed","ping_status":"closed","template":"","meta":{"_acf_changed":false,"footnotes":""},"class_list":["post-14512","page","type-page","status-publish","hentry"],"acf":[],"yoast_head":"<!-- This site is optimized with the Yoast SEO plugin v27.4 - https:\/\/yoast.com\/product\/yoast-seo-wordpress\/ -->\n<title>Demokrati &#8211; Unga \u00d6rnar<\/title>\n<meta name=\"description\" content=\"I Unga \u00d6rnar f\u00e5r barn och unga vara med och p\u00e5verka.De f\u00e5r s\u00e4ga vad de tycker och vara med och best\u00e4mma.Det \u00e4r demokrati p\u00e5 riktigt.\" \/>\n<meta name=\"robots\" content=\"index, follow, max-snippet:-1, max-image-preview:large, max-video-preview:-1\" \/>\n<link rel=\"canonical\" href=\"https:\/\/ungaornar.se\/sv-barn\/demokrati\/\" \/>\n<meta property=\"og:locale\" content=\"en_US\" \/>\n<meta property=\"og:type\" content=\"article\" \/>\n<meta property=\"og:title\" content=\"Demokrati &#8211; Unga \u00d6rnar\" \/>\n<meta property=\"og:description\" content=\"I Unga \u00d6rnar f\u00e5r barn och unga vara med och p\u00e5verka.De f\u00e5r s\u00e4ga vad de tycker och vara med och best\u00e4mma.Det \u00e4r demokrati p\u00e5 riktigt.\" \/>\n<meta property=\"og:url\" content=\"https:\/\/ungaornar.se\/sv-barn\/demokrati\/\" \/>\n<meta property=\"og:site_name\" content=\"Unga \u00d6rnar\" \/>\n<meta property=\"article:publisher\" content=\"http:\/\/facebook.com\/ungaornar\/\" \/>\n<meta property=\"article:modified_time\" content=\"2026-02-04T21:57:49+00:00\" \/>\n<script type=\"application\/ld+json\" class=\"yoast-schema-graph\">{\"@context\":\"https:\\\/\\\/schema.org\",\"@graph\":[{\"@type\":\"WebPage\",\"@id\":\"https:\\\/\\\/ungaornar.se\\\/sv-barn\\\/demokrati\\\/\",\"url\":\"https:\\\/\\\/ungaornar.se\\\/sv-barn\\\/demokrati\\\/\",\"name\":\"Demokrati &#8211; Unga \u00d6rnar\",\"isPartOf\":{\"@id\":\"https:\\\/\\\/ungaornar.se\\\/sv-barn\\\/#website\"},\"datePublished\":\"2026-01-13T09:04:14+00:00\",\"dateModified\":\"2026-02-04T21:57:49+00:00\",\"description\":\"I Unga \u00d6rnar f\u00e5r barn och unga vara med och p\u00e5verka.De f\u00e5r s\u00e4ga vad de tycker och vara med och best\u00e4mma.Det \u00e4r demokrati p\u00e5 riktigt.\",\"breadcrumb\":{\"@id\":\"https:\\\/\\\/ungaornar.se\\\/sv-barn\\\/demokrati\\\/#breadcrumb\"},\"inLanguage\":\"sv-SE-barn\",\"potentialAction\":[{\"@type\":\"ReadAction\",\"target\":[\"https:\\\/\\\/ungaornar.se\\\/sv-barn\\\/demokrati\\\/\"]}]},{\"@type\":\"BreadcrumbList\",\"@id\":\"https:\\\/\\\/ungaornar.se\\\/sv-barn\\\/demokrati\\\/#breadcrumb\",\"itemListElement\":[{\"@type\":\"ListItem\",\"position\":1,\"name\":\"Hem\",\"item\":\"https:\\\/\\\/ungaornar.se\\\/sv-barn\\\/\"},{\"@type\":\"ListItem\",\"position\":2,\"name\":\"Demokrati\"}]},{\"@type\":\"WebSite\",\"@id\":\"https:\\\/\\\/ungaornar.se\\\/sv-barn\\\/#website\",\"url\":\"https:\\\/\\\/ungaornar.se\\\/sv-barn\\\/\",\"name\":\"Unga \u00d6rnar\",\"description\":\"J\u00e4mlika barn leka b\u00e4st!\",\"alternateName\":\"Unga \u00d6rnars Riksf\u00f6rbund\",\"potentialAction\":[{\"@type\":\"SearchAction\",\"target\":{\"@type\":\"EntryPoint\",\"urlTemplate\":\"https:\\\/\\\/ungaornar.se\\\/sv-barn\\\/?s={search_term_string}\"},\"query-input\":{\"@type\":\"PropertyValueSpecification\",\"valueRequired\":true,\"valueName\":\"search_term_string\"}}],\"inLanguage\":\"sv-SE-barn\"}]}<\/script>\n<!-- \/ Yoast SEO plugin. -->","yoast_head_json":{"title":"Demokrati &#8211; Unga \u00d6rnar","description":"I Unga \u00d6rnar f\u00e5r barn och unga vara med och p\u00e5verka.De f\u00e5r s\u00e4ga vad de tycker och vara med och best\u00e4mma.Det \u00e4r demokrati p\u00e5 riktigt.","robots":{"index":"index","follow":"follow","max-snippet":"max-snippet:-1","max-image-preview":"max-image-preview:large","max-video-preview":"max-video-preview:-1"},"canonical":"https:\/\/ungaornar.se\/sv-barn\/demokrati\/","og_locale":"en_US","og_type":"article","og_title":"Demokrati &#8211; Unga \u00d6rnar","og_description":"I Unga \u00d6rnar f\u00e5r barn och unga vara med och p\u00e5verka.De f\u00e5r s\u00e4ga vad de tycker och vara med och best\u00e4mma.Det \u00e4r demokrati p\u00e5 riktigt.","og_url":"https:\/\/ungaornar.se\/sv-barn\/demokrati\/","og_site_name":"Unga \u00d6rnar","article_publisher":"http:\/\/facebook.com\/ungaornar\/","article_modified_time":"2026-02-04T21:57:49+00:00","schema":{"@context":"https:\/\/schema.org","@graph":[{"@type":"WebPage","@id":"https:\/\/ungaornar.se\/sv-barn\/demokrati\/","url":"https:\/\/ungaornar.se\/sv-barn\/demokrati\/","name":"Demokrati &#8211; Unga \u00d6rnar","isPartOf":{"@id":"https:\/\/ungaornar.se\/sv-barn\/#website"},"datePublished":"2026-01-13T09:04:14+00:00","dateModified":"2026-02-04T21:57:49+00:00","description":"I Unga \u00d6rnar f\u00e5r barn och unga vara med och p\u00e5verka.De f\u00e5r s\u00e4ga vad de tycker och vara med och best\u00e4mma.Det \u00e4r demokrati p\u00e5 riktigt.","breadcrumb":{"@id":"https:\/\/ungaornar.se\/sv-barn\/demokrati\/#breadcrumb"},"inLanguage":"sv-SE-barn","potentialAction":[{"@type":"ReadAction","target":["https:\/\/ungaornar.se\/sv-barn\/demokrati\/"]}]},{"@type":"BreadcrumbList","@id":"https:\/\/ungaornar.se\/sv-barn\/demokrati\/#breadcrumb","itemListElement":[{"@type":"ListItem","position":1,"name":"Hem","item":"https:\/\/ungaornar.se\/sv-barn\/"},{"@type":"ListItem","position":2,"name":"Demokrati"}]},{"@type":"WebSite","@id":"https:\/\/ungaornar.se\/sv-barn\/#website","url":"https:\/\/ungaornar.se\/sv-barn\/","name":"Unga \u00d6rnar","description":"J\u00e4mlika barn leka b\u00e4st!","alternateName":"Unga \u00d6rnars Riksf\u00f6rbund","potentialAction":[{"@type":"SearchAction","target":{"@type":"EntryPoint","urlTemplate":"https:\/\/ungaornar.se\/sv-barn\/?s={search_term_string}"},"query-input":{"@type":"PropertyValueSpecification","valueRequired":true,"valueName":"search_term_string"}}],"inLanguage":"sv-SE-barn"}]}},"_links":{"self":[{"href":"https:\/\/ungaornar.se\/sv-barn\/wp-json\/wp\/v2\/pages\/14512","targetHints":{"allow":["GET"]}}],"collection":[{"href":"https:\/\/ungaornar.se\/sv-barn\/wp-json\/wp\/v2\/pages"}],"about":[{"href":"https:\/\/ungaornar.se\/sv-barn\/wp-json\/wp\/v2\/types\/page"}],"author":[{"embeddable":true,"href":"https:\/\/ungaornar.se\/sv-barn\/wp-json\/wp\/v2\/users\/5"}],"replies":[{"embeddable":true,"href":"https:\/\/ungaornar.se\/sv-barn\/wp-json\/wp\/v2\/comments?post=14512"}],"version-history":[{"count":6,"href":"https:\/\/ungaornar.se\/sv-barn\/wp-json\/wp\/v2\/pages\/14512\/revisions"}],"predecessor-version":[{"id":14536,"href":"https:\/\/ungaornar.se\/sv-barn\/wp-json\/wp\/v2\/pages\/14512\/revisions\/14536"}],"wp:attachment":[{"href":"https:\/\/ungaornar.se\/sv-barn\/wp-json\/wp\/v2\/media?parent=14512"}],"curies":[{"name":"wp","href":"https:\/\/api.w.org\/{rel}","templated":true}]}}